{"id":2684,"date":"2026-01-21T16:09:23","date_gmt":"2026-01-21T15:09:23","guid":{"rendered":"https:\/\/werkcentrumzaanstreekwaterland.nl\/egitim\/"},"modified":"2026-01-22T12:14:58","modified_gmt":"2026-01-22T11:14:58","slug":"egitim","status":"publish","type":"page","link":"https:\/\/werkcentrumzaanstreekwaterland.nl\/tr\/egitim\/","title":{"rendered":"E\u011fitim"},"content":{"rendered":"<style>.kb-row-layout-id1969_106eac-d6 > .kt-row-column-wrap{align-content:start;}:where(.kb-row-layout-id1969_106eac-d6 > .kt-row-column-wrap) > .wp-block-kadence-column{justify-content:start;}.kb-row-layout-id1969_106eac-d6 > .kt-row-column-wrap{column-gap:var(--global-kb-gap-md, 2rem);row-gap:var(--global-kb-gap-md, 2rem);padding-top:var(--global-kb-spacing-sm, 1.5rem);padding-bottom:var(--global-kb-spacing-sm, 1.5rem);grid-template-columns:minmax(0, 1fr);}.kb-row-layout-id1969_106eac-d6 > .kt-row-layout-overlay{opacity:0.30;}@media all and (max-width: 1024px){.kb-row-layout-id1969_106eac-d6 > .kt-row-column-wrap{grid-template-columns:minmax(0, 1fr);}}@media all and (max-width: 767px){.kb-row-layout-id1969_106eac-d6 > .kt-row-column-wrap{grid-template-columns:minmax(0, 1fr);}}<\/style><div class=\"kb-row-layout-wrap kb-row-layout-id1969_106eac-d6 alignnone wp-block-kadence-rowlayout\"><div class=\"kt-row-column-wrap kt-has-1-columns kt-row-layout-equal kt-tab-layout-inherit kt-mobile-layout-row kt-row-valign-top\">\n<style>.kadence-column1969_ea469f-b7 > .kt-inside-inner-col,.kadence-column1969_ea469f-b7 > .kt-inside-inner-col:before{border-top-left-radius:0px;border-top-right-radius:0px;border-bottom-right-radius:0px;border-bottom-left-radius:0px;}.kadence-column1969_ea469f-b7 > .kt-inside-inner-col{column-gap:var(--global-kb-gap-sm, 1rem);}.kadence-column1969_ea469f-b7 > .kt-inside-inner-col{flex-direction:column;}.kadence-column1969_ea469f-b7 > .kt-inside-inner-col > .aligncenter{width:100%;}.kadence-column1969_ea469f-b7 > .kt-inside-inner-col:before{opacity:0.3;}.kadence-column1969_ea469f-b7{position:relative;}@media all and (max-width: 1024px){.kadence-column1969_ea469f-b7 > .kt-inside-inner-col{flex-direction:column;justify-content:center;}}@media all and (max-width: 767px){.kadence-column1969_ea469f-b7 > .kt-inside-inner-col{flex-direction:column;justify-content:center;}}<\/style>\n<div class=\"wp-block-kadence-column kadence-column1969_ea469f-b7\"><div class=\"kt-inside-inner-col\"><style>.wp-block-kadence-advancedheading.kt-adv-heading1969_78d875-df, .wp-block-kadence-advancedheading.kt-adv-heading1969_78d875-df[data-kb-block=\"kb-adv-heading1969_78d875-df\"]{font-style:normal;}.wp-block-kadence-advancedheading.kt-adv-heading1969_78d875-df mark.kt-highlight, .wp-block-kadence-advancedheading.kt-adv-heading1969_78d875-df[data-kb-block=\"kb-adv-heading1969_78d875-df\"] mark.kt-highlight{font-style:normal;color:#f76a0c;-webkit-box-decoration-break:clone;box-decoration-break:clone;padding-top:0px;padding-right:0px;padding-bottom:0px;padding-left:0px;}.wp-block-kadence-advancedheading.kt-adv-heading1969_78d875-df img.kb-inline-image, .wp-block-kadence-advancedheading.kt-adv-heading1969_78d875-df[data-kb-block=\"kb-adv-heading1969_78d875-df\"] img.kb-inline-image{width:150px;vertical-align:baseline;}<\/style>\n<h2 class=\"kt-adv-heading1969_78d875-df wp-block-kadence-advancedheading\" data-kb-block=\"kb-adv-heading1969_78d875-df\">\u0130\u015fe al\u0131m ve e\u015fle\u015ftirme<\/h2>\n\n\n\n<p>Okulunuza ve\/veya y\u00f6netim kurulunuza uygun, motivasyonu y\u00fcksek adaylar (kal\u0131c\u0131, ge\u00e7ici, yatay giri\u015fli ve destek personeli) buluyoruz.<\/p>\n\n\n<style>.wp-block-kadence-advancedheading.kt-adv-heading1969_36ba51-f4, .wp-block-kadence-advancedheading.kt-adv-heading1969_36ba51-f4[data-kb-block=\"kb-adv-heading1969_36ba51-f4\"]{font-style:normal;}.wp-block-kadence-advancedheading.kt-adv-heading1969_36ba51-f4 mark.kt-highlight, .wp-block-kadence-advancedheading.kt-adv-heading1969_36ba51-f4[data-kb-block=\"kb-adv-heading1969_36ba51-f4\"] mark.kt-highlight{font-style:normal;color:#f76a0c;-webkit-box-decoration-break:clone;box-decoration-break:clone;padding-top:0px;padding-right:0px;padding-bottom:0px;padding-left:0px;}.wp-block-kadence-advancedheading.kt-adv-heading1969_36ba51-f4 img.kb-inline-image, .wp-block-kadence-advancedheading.kt-adv-heading1969_36ba51-f4[data-kb-block=\"kb-adv-heading1969_36ba51-f4\"] img.kb-inline-image{width:150px;vertical-align:baseline;}<\/style>\n<h2 class=\"kt-adv-heading1969_36ba51-f4 wp-block-kadence-advancedheading\" data-kb-block=\"kb-adv-heading1969_36ba51-f4\">B\u00f6lgesel ba\u011flay\u0131c\u0131<\/h2>\n\n\n\n<p>\u00c7al\u0131\u015fma Merkezi, okullar\u0131, belediyeleri, UWV&#8217;yi ve e\u011fitmenleri bir araya getirerek e\u011fitimdeki personel eksikli\u011fini gidermek i\u00e7in birlikte \u00e7al\u0131\u015fmalar\u0131n\u0131 sa\u011flamaktad\u0131r. Hollands Noorden E\u011fitim B\u00f6lgesi ile i\u015fbirli\u011fi, \u00f6\u011fretim personelinin i\u015fe al\u0131nmas\u0131, yerle\u015ftirilmesi ve denetlenmesinin b\u00f6lgesel olarak kapsanmas\u0131n\u0131 sa\u011flar.<\/p>\n\n\n<style>.wp-block-kadence-advancedheading.kt-adv-heading1969_d6575d-1d, .wp-block-kadence-advancedheading.kt-adv-heading1969_d6575d-1d[data-kb-block=\"kb-adv-heading1969_d6575d-1d\"]{font-style:normal;}.wp-block-kadence-advancedheading.kt-adv-heading1969_d6575d-1d mark.kt-highlight, .wp-block-kadence-advancedheading.kt-adv-heading1969_d6575d-1d[data-kb-block=\"kb-adv-heading1969_d6575d-1d\"] mark.kt-highlight{font-style:normal;color:#f76a0c;-webkit-box-decoration-break:clone;box-decoration-break:clone;padding-top:0px;padding-right:0px;padding-bottom:0px;padding-left:0px;}.wp-block-kadence-advancedheading.kt-adv-heading1969_d6575d-1d img.kb-inline-image, .wp-block-kadence-advancedheading.kt-adv-heading1969_d6575d-1d[data-kb-block=\"kb-adv-heading1969_d6575d-1d\"] img.kb-inline-image{width:150px;vertical-align:baseline;}<\/style>\n<h2 class=\"kt-adv-heading1969_d6575d-1d wp-block-kadence-advancedheading\" data-kb-block=\"kb-adv-heading1969_d6575d-1d\">Yanal giri\u015f yapanlar\u0131n \u00f6n e\u011fitimi, tedariki ve haz\u0131rlanmas\u0131<\/h2>\n\n\n\n<p>E\u011fitim a\u011f\u0131 d\u0131\u015f\u0131ndaki adaylara ula\u015f\u0131yor, ilk taramay\u0131 sa\u011fl\u0131yor ve kendi yatay giri\u015f yollar\u0131na sahip okullara s\u0131cak bir transfer sa\u011fl\u0131yoruz  <\/p>\n<\/div><\/div>\n\n<\/div><\/div>","protected":false},"excerpt":{"rendered":"<p>\u0130\u015fe al\u0131m ve e\u015fle\u015ftirme Okulunuza ve\/veya y\u00f6netim kurulunuza uygun, motivasyonu y\u00fcksek adaylar (kal\u0131c\u0131, ge\u00e7ici, yatay giri\u015fli ve destek personeli) buluyoruz. B\u00f6lgesel ba\u011flay\u0131c\u0131 \u00c7al\u0131\u015fma Merkezi, okullar\u0131, belediyeleri, UWV&#8217;yi ve e\u011fitmenleri bir araya getirerek e\u011fitimdeki personel eksikli\u011fini gidermek i\u00e7in birlikte \u00e7al\u0131\u015fmalar\u0131n\u0131 sa\u011flamaktad\u0131r. Hollands Noorden E\u011fitim B\u00f6lgesi ile i\u015fbirli\u011fi, \u00f6\u011fretim personelinin i\u015fe al\u0131nmas\u0131, yerle\u015ftirilmesi ve denetlenmesinin b\u00f6lgesel olarak&#8230;<\/p>\n","protected":false},"author":1,"featured_media":0,"parent":0,"menu_order":0,"comment_status":"closed","ping_status":"closed","template":"","meta":{"_acf_changed":false,"_kad_blocks_custom_css":"","_kad_blocks_head_custom_js":"","_kad_blocks_body_custom_js":"","_kad_blocks_footer_custom_js":"","_kad_post_transparent":"","_kad_post_title":"","_kad_post_layout":"","_kad_post_sidebar_id":"","_kad_post_content_style":"","_kad_post_vertical_padding":"","_kad_post_feature":"","_kad_post_feature_position":"","_kad_post_header":false,"_kad_post_footer":false,"_kad_post_classname":"","footnotes":""},"class_list":["post-2684","page","type-page","status-publish","hentry"],"acf":[],"taxonomy_info":[],"featured_image_src_large":false,"author_info":{"display_name":"wijzijnmeo","author_link":"https:\/\/werkcentrumzaanstreekwaterland.nl\/tr\/author\/f74aa694a0e3b226\/"},"comment_info":0,"_links":{"self":[{"href":"https:\/\/werkcentrumzaanstreekwaterland.nl\/tr\/wp-json\/wp\/v2\/pages\/2684","targetHints":{"allow":["GET"]}}],"collection":[{"href":"https:\/\/werkcentrumzaanstreekwaterland.nl\/tr\/wp-json\/wp\/v2\/pages"}],"about":[{"href":"https:\/\/werkcentrumzaanstreekwaterland.nl\/tr\/wp-json\/wp\/v2\/types\/page"}],"author":[{"embeddable":true,"href":"https:\/\/werkcentrumzaanstreekwaterland.nl\/tr\/wp-json\/wp\/v2\/users\/1"}],"replies":[{"embeddable":true,"href":"https:\/\/werkcentrumzaanstreekwaterland.nl\/tr\/wp-json\/wp\/v2\/comments?post=2684"}],"version-history":[{"count":1,"href":"https:\/\/werkcentrumzaanstreekwaterland.nl\/tr\/wp-json\/wp\/v2\/pages\/2684\/revisions"}],"predecessor-version":[{"id":2685,"href":"https:\/\/werkcentrumzaanstreekwaterland.nl\/tr\/wp-json\/wp\/v2\/pages\/2684\/revisions\/2685"}],"wp:attachment":[{"href":"https:\/\/werkcentrumzaanstreekwaterland.nl\/tr\/wp-json\/wp\/v2\/media?parent=2684"}],"curies":[{"name":"wp","href":"https:\/\/api.w.org\/{rel}","templated":true}]}}