{"id":2368,"date":"2025-04-15T11:14:30","date_gmt":"2025-04-15T09:14:30","guid":{"rendered":"https:\/\/werkcentrumzaanstreekwaterland.nl\/is-arayanlar\/yeniden-egitim\/"},"modified":"2026-01-22T12:05:18","modified_gmt":"2026-01-22T11:05:18","slug":"yeniden-egitim","status":"publish","type":"page","link":"https:\/\/werkcentrumzaanstreekwaterland.nl\/tr\/is-arayanlar\/yeniden-egitim\/","title":{"rendered":"(Yeniden) E\u011fitim"},"content":{"rendered":"<style>.kb-row-layout-id250_9a01aa-c7 > .kt-row-column-wrap{align-content:start;}:where(.kb-row-layout-id250_9a01aa-c7 > .kt-row-column-wrap) > .wp-block-kadence-column{justify-content:start;}.kb-row-layout-id250_9a01aa-c7 > .kt-row-column-wrap{column-gap:var(--global-kb-gap-lg, 4rem);row-gap:var(--global-kb-gap-lg, 4rem);padding-top:var(--global-kb-spacing-sm, 1.5rem);padding-bottom:var(--global-kb-spacing-sm, 1.5rem);grid-template-columns:minmax(0, calc(80% - ((var(--global-kb-gap-lg, 4rem) * 1 )\/2)))minmax(0, calc(20% - ((var(--global-kb-gap-lg, 4rem) * 1 )\/2)));}.kb-row-layout-id250_9a01aa-c7 > .kt-row-layout-overlay{opacity:0.30;}@media all and (max-width: 1024px){.kb-row-layout-id250_9a01aa-c7 > .kt-row-column-wrap{column-gap:var(--global-kb-gap-md, 2rem);row-gap:var(--global-kb-gap-md, 2rem);grid-template-columns:minmax(0, 1fr);}}@media all and (max-width: 767px){.kb-row-layout-id250_9a01aa-c7 > .kt-row-column-wrap{column-gap:var(--global-kb-gap-md, 2rem);row-gap:var(--global-kb-gap-md, 2rem);grid-template-columns:minmax(0, 1fr);}}<\/style><div class=\"kb-row-layout-wrap kb-row-layout-id250_9a01aa-c7 alignnone wp-block-kadence-rowlayout\"><div class=\"kt-row-column-wrap kt-has-2-columns kt-row-layout-left-golden kt-tab-layout-row kt-mobile-layout-row kt-row-valign-top\">\n<style>.kadence-column250_f2ef33-87 > .kt-inside-inner-col,.kadence-column250_f2ef33-87 > .kt-inside-inner-col:before{border-top-left-radius:0px;border-top-right-radius:0px;border-bottom-right-radius:0px;border-bottom-left-radius:0px;}.kadence-column250_f2ef33-87 > .kt-inside-inner-col{column-gap:var(--global-kb-gap-sm, 1rem);}.kadence-column250_f2ef33-87 > .kt-inside-inner-col{flex-direction:column;}.kadence-column250_f2ef33-87 > .kt-inside-inner-col > .aligncenter{width:100%;}.kadence-column250_f2ef33-87 > .kt-inside-inner-col:before{opacity:0.3;}.kadence-column250_f2ef33-87{position:relative;}@media all and (max-width: 1024px){.kadence-column250_f2ef33-87 > .kt-inside-inner-col{flex-direction:column;justify-content:center;}}@media all and (max-width: 767px){.kadence-column250_f2ef33-87 > .kt-inside-inner-col{flex-direction:column;justify-content:center;}}<\/style>\n<div class=\"wp-block-kadence-column kadence-column250_f2ef33-87\"><div class=\"kt-inside-inner-col\"><style>.wp-block-kadence-advancedheading.kt-adv-heading250_730be4-0c, .wp-block-kadence-advancedheading.kt-adv-heading250_730be4-0c[data-kb-block=\"kb-adv-heading250_730be4-0c\"]{font-style:normal;}.wp-block-kadence-advancedheading.kt-adv-heading250_730be4-0c mark.kt-highlight, .wp-block-kadence-advancedheading.kt-adv-heading250_730be4-0c[data-kb-block=\"kb-adv-heading250_730be4-0c\"] mark.kt-highlight{font-style:normal;color:#f76a0c;-webkit-box-decoration-break:clone;box-decoration-break:clone;padding-top:0px;padding-right:0px;padding-bottom:0px;padding-left:0px;}.wp-block-kadence-advancedheading.kt-adv-heading250_730be4-0c img.kb-inline-image, .wp-block-kadence-advancedheading.kt-adv-heading250_730be4-0c[data-kb-block=\"kb-adv-heading250_730be4-0c\"] img.kb-inline-image{width:150px;vertical-align:baseline;}<\/style>\n<h2 class=\"kt-adv-heading250_730be4-0c wp-block-kadence-advancedheading\" data-kb-block=\"kb-adv-heading250_730be4-0c\">Geli\u015fiminize y\u00f6n verin<\/h2>\n\n\n\n<p>Kariyer ko\u00e7lu\u011fu ve (yeniden) e\u011fitim, i\u00e7g\u00f6r\u00fc ve bak\u0131\u015f a\u00e7\u0131s\u0131 kazand\u0131r\u0131r. \u00c7al\u0131\u015fma Merkezi, Zaanstreek-Waterland&#8217;da b\u00fcy\u00fcme ve de\u011fi\u015fim \u00fczerinde \u00e7al\u0131\u015fan herkes i\u00e7in haz\u0131rd\u0131r. <\/p>\n\n\n\n<p>E\u011fitim hakk\u0131nda sorular\u0131n\u0131z m\u0131 var veya hem \u00e7al\u0131\u015f\u0131p hem de \u00f6\u011frenmek mi istiyorsunuz? Bir e\u011fitim kursu veya \u00e7\u0131rakl\u0131k e\u011fitimi bulman\u0131za yard\u0131mc\u0131 olmaktan memnuniyet duyar\u0131z. Belki zaten bir i\u015finiz var, ancak ba\u015fka bir sekt\u00f6rdeki i\u015f f\u0131rsatlar\u0131n\u0131z\u0131 merak ediyorsunuz ve yeniden e\u011fitim sizin i\u00e7in harika bir f\u0131rsat olabilir.  <\/p>\n\n\n\n<p>\u0130\u015ften \u00e7\u0131kar\u0131lma, iflas veya yeniden yap\u0131lanma nedeniyle olas\u0131 i\u015f kayb\u0131ndan endi\u015fe duysan\u0131z bile, i\u015fsiz kalman\u0131z\u0131 \u00f6nlemek i\u00e7in size yard\u0131mc\u0131 olmak i\u00e7in buraday\u0131z. Size rehberlik etmekten mutluluk duyaca\u011f\u0131z. <\/p>\n\n\n<style>.wp-block-kadence-advancedheading.kt-adv-heading250_062961-36, .wp-block-kadence-advancedheading.kt-adv-heading250_062961-36[data-kb-block=\"kb-adv-heading250_062961-36\"]{font-style:normal;}.wp-block-kadence-advancedheading.kt-adv-heading250_062961-36 mark.kt-highlight, .wp-block-kadence-advancedheading.kt-adv-heading250_062961-36[data-kb-block=\"kb-adv-heading250_062961-36\"] mark.kt-highlight{font-style:normal;color:#f76a0c;-webkit-box-decoration-break:clone;box-decoration-break:clone;padding-top:0px;padding-right:0px;padding-bottom:0px;padding-left:0px;}.wp-block-kadence-advancedheading.kt-adv-heading250_062961-36 img.kb-inline-image, .wp-block-kadence-advancedheading.kt-adv-heading250_062961-36[data-kb-block=\"kb-adv-heading250_062961-36\"] img.kb-inline-image{width:150px;vertical-align:baseline;}<\/style>\n<h3 class=\"kt-adv-heading250_062961-36 wp-block-kadence-advancedheading\" data-kb-block=\"kb-adv-heading250_062961-36\">Biz ne sunuyoruz?<\/h3>\n\n\n<style>.wp-block-kadence-iconlist.kt-svg-icon-list-items250_a942cd-2e:not(.this-stops-third-party-issues){margin-top:0px;margin-bottom:0px;}.wp-block-kadence-iconlist.kt-svg-icon-list-items250_a942cd-2e ul.kt-svg-icon-list:not(.this-prevents-issues):not(.this-stops-third-party-issues):not(.tijsloc){margin-top:0px;margin-right:0px;margin-bottom:var(--global-kb-spacing-sm, 1.5rem);margin-left:0px;}.wp-block-kadence-iconlist.kt-svg-icon-list-items250_a942cd-2e ul.kt-svg-icon-list{grid-row-gap:5px;}.wp-block-kadence-iconlist.kt-svg-icon-list-items250_a942cd-2e ul.kt-svg-icon-list .kt-svg-icon-list-item-wrap .kt-svg-icon-list-single{margin-right:10px;}.kt-svg-icon-list-items250_a942cd-2e ul.kt-svg-icon-list .kt-svg-icon-list-level-0 .kt-svg-icon-list-single svg{font-size:20px;}<\/style>\n<div class=\"wp-block-kadence-iconlist kt-svg-icon-list-items kt-svg-icon-list-items250_a942cd-2e kt-svg-icon-list-columns-1 alignnone kt-list-icon-aligntop\"><ul class=\"kt-svg-icon-list\"><style>.kt-svg-icon-list-item-250_b08934-45 .kt-svg-icon-list-text mark.kt-highlight{background-color:unset;font-style:normal;color:#f76a0c;-webkit-box-decoration-break:clone;box-decoration-break:clone;padding-top:0px;padding-right:0px;padding-bottom:0px;padding-left:0px;}<\/style>\n<li class=\"wp-block-kadence-listitem kt-svg-icon-list-item-wrap kt-svg-icon-list-item-250_b08934-45\"><span class=\"kb-svg-icon-wrap kb-svg-icon-fas_check kt-svg-icon-list-single\"><svg viewBox=\"0 0 512 512\"  fill=\"currentColor\" xmlns=\"http:\/\/www.w3.org\/2000\/svg\"  aria-hidden=\"true\"><path d=\"M173.898 439.404l-166.4-166.4c-9.997-9.997-9.997-26.206 0-36.204l36.203-36.204c9.997-9.998 26.207-9.998 36.204 0L192 312.69 432.095 72.596c9.997-9.997 26.207-9.997 36.204 0l36.203 36.204c9.997 9.997 9.997 26.206 0 36.204l-294.4 294.401c-9.998 9.997-26.207 9.997-36.204-.001z\"\/><\/svg><\/span><span class=\"kt-svg-icon-list-text\"><strong>Ki\u015fisel kariyer g\u00f6r\u00fc\u015fmeleri:<\/strong> yetenekler, arzular ve olas\u0131l\u0131klar hakk\u0131nda fikir edinmek i\u00e7in.<\/span><\/li>\n\n\n<style>.kt-svg-icon-list-item-250_0b1b10-20 .kt-svg-icon-list-text mark.kt-highlight{background-color:unset;font-style:normal;color:#f76a0c;-webkit-box-decoration-break:clone;box-decoration-break:clone;padding-top:0px;padding-right:0px;padding-bottom:0px;padding-left:0px;}<\/style>\n<li class=\"wp-block-kadence-listitem kt-svg-icon-list-item-wrap kt-svg-icon-list-item-250_0b1b10-20\"><span class=\"kb-svg-icon-wrap kb-svg-icon-fas_check kt-svg-icon-list-single\"><svg viewBox=\"0 0 512 512\"  fill=\"currentColor\" xmlns=\"http:\/\/www.w3.org\/2000\/svg\"  aria-hidden=\"true\"><path d=\"M173.898 439.404l-166.4-166.4c-9.997-9.997-9.997-26.206 0-36.204l36.203-36.204c9.997-9.998 26.207-9.998 36.204 0L192 312.69 432.095 72.596c9.997-9.997 26.207-9.997 36.204 0l36.203 36.204c9.997 9.997 9.997 26.206 0 36.204l-294.4 294.401c-9.998 9.997-26.207 9.997-36.204-.001z\"\/><\/svg><\/span><span class=\"kt-svg-icon-list-text\"><strong>\u0130\u015f rotasyonu veya i\u00e7 hareketlilik konusunda tavsiyeler:<\/strong> s\u00fcrd\u00fcr\u00fclebilir istihdam edilebilirlik i\u00e7in.<\/span><\/li>\n\n\n<style>.kt-svg-icon-list-item-250_5eeef8-2c .kt-svg-icon-list-text mark.kt-highlight{background-color:unset;font-style:normal;color:#f76a0c;-webkit-box-decoration-break:clone;box-decoration-break:clone;padding-top:0px;padding-right:0px;padding-bottom:0px;padding-left:0px;}<\/style>\n<li class=\"wp-block-kadence-listitem kt-svg-icon-list-item-wrap kt-svg-icon-list-item-250_5eeef8-2c\"><span class=\"kb-svg-icon-wrap kb-svg-icon-fas_check kt-svg-icon-list-single\"><svg viewBox=\"0 0 512 512\"  fill=\"currentColor\" xmlns=\"http:\/\/www.w3.org\/2000\/svg\"  aria-hidden=\"true\"><path d=\"M173.898 439.404l-166.4-166.4c-9.997-9.997-9.997-26.206 0-36.204l36.203-36.204c9.997-9.998 26.207-9.998 36.204 0L192 312.69 432.095 72.596c9.997-9.997 26.207-9.997 36.204 0l36.203 36.204c9.997 9.997 9.997 26.206 0 36.204l-294.4 294.401c-9.998 9.997-26.207 9.997-36.204-.001z\"\/><\/svg><\/span><span class=\"kt-svg-icon-list-text\"><strong>Gelecek vaat eden sekt\u00f6rler hakk\u0131nda bilgi:<\/strong> ve bunlardan nas\u0131l yararlan\u0131laca\u011f\u0131.&nbsp;<\/span><\/li>\n\n\n<style>.kt-svg-icon-list-item-250_b38729-23 .kt-svg-icon-list-text mark.kt-highlight{background-color:unset;font-style:normal;color:#f76a0c;-webkit-box-decoration-break:clone;box-decoration-break:clone;padding-top:0px;padding-right:0px;padding-bottom:0px;padding-left:0px;}<\/style>\n<li class=\"wp-block-kadence-listitem kt-svg-icon-list-item-wrap kt-svg-icon-list-item-250_b38729-23\"><span class=\"kb-svg-icon-wrap kb-svg-icon-fas_check kt-svg-icon-list-single\"><svg viewBox=\"0 0 512 512\"  fill=\"currentColor\" xmlns=\"http:\/\/www.w3.org\/2000\/svg\"  aria-hidden=\"true\"><path d=\"M173.898 439.404l-166.4-166.4c-9.997-9.997-9.997-26.206 0-36.204l36.203-36.204c9.997-9.998 26.207-9.998 36.204 0L192 312.69 432.095 72.596c9.997-9.997 26.207-9.997 36.204 0l36.203 36.204c9.997 9.997 9.997 26.206 0 36.204l-294.4 294.401c-9.998 9.997-26.207 9.997-36.204-.001z\"\/><\/svg><\/span><span class=\"kt-svg-icon-list-text\"><strong>Yeniden e\u011fitim programlar\u0131na destek:<\/strong> planlama, rehberlik ve finansman dahil.<\/span><\/li>\n<\/ul><\/div>\n<\/div><\/div>\n\n\n<style>.kadence-column250_49f2a3-fe > .kt-inside-inner-col,.kadence-column250_49f2a3-fe > .kt-inside-inner-col:before{border-top-left-radius:0px;border-top-right-radius:0px;border-bottom-right-radius:0px;border-bottom-left-radius:0px;}.kadence-column250_49f2a3-fe > .kt-inside-inner-col{column-gap:var(--global-kb-gap-sm, 1rem);}.kadence-column250_49f2a3-fe > .kt-inside-inner-col{flex-direction:column;}.kadence-column250_49f2a3-fe > .kt-inside-inner-col > .aligncenter{width:100%;}.kadence-column250_49f2a3-fe > .kt-inside-inner-col:before{opacity:0.3;}.kadence-column250_49f2a3-fe{position:relative;}@media all and (max-width: 1024px){.kadence-column250_49f2a3-fe > .kt-inside-inner-col{flex-direction:column;justify-content:center;}}@media all and (max-width: 767px){.kadence-column250_49f2a3-fe > .kt-inside-inner-col{flex-direction:column;justify-content:center;}}<\/style>\n<div class=\"wp-block-kadence-column kadence-column250_49f2a3-fe\"><div class=\"kt-inside-inner-col\"><\/div><\/div>\n\n<\/div><\/div><style>.kb-row-layout-id250_e40bf1-2e > .kt-row-column-wrap{align-content:start;}:where(.kb-row-layout-id250_e40bf1-2e > .kt-row-column-wrap) > .wp-block-kadence-column{justify-content:start;}.kb-row-layout-id250_e40bf1-2e > .kt-row-column-wrap{column-gap:var(--global-kb-gap-md, 2rem);row-gap:var(--global-kb-gap-md, 2rem);padding-top:var(--global-kb-spacing-sm, 1.5rem);padding-bottom:var(--global-kb-spacing-sm, 1.5rem);grid-template-columns:minmax(0, calc(60% - ((var(--global-kb-gap-md, 2rem) * 1 )\/2)))minmax(0, calc(40% - ((var(--global-kb-gap-md, 2rem) * 1 )\/2)));}.kb-row-layout-id250_e40bf1-2e > .kt-row-layout-overlay{opacity:0.30;}@media all and (max-width: 1024px){.kb-row-layout-id250_e40bf1-2e > .kt-row-column-wrap{grid-template-columns:minmax(0, 2fr) minmax(0, 1fr);}}@media all and (max-width: 767px){.kb-row-layout-id250_e40bf1-2e > .kt-row-column-wrap{grid-template-columns:minmax(0, 1fr);}}<\/style><div class=\"kb-row-layout-wrap kb-row-layout-id250_e40bf1-2e alignnone wp-block-kadence-rowlayout\"><div class=\"kt-row-column-wrap kt-has-2-columns kt-row-layout-left-golden kt-tab-layout-inherit kt-mobile-layout-row kt-row-valign-top\">\n<style>.kadence-column250_7c5f21-52 > .kt-inside-inner-col{padding-top:var(--global-kb-spacing-md, 2rem);padding-right:var(--global-kb-spacing-md, 2rem);padding-bottom:var(--global-kb-spacing-md, 2rem);padding-left:var(--global-kb-spacing-md, 2rem);}.kadence-column250_7c5f21-52 > .kt-inside-inner-col,.kadence-column250_7c5f21-52 > .kt-inside-inner-col:before{border-top-left-radius:50px;border-top-right-radius:50px;border-bottom-right-radius:50px;border-bottom-left-radius:0px;}.kadence-column250_7c5f21-52 > .kt-inside-inner-col{column-gap:var(--global-kb-gap-sm, 1rem);}.kadence-column250_7c5f21-52 > .kt-inside-inner-col{flex-direction:column;}.kadence-column250_7c5f21-52 > .kt-inside-inner-col > .aligncenter{width:100%;}.kadence-column250_7c5f21-52 > .kt-inside-inner-col{background-color:var(--global-palette3, #1A202C);}.kadence-column250_7c5f21-52 > .kt-inside-inner-col:before{opacity:0.3;}.kadence-column250_7c5f21-52, .kadence-column250_7c5f21-52 h1, .kadence-column250_7c5f21-52 h2, .kadence-column250_7c5f21-52 h3, .kadence-column250_7c5f21-52 h4, .kadence-column250_7c5f21-52 h5, .kadence-column250_7c5f21-52 h6{color:var(--global-palette9, #ffffff);}.kadence-column250_7c5f21-52{position:relative;}@media all and (max-width: 1024px){.kadence-column250_7c5f21-52 > .kt-inside-inner-col{flex-direction:column;justify-content:center;}}@media all and (max-width: 767px){.kadence-column250_7c5f21-52 > .kt-inside-inner-col{flex-direction:column;justify-content:center;}}<\/style>\n<div class=\"wp-block-kadence-column kadence-column250_7c5f21-52\"><div class=\"kt-inside-inner-col\">\n<p>Birlikte, bir sonraki ad\u0131m\u0131 atabilmenizi sa\u011fl\u0131yoruz.<\/p>\n\n\n<style>.wp-block-kadence-advancedbtn.kb-btns250_2b413d-ab{gap:var(--global-kb-gap-sm, 1rem);justify-content:flex-start;align-items:center;}.kt-btns250_2b413d-ab .kt-button{font-weight:normal;font-style:normal;}.kt-btns250_2b413d-ab .kt-btn-wrap-0{margin-right:5px;}.wp-block-kadence-advancedbtn.kt-btns250_2b413d-ab .kt-btn-wrap-0 .kt-button{color:#555555;border-color:#555555;}.wp-block-kadence-advancedbtn.kt-btns250_2b413d-ab .kt-btn-wrap-0 .kt-button:hover, .wp-block-kadence-advancedbtn.kt-btns250_2b413d-ab .kt-btn-wrap-0 .kt-button:focus{color:#ffffff;border-color:#444444;}.wp-block-kadence-advancedbtn.kt-btns250_2b413d-ab .kt-btn-wrap-0 .kt-button::before{display:none;}.wp-block-kadence-advancedbtn.kt-btns250_2b413d-ab .kt-btn-wrap-0 .kt-button:hover, .wp-block-kadence-advancedbtn.kt-btns250_2b413d-ab .kt-btn-wrap-0 .kt-button:focus{background:#444444;}<\/style>\n<div class=\"wp-block-kadence-advancedbtn kb-buttons-wrap kb-btns250_2b413d-ab\"><style>ul.menu .wp-block-kadence-advancedbtn .kb-btn250_f0c725-e6.kb-button{width:initial;}.wp-block-kadence-advancedbtn .kb-btn250_f0c725-e6.kb-button:hover, .wp-block-kadence-advancedbtn .kb-btn250_f0c725-e6.kb-button:focus{color:var(--global-palette2, #2B6CB0);background:var(--global-palette9, #ffffff);}<\/style><a class=\"kb-button kt-button button kb-btn250_f0c725-e6 kt-btn-size-standard kt-btn-width-type-auto kb-btn-global-inherit  kt-btn-has-text-true kt-btn-has-svg-false  wp-block-button__link wp-block-kadence-singlebtn\" href=\"\/maak-een-afspraak\/\"><span class=\"kt-btn-inner-text\">Bir dan\u0131\u015fma g\u00f6r\u00fc\u015fmesi planlay\u0131n<\/span><\/a><\/div>\n<\/div><\/div>\n\n\n<style>.kadence-column250_55ed8b-56 > .kt-inside-inner-col,.kadence-column250_55ed8b-56 > .kt-inside-inner-col:before{border-top-left-radius:0px;border-top-right-radius:0px;border-bottom-right-radius:0px;border-bottom-left-radius:0px;}.kadence-column250_55ed8b-56 > .kt-inside-inner-col{column-gap:var(--global-kb-gap-sm, 1rem);}.kadence-column250_55ed8b-56 > .kt-inside-inner-col{flex-direction:column;}.kadence-column250_55ed8b-56 > .kt-inside-inner-col > .aligncenter{width:100%;}.kadence-column250_55ed8b-56 > .kt-inside-inner-col:before{opacity:0.3;}.kadence-column250_55ed8b-56{position:relative;}@media all and (max-width: 1024px){.kadence-column250_55ed8b-56 > .kt-inside-inner-col{flex-direction:column;justify-content:center;}}@media all and (max-width: 767px){.kadence-column250_55ed8b-56 > .kt-inside-inner-col{flex-direction:column;justify-content:center;}}<\/style>\n<div class=\"wp-block-kadence-column kadence-column250_55ed8b-56\"><div class=\"kt-inside-inner-col\"><\/div><\/div>\n\n<\/div><\/div><style>.kb-row-layout-id250_e9cc51-0e > .kt-row-column-wrap{align-content:start;}:where(.kb-row-layout-id250_e9cc51-0e > .kt-row-column-wrap) > .wp-block-kadence-column{justify-content:start;}.kb-row-layout-id250_e9cc51-0e > .kt-row-column-wrap{column-gap:var(--global-kb-gap-lg, 4rem);row-gap:var(--global-kb-gap-lg, 4rem);padding-top:var(--global-kb-spacing-sm, 1.5rem);padding-bottom:var(--global-kb-spacing-sm, 1.5rem);grid-template-columns:minmax(0, calc(80% - ((var(--global-kb-gap-lg, 4rem) * 1 )\/2)))minmax(0, calc(20% - ((var(--global-kb-gap-lg, 4rem) * 1 )\/2)));}.kb-row-layout-id250_e9cc51-0e > .kt-row-layout-overlay{opacity:0.30;}@media all and (max-width: 1024px){.kb-row-layout-id250_e9cc51-0e > .kt-row-column-wrap{column-gap:var(--global-kb-gap-md, 2rem);row-gap:var(--global-kb-gap-md, 2rem);grid-template-columns:minmax(0, 1fr);}}@media all and (max-width: 767px){.kb-row-layout-id250_e9cc51-0e > .kt-row-column-wrap{column-gap:var(--global-kb-gap-md, 2rem);row-gap:var(--global-kb-gap-md, 2rem);grid-template-columns:minmax(0, 1fr);}}<\/style><div class=\"kb-row-layout-wrap kb-row-layout-id250_e9cc51-0e alignnone wp-block-kadence-rowlayout\"><div class=\"kt-row-column-wrap kt-has-2-columns kt-row-layout-left-golden kt-tab-layout-row kt-mobile-layout-row kt-row-valign-top\">\n<style>.kadence-column250_a7649a-da > .kt-inside-inner-col,.kadence-column250_a7649a-da > .kt-inside-inner-col:before{border-top-left-radius:0px;border-top-right-radius:0px;border-bottom-right-radius:0px;border-bottom-left-radius:0px;}.kadence-column250_a7649a-da > .kt-inside-inner-col{column-gap:var(--global-kb-gap-sm, 1rem);}.kadence-column250_a7649a-da > .kt-inside-inner-col{flex-direction:column;}.kadence-column250_a7649a-da > .kt-inside-inner-col > .aligncenter{width:100%;}.kadence-column250_a7649a-da > .kt-inside-inner-col:before{opacity:0.3;}.kadence-column250_a7649a-da{position:relative;}@media all and (max-width: 1024px){.kadence-column250_a7649a-da > .kt-inside-inner-col{flex-direction:column;justify-content:center;}}@media all and (max-width: 767px){.kadence-column250_a7649a-da > .kt-inside-inner-col{flex-direction:column;justify-content:center;}}<\/style>\n<div class=\"wp-block-kadence-column kadence-column250_a7649a-da\"><div class=\"kt-inside-inner-col\">\n<p>Hangi \u00e7\u0131rakl\u0131k \u015firketlerinin \u00e7\u0131rakl\u0131k e\u011fitimi verebilece\u011fini \u00f6\u011frenmek istiyorsan\u0131z, \u00f6nceden <a href=\"http:\/\/www.leerbanenmarkt.nl\/\" target=\"_blank\" rel=\"noreferrer noopener\">http:\/\/www.leerbanenmarkt.nl<\/a> adresine bir g\u00f6z at\u0131n.<\/p>\n<\/div><\/div>\n\n\n<style>.kadence-column250_504fa7-c2 > .kt-inside-inner-col,.kadence-column250_504fa7-c2 > .kt-inside-inner-col:before{border-top-left-radius:0px;border-top-right-radius:0px;border-bottom-right-radius:0px;border-bottom-left-radius:0px;}.kadence-column250_504fa7-c2 > .kt-inside-inner-col{column-gap:var(--global-kb-gap-sm, 1rem);}.kadence-column250_504fa7-c2 > .kt-inside-inner-col{flex-direction:column;}.kadence-column250_504fa7-c2 > .kt-inside-inner-col > .aligncenter{width:100%;}.kadence-column250_504fa7-c2 > .kt-inside-inner-col:before{opacity:0.3;}.kadence-column250_504fa7-c2{position:relative;}@media all and (max-width: 1024px){.kadence-column250_504fa7-c2 > .kt-inside-inner-col{flex-direction:column;justify-content:center;}}@media all and (max-width: 767px){.kadence-column250_504fa7-c2 > .kt-inside-inner-col{flex-direction:column;justify-content:center;}}<\/style>\n<div class=\"wp-block-kadence-column kadence-column250_504fa7-c2\"><div class=\"kt-inside-inner-col\"><\/div><\/div>\n\n<\/div><\/div>","protected":false},"excerpt":{"rendered":"<p>Geli\u015fiminize y\u00f6n verin Kariyer ko\u00e7lu\u011fu ve (yeniden) e\u011fitim, i\u00e7g\u00f6r\u00fc ve bak\u0131\u015f a\u00e7\u0131s\u0131 kazand\u0131r\u0131r. \u00c7al\u0131\u015fma Merkezi, Zaanstreek-Waterland&#8217;da b\u00fcy\u00fcme ve de\u011fi\u015fim \u00fczerinde \u00e7al\u0131\u015fan herkes i\u00e7in haz\u0131rd\u0131r. E\u011fitim hakk\u0131nda sorular\u0131n\u0131z m\u0131 var veya hem \u00e7al\u0131\u015f\u0131p hem de \u00f6\u011frenmek mi istiyorsunuz? Bir e\u011fitim kursu veya \u00e7\u0131rakl\u0131k e\u011fitimi bulman\u0131za yard\u0131mc\u0131 olmaktan memnuniyet duyar\u0131z. Belki zaten bir i\u015finiz var, ancak ba\u015fka&#8230;<\/p>\n","protected":false},"author":1,"featured_media":2066,"parent":2261,"menu_order":0,"comment_status":"closed","ping_status":"closed","template":"","meta":{"_acf_changed":false,"_kad_blocks_custom_css":"","_kad_blocks_head_custom_js":"","_kad_blocks_body_custom_js":"","_kad_blocks_footer_custom_js":"","_kad_post_transparent":"","_kad_post_title":"","_kad_post_layout":"","_kad_post_sidebar_id":"","_kad_post_content_style":"","_kad_post_vertical_padding":"","_kad_post_feature":"","_kad_post_feature_position":"","_kad_post_header":false,"_kad_post_footer":false,"_kad_post_classname":"","footnotes":""},"class_list":["post-2368","page","type-page","status-publish","has-post-thumbnail","hentry"],"acf":[],"taxonomy_info":[],"featured_image_src_large":["https:\/\/werkcentrumzaanstreekwaterland.nl\/wp-content\/uploads\/2025\/04\/Van-uitkering-naar-eigen-bedrijf.jpg",1440,960,false],"author_info":{"display_name":"wijzijnmeo","author_link":"https:\/\/werkcentrumzaanstreekwaterland.nl\/tr\/author\/f74aa694a0e3b226\/"},"comment_info":0,"_links":{"self":[{"href":"https:\/\/werkcentrumzaanstreekwaterland.nl\/tr\/wp-json\/wp\/v2\/pages\/2368","targetHints":{"allow":["GET"]}}],"collection":[{"href":"https:\/\/werkcentrumzaanstreekwaterland.nl\/tr\/wp-json\/wp\/v2\/pages"}],"about":[{"href":"https:\/\/werkcentrumzaanstreekwaterland.nl\/tr\/wp-json\/wp\/v2\/types\/page"}],"author":[{"embeddable":true,"href":"https:\/\/werkcentrumzaanstreekwaterland.nl\/tr\/wp-json\/wp\/v2\/users\/1"}],"replies":[{"embeddable":true,"href":"https:\/\/werkcentrumzaanstreekwaterland.nl\/tr\/wp-json\/wp\/v2\/comments?post=2368"}],"version-history":[{"count":1,"href":"https:\/\/werkcentrumzaanstreekwaterland.nl\/tr\/wp-json\/wp\/v2\/pages\/2368\/revisions"}],"predecessor-version":[{"id":2371,"href":"https:\/\/werkcentrumzaanstreekwaterland.nl\/tr\/wp-json\/wp\/v2\/pages\/2368\/revisions\/2371"}],"up":[{"embeddable":true,"href":"https:\/\/werkcentrumzaanstreekwaterland.nl\/tr\/wp-json\/wp\/v2\/pages\/2261"}],"wp:featuredmedia":[{"embeddable":true,"href":"https:\/\/werkcentrumzaanstreekwaterland.nl\/tr\/wp-json\/wp\/v2\/media\/2066"}],"wp:attachment":[{"href":"https:\/\/werkcentrumzaanstreekwaterland.nl\/tr\/wp-json\/wp\/v2\/media?parent=2368"}],"curies":[{"name":"wp","href":"https:\/\/api.w.org\/{rel}","templated":true}]}}