{"id":2362,"date":"2025-04-15T11:15:42","date_gmt":"2025-04-15T09:15:42","guid":{"rendered":"https:\/\/werkcentrumzaanstreekwaterland.nl\/is-arayanlar\/27-yasindan-genc\/"},"modified":"2026-01-22T12:05:11","modified_gmt":"2026-01-22T11:05:11","slug":"27-yasindan-genc","status":"publish","type":"page","link":"https:\/\/werkcentrumzaanstreekwaterland.nl\/tr\/is-arayanlar\/27-yasindan-genc\/","title":{"rendered":"27 ya\u015f\u0131ndan gen\u00e7"},"content":{"rendered":"<style>.kb-row-layout-id252_8bf743-46 > .kt-row-column-wrap{align-content:start;}:where(.kb-row-layout-id252_8bf743-46 > .kt-row-column-wrap) > .wp-block-kadence-column{justify-content:start;}.kb-row-layout-id252_8bf743-46 > .kt-row-column-wrap{column-gap:var(--global-kb-gap-md, 2rem);row-gap:var(--global-kb-gap-md, 2rem);padding-top:var(--global-kb-spacing-sm, 1.5rem);padding-bottom:var(--global-kb-spacing-sm, 1.5rem);grid-template-columns:minmax(0, 1fr);}.kb-row-layout-id252_8bf743-46 > .kt-row-layout-overlay{opacity:0.30;}@media all and (max-width: 1024px){.kb-row-layout-id252_8bf743-46 > .kt-row-column-wrap{grid-template-columns:minmax(0, 1fr);}}@media all and (max-width: 767px){.kb-row-layout-id252_8bf743-46 > .kt-row-column-wrap{grid-template-columns:minmax(0, 1fr);}}<\/style><div class=\"kb-row-layout-wrap kb-row-layout-id252_8bf743-46 alignnone wp-block-kadence-rowlayout\"><div class=\"kt-row-column-wrap kt-has-1-columns kt-row-layout-equal kt-tab-layout-inherit kt-mobile-layout-row kt-row-valign-top\">\n<style>.kadence-column252_57f406-ae > .kt-inside-inner-col,.kadence-column252_57f406-ae > .kt-inside-inner-col:before{border-top-left-radius:0px;border-top-right-radius:0px;border-bottom-right-radius:0px;border-bottom-left-radius:0px;}.kadence-column252_57f406-ae > .kt-inside-inner-col{column-gap:var(--global-kb-gap-sm, 1rem);}.kadence-column252_57f406-ae > .kt-inside-inner-col{flex-direction:column;}.kadence-column252_57f406-ae > .kt-inside-inner-col > .aligncenter{width:100%;}.kadence-column252_57f406-ae > .kt-inside-inner-col:before{opacity:0.3;}.kadence-column252_57f406-ae{position:relative;}@media all and (max-width: 1024px){.kadence-column252_57f406-ae > .kt-inside-inner-col{flex-direction:column;justify-content:center;}}@media all and (max-width: 767px){.kadence-column252_57f406-ae > .kt-inside-inner-col{flex-direction:column;justify-content:center;}}<\/style>\n<div class=\"wp-block-kadence-column kadence-column252_57f406-ae\"><div class=\"kt-inside-inner-col\"><style>.wp-block-kadence-advancedheading.kt-adv-heading252_358548-3f, .wp-block-kadence-advancedheading.kt-adv-heading252_358548-3f[data-kb-block=\"kb-adv-heading252_358548-3f\"]{font-style:normal;}.wp-block-kadence-advancedheading.kt-adv-heading252_358548-3f mark.kt-highlight, .wp-block-kadence-advancedheading.kt-adv-heading252_358548-3f[data-kb-block=\"kb-adv-heading252_358548-3f\"] mark.kt-highlight{font-style:normal;color:#f76a0c;-webkit-box-decoration-break:clone;box-decoration-break:clone;padding-top:0px;padding-right:0px;padding-bottom:0px;padding-left:0px;}.wp-block-kadence-advancedheading.kt-adv-heading252_358548-3f img.kb-inline-image, .wp-block-kadence-advancedheading.kt-adv-heading252_358548-3f[data-kb-block=\"kb-adv-heading252_358548-3f\"] img.kb-inline-image{width:150px;vertical-align:baseline;}<\/style>\n<h2 class=\"kt-adv-heading252_358548-3f wp-block-kadence-advancedheading\" data-kb-block=\"kb-adv-heading252_358548-3f\">(Di\u011fer) i\u015flere do\u011fru ilk ad\u0131m\u0131n\u0131z\u0131 at\u0131n<\/h2>\n\n\n\n<p>\u0130\u015fe girmek istiyorsunuz ama nereden ba\u015flayaca\u011f\u0131n\u0131zdan emin de\u011fil misiniz? \u0130\u015f Merkezi ba\u015flaman\u0131za yard\u0131mc\u0131 olacakt\u0131r. <\/p>\n\n\n\n<p>\u0130ster neyi sevdi\u011finizi hen\u00fcz ke\u015ffetmemi\u015f olun, ister tam olarak ne istedi\u011finizi zaten biliyor olun &#8211; bir sonraki ad\u0131m\u0131 atman\u0131zda size destek oluyoruz.<\/p>\n<\/div><\/div>\n\n<\/div><\/div><style>.kb-row-layout-id252_df5835-ed > .kt-row-column-wrap{align-content:start;}:where(.kb-row-layout-id252_df5835-ed > .kt-row-column-wrap) > .wp-block-kadence-column{justify-content:start;}.kb-row-layout-id252_df5835-ed > .kt-row-column-wrap{column-gap:var(--global-kb-gap-md, 2rem);row-gap:var(--global-kb-gap-md, 2rem);padding-top:var(--global-kb-spacing-sm, 1.5rem);padding-bottom:var(--global-kb-spacing-sm, 1.5rem);grid-template-columns:minmax(0, 1fr);}.kb-row-layout-id252_df5835-ed > .kt-row-layout-overlay{opacity:0.30;}@media all and (max-width: 1024px){.kb-row-layout-id252_df5835-ed > .kt-row-column-wrap{grid-template-columns:minmax(0, 1fr);}}@media all and (max-width: 767px){.kb-row-layout-id252_df5835-ed > .kt-row-column-wrap{grid-template-columns:minmax(0, 1fr);}}<\/style><div class=\"kb-row-layout-wrap kb-row-layout-id252_df5835-ed alignnone wp-block-kadence-rowlayout\"><div class=\"kt-row-column-wrap kt-has-1-columns kt-row-layout-equal kt-tab-layout-inherit kt-mobile-layout-row kt-row-valign-top\">\n<style>.kadence-column252_a40b8a-3b > .kt-inside-inner-col,.kadence-column252_a40b8a-3b > .kt-inside-inner-col:before{border-top-left-radius:0px;border-top-right-radius:0px;border-bottom-right-radius:0px;border-bottom-left-radius:0px;}.kadence-column252_a40b8a-3b > .kt-inside-inner-col{column-gap:var(--global-kb-gap-sm, 1rem);}.kadence-column252_a40b8a-3b > .kt-inside-inner-col{flex-direction:column;}.kadence-column252_a40b8a-3b > .kt-inside-inner-col > .aligncenter{width:100%;}.kadence-column252_a40b8a-3b > .kt-inside-inner-col:before{opacity:0.3;}.kadence-column252_a40b8a-3b{position:relative;}@media all and (max-width: 1024px){.kadence-column252_a40b8a-3b > .kt-inside-inner-col{flex-direction:column;justify-content:center;}}@media all and (max-width: 767px){.kadence-column252_a40b8a-3b > .kt-inside-inner-col{flex-direction:column;justify-content:center;}}<\/style>\n<div class=\"wp-block-kadence-column kadence-column252_a40b8a-3b\"><div class=\"kt-inside-inner-col\"><style>.wp-block-kadence-advancedheading.kt-adv-heading252_44424f-31, .wp-block-kadence-advancedheading.kt-adv-heading252_44424f-31[data-kb-block=\"kb-adv-heading252_44424f-31\"]{font-style:normal;}.wp-block-kadence-advancedheading.kt-adv-heading252_44424f-31 mark.kt-highlight, .wp-block-kadence-advancedheading.kt-adv-heading252_44424f-31[data-kb-block=\"kb-adv-heading252_44424f-31\"] mark.kt-highlight{font-style:normal;color:#f76a0c;-webkit-box-decoration-break:clone;box-decoration-break:clone;padding-top:0px;padding-right:0px;padding-bottom:0px;padding-left:0px;}.wp-block-kadence-advancedheading.kt-adv-heading252_44424f-31 img.kb-inline-image, .wp-block-kadence-advancedheading.kt-adv-heading252_44424f-31[data-kb-block=\"kb-adv-heading252_44424f-31\"] img.kb-inline-image{width:150px;vertical-align:baseline;}<\/style>\n<h3 class=\"kt-adv-heading252_44424f-31 wp-block-kadence-advancedheading\" data-kb-block=\"kb-adv-heading252_44424f-31\">Sizin i\u00e7in ne yapabiliriz?<\/h3>\n\n\n<style>.wp-block-kadence-iconlist.kt-svg-icon-list-items252_aadfd9-8c:not(.this-stops-third-party-issues){margin-top:0px;margin-bottom:0px;}.wp-block-kadence-iconlist.kt-svg-icon-list-items252_aadfd9-8c ul.kt-svg-icon-list:not(.this-prevents-issues):not(.this-stops-third-party-issues):not(.tijsloc){margin-top:0px;margin-right:0px;margin-bottom:var(--global-kb-spacing-sm, 1.5rem);margin-left:0px;}.wp-block-kadence-iconlist.kt-svg-icon-list-items252_aadfd9-8c ul.kt-svg-icon-list{grid-row-gap:5px;}.wp-block-kadence-iconlist.kt-svg-icon-list-items252_aadfd9-8c ul.kt-svg-icon-list .kt-svg-icon-list-item-wrap .kt-svg-icon-list-single{margin-right:10px;}.kt-svg-icon-list-items252_aadfd9-8c ul.kt-svg-icon-list .kt-svg-icon-list-level-0 .kt-svg-icon-list-single svg{font-size:20px;}<\/style>\n<div class=\"wp-block-kadence-iconlist kt-svg-icon-list-items kt-svg-icon-list-items252_aadfd9-8c kt-svg-icon-list-columns-1 alignnone kt-list-icon-aligntop\"><ul class=\"kt-svg-icon-list\"><style>.kt-svg-icon-list-item-252_2cfa73-cb .kt-svg-icon-list-text mark.kt-highlight{background-color:unset;font-style:normal;color:#f76a0c;-webkit-box-decoration-break:clone;box-decoration-break:clone;padding-top:0px;padding-right:0px;padding-bottom:0px;padding-left:0px;}<\/style>\n<li class=\"wp-block-kadence-listitem kt-svg-icon-list-item-wrap kt-svg-icon-list-item-252_2cfa73-cb\"><span class=\"kb-svg-icon-wrap kb-svg-icon-fas_check kt-svg-icon-list-single\"><svg viewBox=\"0 0 512 512\"  fill=\"currentColor\" xmlns=\"http:\/\/www.w3.org\/2000\/svg\"  aria-hidden=\"true\"><path d=\"M173.898 439.404l-166.4-166.4c-9.997-9.997-9.997-26.206 0-36.204l36.203-36.204c9.997-9.998 26.207-9.998 36.204 0L192 312.69 432.095 72.596c9.997-9.997 26.207-9.997 36.204 0l36.203 36.204c9.997 9.997 9.997 26.206 0 36.204l-294.4 294.401c-9.998 9.997-26.207 9.997-36.204-.001z\"\/><\/svg><\/span><span class=\"kt-svg-icon-list-text\"><strong><a href=\"https:\/\/werkverkenner.beroepeninbeeld.nl\/\" target=\"_blank\" rel=\"noopener noreferrer nofollow\">Yeteneklerinizi ke\u015ffedin.<\/a> <\/strong>Birlikte, nelerden ho\u015fland\u0131\u011f\u0131n\u0131za ve nelerde iyi oldu\u011funuza bakar\u0131z.<\/span><\/li>\n\n\n<style>.kt-svg-icon-list-item-252_ca84dd-61 .kt-svg-icon-list-text mark.kt-highlight{background-color:unset;font-style:normal;color:#f76a0c;-webkit-box-decoration-break:clone;box-decoration-break:clone;padding-top:0px;padding-right:0px;padding-bottom:0px;padding-left:0px;}<\/style>\n<li class=\"wp-block-kadence-listitem kt-svg-icon-list-item-wrap kt-svg-icon-list-item-252_ca84dd-61\"><span class=\"kb-svg-icon-wrap kb-svg-icon-fas_check kt-svg-icon-list-single\"><svg viewBox=\"0 0 512 512\"  fill=\"currentColor\" xmlns=\"http:\/\/www.w3.org\/2000\/svg\"  aria-hidden=\"true\"><path d=\"M173.898 439.404l-166.4-166.4c-9.997-9.997-9.997-26.206 0-36.204l36.203-36.204c9.997-9.998 26.207-9.998 36.204 0L192 312.69 432.095 72.596c9.997-9.997 26.207-9.997 36.204 0l36.203 36.204c9.997 9.997 9.997 26.206 0 36.204l-294.4 294.401c-9.998 9.997-26.207 9.997-36.204-.001z\"\/><\/svg><\/span><span class=\"kt-svg-icon-list-text\"><strong><a href=\"https:\/\/www.kiesmbo.nl\/\" target=\"_blank\" rel=\"noopener noreferrer nofollow\">\u0130\u015f ba\u015fvurusunda bulunma ve iyi bir CV haz\u0131rlama.<\/a><\/strong>  Pratik ipu\u00e7lar\u0131 veriyor ve g\u00fc\u00e7l\u00fc bir CV ve \u00f6n yaz\u0131 olu\u015fturman\u0131za yard\u0131mc\u0131 oluyoruz.<\/span><\/li>\n\n\n<style>.kt-svg-icon-list-item-252_5404de-c2 .kt-svg-icon-list-text mark.kt-highlight{background-color:unset;font-style:normal;color:#f76a0c;-webkit-box-decoration-break:clone;box-decoration-break:clone;padding-top:0px;padding-right:0px;padding-bottom:0px;padding-left:0px;}<\/style>\n<li class=\"wp-block-kadence-listitem kt-svg-icon-list-item-wrap kt-svg-icon-list-item-252_5404de-c2\"><span class=\"kb-svg-icon-wrap kb-svg-icon-fas_check kt-svg-icon-list-single\"><svg viewBox=\"0 0 512 512\"  fill=\"currentColor\" xmlns=\"http:\/\/www.w3.org\/2000\/svg\"  aria-hidden=\"true\"><path d=\"M173.898 439.404l-166.4-166.4c-9.997-9.997-9.997-26.206 0-36.204l36.203-36.204c9.997-9.998 26.207-9.998 36.204 0L192 312.69 432.095 72.596c9.997-9.997 26.207-9.997 36.204 0l36.203 36.204c9.997 9.997 9.997 26.206 0 36.204l-294.4 294.401c-9.998 9.997-26.207 9.997-36.204-.001z\"\/><\/svg><\/span><span class=\"kt-svg-icon-list-text\"><strong><a href=\"https:\/\/www.studiekeuze123.nl\/\" target=\"_blank\" rel=\"noopener noreferrer nofollow\">Gen\u00e7ler i\u00e7in at\u00f6lye \u00e7al\u0131\u015fmalar\u0131 ve e\u011fitimler.<\/a> <\/strong>Sizi i\u015fe haz\u0131rlayan e\u011fitim kurslar\u0131na kat\u0131labilirsiniz.<\/span><\/li>\n\n\n<style>.kt-svg-icon-list-item-252_1e8add-70 .kt-svg-icon-list-text mark.kt-highlight{background-color:unset;font-style:normal;color:#f76a0c;-webkit-box-decoration-break:clone;box-decoration-break:clone;padding-top:0px;padding-right:0px;padding-bottom:0px;padding-left:0px;}<\/style>\n<li class=\"wp-block-kadence-listitem kt-svg-icon-list-item-wrap kt-svg-icon-list-item-252_1e8add-70\"><span class=\"kb-svg-icon-wrap kb-svg-icon-fas_check kt-svg-icon-list-single\"><svg viewBox=\"0 0 512 512\"  fill=\"currentColor\" xmlns=\"http:\/\/www.w3.org\/2000\/svg\"  aria-hidden=\"true\"><path d=\"M173.898 439.404l-166.4-166.4c-9.997-9.997-9.997-26.206 0-36.204l36.203-36.204c9.997-9.998 26.207-9.998 36.204 0L192 312.69 432.095 72.596c9.997-9.997 26.207-9.997 36.204 0l36.203 36.204c9.997 9.997 9.997 26.206 0 36.204l-294.4 294.401c-9.998 9.997-26.207 9.997-36.204-.001z\"\/><\/svg><\/span><span class=\"kt-svg-icon-list-text\"><strong><a href=\"https:\/\/www.leeroverzicht.nl\/\" target=\"_blank\" rel=\"noopener noreferrer nofollow\">Size uygun bo\u015f pozisyonlar ve e\u011fitim kurslar\u0131.<\/a> <\/strong>\u0130lgi alanlar\u0131n\u0131za uygun i\u015f veya e\u011fitim araman\u0131za yard\u0131mc\u0131 oluyoruz.<\/span><\/li>\n<\/ul><\/div>\n<\/div><\/div>\n\n<\/div><\/div><style>.kb-row-layout-id252_df2f42-ca > .kt-row-column-wrap{align-content:start;}:where(.kb-row-layout-id252_df2f42-ca > .kt-row-column-wrap) > .wp-block-kadence-column{justify-content:start;}.kb-row-layout-id252_df2f42-ca > .kt-row-column-wrap{column-gap:var(--global-kb-gap-md, 2rem);row-gap:var(--global-kb-gap-md, 2rem);padding-top:var(--global-kb-spacing-sm, 1.5rem);padding-bottom:0px;grid-template-columns:minmax(0, calc(60% - ((var(--global-kb-gap-md, 2rem) * 1 )\/2)))minmax(0, calc(40% - ((var(--global-kb-gap-md, 2rem) * 1 )\/2)));}.kb-row-layout-id252_df2f42-ca > .kt-row-layout-overlay{opacity:0.30;}@media all and (max-width: 1024px){.kb-row-layout-id252_df2f42-ca > .kt-row-column-wrap{grid-template-columns:minmax(0, 2fr) minmax(0, 1fr);}}@media all and (max-width: 767px){.kb-row-layout-id252_df2f42-ca > .kt-row-column-wrap{grid-template-columns:minmax(0, 1fr);}}<\/style><div class=\"kb-row-layout-wrap kb-row-layout-id252_df2f42-ca alignnone wp-block-kadence-rowlayout\"><div class=\"kt-row-column-wrap kt-has-2-columns kt-row-layout-left-golden kt-tab-layout-inherit kt-mobile-layout-row kt-row-valign-top\">\n<style>.kadence-column252_12d5c7-39 > .kt-inside-inner-col{padding-top:var(--global-kb-spacing-md, 2rem);padding-right:var(--global-kb-spacing-md, 2rem);padding-bottom:var(--global-kb-spacing-md, 2rem);padding-left:var(--global-kb-spacing-md, 2rem);}.kadence-column252_12d5c7-39 > .kt-inside-inner-col,.kadence-column252_12d5c7-39 > .kt-inside-inner-col:before{border-top-left-radius:50px;border-top-right-radius:50px;border-bottom-right-radius:50px;border-bottom-left-radius:0px;}.kadence-column252_12d5c7-39 > .kt-inside-inner-col{column-gap:var(--global-kb-gap-sm, 1rem);}.kadence-column252_12d5c7-39 > .kt-inside-inner-col{flex-direction:column;}.kadence-column252_12d5c7-39 > .kt-inside-inner-col > .aligncenter{width:100%;}.kadence-column252_12d5c7-39 > .kt-inside-inner-col{background-color:var(--global-palette3, #1A202C);}.kadence-column252_12d5c7-39 > .kt-inside-inner-col:before{opacity:0.3;}.kadence-column252_12d5c7-39, .kadence-column252_12d5c7-39 h1, .kadence-column252_12d5c7-39 h2, .kadence-column252_12d5c7-39 h3, .kadence-column252_12d5c7-39 h4, .kadence-column252_12d5c7-39 h5, .kadence-column252_12d5c7-39 h6{color:var(--global-palette9, #ffffff);}.kadence-column252_12d5c7-39{position:relative;}@media all and (max-width: 1024px){.kadence-column252_12d5c7-39 > .kt-inside-inner-col{flex-direction:column;justify-content:center;}}@media all and (max-width: 767px){.kadence-column252_12d5c7-39 > .kt-inside-inner-col{flex-direction:column;justify-content:center;}}<\/style>\n<div class=\"wp-block-kadence-column kadence-column252_12d5c7-39\"><div class=\"kt-inside-inner-col\"><style>.wp-block-kadence-advancedheading.kt-adv-heading252_b5d75c-ce, .wp-block-kadence-advancedheading.kt-adv-heading252_b5d75c-ce[data-kb-block=\"kb-adv-heading252_b5d75c-ce\"]{font-style:normal;}.wp-block-kadence-advancedheading.kt-adv-heading252_b5d75c-ce mark.kt-highlight, .wp-block-kadence-advancedheading.kt-adv-heading252_b5d75c-ce[data-kb-block=\"kb-adv-heading252_b5d75c-ce\"] mark.kt-highlight{font-style:normal;color:#f76a0c;-webkit-box-decoration-break:clone;box-decoration-break:clone;padding-top:0px;padding-right:0px;padding-bottom:0px;padding-left:0px;}.wp-block-kadence-advancedheading.kt-adv-heading252_b5d75c-ce img.kb-inline-image, .wp-block-kadence-advancedheading.kt-adv-heading252_b5d75c-ce[data-kb-block=\"kb-adv-heading252_b5d75c-ce\"] img.kb-inline-image{width:150px;vertical-align:baseline;}<\/style>\n<h2 class=\"kt-adv-heading252_b5d75c-ce wp-block-kadence-advancedheading\" data-kb-block=\"kb-adv-heading252_b5d75c-ce\"><strong>Yard\u0131ma m\u0131 ihtiyac\u0131n\u0131z var veya sorular\u0131n\u0131z m\u0131 var?<\/strong> <\/h2>\n\n\n\n<p>Randevu alman\u0131z yeterli. Size yard\u0131mc\u0131 olmaktan mutluluk duyaca\u011f\u0131z.   <\/p>\n\n\n<style>.wp-block-kadence-advancedbtn.kb-btns252_5ada22-7a{gap:var(--global-kb-gap-sm, 1rem);justify-content:flex-start;align-items:center;}.kt-btns252_5ada22-7a .kt-button{font-weight:normal;font-style:normal;}.kt-btns252_5ada22-7a .kt-btn-wrap-0{margin-right:5px;}.wp-block-kadence-advancedbtn.kt-btns252_5ada22-7a .kt-btn-wrap-0 .kt-button{color:#555555;border-color:#555555;}.wp-block-kadence-advancedbtn.kt-btns252_5ada22-7a .kt-btn-wrap-0 .kt-button:hover, .wp-block-kadence-advancedbtn.kt-btns252_5ada22-7a .kt-btn-wrap-0 .kt-button:focus{color:#ffffff;border-color:#444444;}.wp-block-kadence-advancedbtn.kt-btns252_5ada22-7a .kt-btn-wrap-0 .kt-button::before{display:none;}.wp-block-kadence-advancedbtn.kt-btns252_5ada22-7a .kt-btn-wrap-0 .kt-button:hover, .wp-block-kadence-advancedbtn.kt-btns252_5ada22-7a .kt-btn-wrap-0 .kt-button:focus{background:#444444;}<\/style>\n<div class=\"wp-block-kadence-advancedbtn kb-buttons-wrap kb-btns252_5ada22-7a\"><style>ul.menu .wp-block-kadence-advancedbtn .kb-btn252_0e5e2a-52.kb-button{width:initial;}.wp-block-kadence-advancedbtn .kb-btn252_0e5e2a-52.kb-button:hover, .wp-block-kadence-advancedbtn .kb-btn252_0e5e2a-52.kb-button:focus{color:var(--global-palette2, #2B6CB0);background:var(--global-palette9, #ffffff);}<\/style><a class=\"kb-button kt-button button kb-btn252_0e5e2a-52 kt-btn-size-standard kt-btn-width-type-auto kb-btn-global-inherit  kt-btn-has-text-true kt-btn-has-svg-false  wp-block-button__link wp-block-kadence-singlebtn\" href=\"\/maak-een-afspraak\/\"><span class=\"kt-btn-inner-text\">Randevu al\u0131n<\/span><\/a>\n\n<style>ul.menu .wp-block-kadence-advancedbtn .kb-btn252_0d1752-e3.kb-button{width:initial;}.wp-block-kadence-advancedbtn .kb-btn252_0d1752-e3.kb-button{background:var(--global-palette3, #1A202C);border-top:1px solid var(--global-palette9, #ffffff);border-right:1px solid var(--global-palette9, #ffffff);border-bottom:1px solid var(--global-palette9, #ffffff);border-left:1px solid var(--global-palette9, #ffffff);}.wp-block-kadence-advancedbtn .kb-btn252_0d1752-e3.kb-button:hover, .wp-block-kadence-advancedbtn .kb-btn252_0d1752-e3.kb-button:focus{color:var(--global-palette2, #2B6CB0);background:var(--global-palette9, #ffffff);}@media all and (max-width: 1024px){.wp-block-kadence-advancedbtn .kb-btn252_0d1752-e3.kb-button{border-top:1px solid var(--global-palette9, #ffffff);border-right:1px solid var(--global-palette9, #ffffff);border-bottom:1px solid var(--global-palette9, #ffffff);border-left:1px solid var(--global-palette9, #ffffff);}}@media all and (max-width: 767px){.wp-block-kadence-advancedbtn .kb-btn252_0d1752-e3.kb-button{border-top:1px solid var(--global-palette9, #ffffff);border-right:1px solid var(--global-palette9, #ffffff);border-bottom:1px solid var(--global-palette9, #ffffff);border-left:1px solid var(--global-palette9, #ffffff);}}<\/style><a class=\"kb-button kt-button button kb-btn252_0d1752-e3 kt-btn-size-standard kt-btn-width-type-auto kb-btn-global-inherit  kt-btn-has-text-true kt-btn-has-svg-false  wp-block-button__link wp-block-kadence-singlebtn\" href=\"https:\/\/werkcentrumzaanstreekwaterland.nl\/werk\/zelftest\/\"><span class=\"kt-btn-inner-text\">Otomatik testi yap\u0131n<\/span><\/a><\/div>\n<\/div><\/div>\n\n\n<style>.kadence-column252_33201f-b0 > .kt-inside-inner-col,.kadence-column252_33201f-b0 > .kt-inside-inner-col:before{border-top-left-radius:0px;border-top-right-radius:0px;border-bottom-right-radius:0px;border-bottom-left-radius:0px;}.kadence-column252_33201f-b0 > .kt-inside-inner-col{column-gap:var(--global-kb-gap-sm, 1rem);}.kadence-column252_33201f-b0 > .kt-inside-inner-col{flex-direction:column;}.kadence-column252_33201f-b0 > .kt-inside-inner-col > .aligncenter{width:100%;}.kadence-column252_33201f-b0 > .kt-inside-inner-col:before{opacity:0.3;}.kadence-column252_33201f-b0{position:relative;}@media all and (max-width: 1024px){.kadence-column252_33201f-b0 > .kt-inside-inner-col{flex-direction:column;justify-content:center;}}@media all and (max-width: 767px){.kadence-column252_33201f-b0 > .kt-inside-inner-col{flex-direction:column;justify-content:center;}}<\/style>\n<div class=\"wp-block-kadence-column kadence-column252_33201f-b0\"><div class=\"kt-inside-inner-col\"><\/div><\/div>\n\n<\/div><\/div>","protected":false},"excerpt":{"rendered":"<p>(Di\u011fer) i\u015flere do\u011fru ilk ad\u0131m\u0131n\u0131z\u0131 at\u0131n \u0130\u015fe girmek istiyorsunuz ama nereden ba\u015flayaca\u011f\u0131n\u0131zdan emin de\u011fil misiniz? \u0130\u015f Merkezi ba\u015flaman\u0131za yard\u0131mc\u0131 olacakt\u0131r. \u0130ster neyi sevdi\u011finizi hen\u00fcz ke\u015ffetmemi\u015f olun, ister tam olarak ne istedi\u011finizi zaten biliyor olun &#8211; bir sonraki ad\u0131m\u0131 atman\u0131zda size destek oluyoruz. Sizin i\u00e7in ne yapabiliriz? Yard\u0131ma m\u0131 ihtiyac\u0131n\u0131z var veya sorular\u0131n\u0131z m\u0131 var? Randevu&#8230;<\/p>\n","protected":false},"author":1,"featured_media":2066,"parent":2261,"menu_order":0,"comment_status":"closed","ping_status":"closed","template":"","meta":{"_acf_changed":false,"_kad_blocks_custom_css":"","_kad_blocks_head_custom_js":"","_kad_blocks_body_custom_js":"","_kad_blocks_footer_custom_js":"","_kad_post_transparent":"","_kad_post_title":"","_kad_post_layout":"","_kad_post_sidebar_id":"","_kad_post_content_style":"","_kad_post_vertical_padding":"","_kad_post_feature":"","_kad_post_feature_position":"","_kad_post_header":false,"_kad_post_footer":false,"_kad_post_classname":"","footnotes":""},"class_list":["post-2362","page","type-page","status-publish","has-post-thumbnail","hentry"],"acf":[],"taxonomy_info":[],"featured_image_src_large":["https:\/\/werkcentrumzaanstreekwaterland.nl\/wp-content\/uploads\/2025\/04\/Van-uitkering-naar-eigen-bedrijf.jpg",1440,960,false],"author_info":{"display_name":"wijzijnmeo","author_link":"https:\/\/werkcentrumzaanstreekwaterland.nl\/tr\/author\/f74aa694a0e3b226\/"},"comment_info":0,"_links":{"self":[{"href":"https:\/\/werkcentrumzaanstreekwaterland.nl\/tr\/wp-json\/wp\/v2\/pages\/2362","targetHints":{"allow":["GET"]}}],"collection":[{"href":"https:\/\/werkcentrumzaanstreekwaterland.nl\/tr\/wp-json\/wp\/v2\/pages"}],"about":[{"href":"https:\/\/werkcentrumzaanstreekwaterland.nl\/tr\/wp-json\/wp\/v2\/types\/page"}],"author":[{"embeddable":true,"href":"https:\/\/werkcentrumzaanstreekwaterland.nl\/tr\/wp-json\/wp\/v2\/users\/1"}],"replies":[{"embeddable":true,"href":"https:\/\/werkcentrumzaanstreekwaterland.nl\/tr\/wp-json\/wp\/v2\/comments?post=2362"}],"version-history":[{"count":1,"href":"https:\/\/werkcentrumzaanstreekwaterland.nl\/tr\/wp-json\/wp\/v2\/pages\/2362\/revisions"}],"predecessor-version":[{"id":2365,"href":"https:\/\/werkcentrumzaanstreekwaterland.nl\/tr\/wp-json\/wp\/v2\/pages\/2362\/revisions\/2365"}],"up":[{"embeddable":true,"href":"https:\/\/werkcentrumzaanstreekwaterland.nl\/tr\/wp-json\/wp\/v2\/pages\/2261"}],"wp:featuredmedia":[{"embeddable":true,"href":"https:\/\/werkcentrumzaanstreekwaterland.nl\/tr\/wp-json\/wp\/v2\/media\/2066"}],"wp:attachment":[{"href":"https:\/\/werkcentrumzaanstreekwaterland.nl\/tr\/wp-json\/wp\/v2\/media?parent=2362"}],"curies":[{"name":"wp","href":"https:\/\/api.w.org\/{rel}","templated":true}]}}