{"id":2349,"date":"2025-04-15T11:09:34","date_gmt":"2025-04-15T09:09:34","guid":{"rendered":"https:\/\/werkcentrumzaanstreekwaterland.nl\/is-arayanlar\/kariyer-koclugu\/"},"modified":"2026-01-22T12:04:38","modified_gmt":"2026-01-22T11:04:38","slug":"kariyer-koclugu","status":"publish","type":"page","link":"https:\/\/werkcentrumzaanstreekwaterland.nl\/tr\/is-arayanlar\/kariyer-koclugu\/","title":{"rendered":"Kariyer ko\u00e7lu\u011fu"},"content":{"rendered":"<style>.kb-row-layout-id248_49842a-fc > .kt-row-column-wrap{align-content:start;}:where(.kb-row-layout-id248_49842a-fc > .kt-row-column-wrap) > .wp-block-kadence-column{justify-content:start;}.kb-row-layout-id248_49842a-fc > .kt-row-column-wrap{column-gap:var(--global-kb-gap-lg, 4rem);row-gap:var(--global-kb-gap-lg, 4rem);padding-top:var(--global-kb-spacing-sm, 1.5rem);padding-bottom:var(--global-kb-spacing-sm, 1.5rem);grid-template-columns:minmax(0, 1fr);}.kb-row-layout-id248_49842a-fc > .kt-row-layout-overlay{opacity:0.30;}@media all and (max-width: 1024px){.kb-row-layout-id248_49842a-fc > .kt-row-column-wrap{column-gap:var(--global-kb-gap-md, 2rem);row-gap:var(--global-kb-gap-md, 2rem);grid-template-columns:minmax(0, 1fr);}}@media all and (max-width: 767px){.kb-row-layout-id248_49842a-fc > .kt-row-column-wrap{column-gap:var(--global-kb-gap-md, 2rem);row-gap:var(--global-kb-gap-md, 2rem);grid-template-columns:minmax(0, 1fr);}}<\/style><div class=\"kb-row-layout-wrap kb-row-layout-id248_49842a-fc alignnone wp-block-kadence-rowlayout\"><div class=\"kt-row-column-wrap kt-has-1-columns kt-row-layout-equal kt-tab-layout-inherit kt-mobile-layout-row kt-row-valign-top\">\n<style>.kadence-column248_8f9e3f-cf > .kt-inside-inner-col,.kadence-column248_8f9e3f-cf > .kt-inside-inner-col:before{border-top-left-radius:0px;border-top-right-radius:0px;border-bottom-right-radius:0px;border-bottom-left-radius:0px;}.kadence-column248_8f9e3f-cf > .kt-inside-inner-col{column-gap:var(--global-kb-gap-sm, 1rem);}.kadence-column248_8f9e3f-cf > .kt-inside-inner-col{flex-direction:column;}.kadence-column248_8f9e3f-cf > .kt-inside-inner-col > .aligncenter{width:100%;}.kadence-column248_8f9e3f-cf > .kt-inside-inner-col:before{opacity:0.3;}.kadence-column248_8f9e3f-cf{position:relative;}@media all and (max-width: 1024px){.kadence-column248_8f9e3f-cf > .kt-inside-inner-col{flex-direction:column;justify-content:center;}}@media all and (max-width: 767px){.kadence-column248_8f9e3f-cf > .kt-inside-inner-col{flex-direction:column;justify-content:center;}}<\/style>\n<div class=\"wp-block-kadence-column kadence-column248_8f9e3f-cf\"><div class=\"kt-inside-inner-col\"><style>.wp-block-kadence-advancedheading.kt-adv-heading248_1ac015-bd, .wp-block-kadence-advancedheading.kt-adv-heading248_1ac015-bd[data-kb-block=\"kb-adv-heading248_1ac015-bd\"]{font-style:normal;}.wp-block-kadence-advancedheading.kt-adv-heading248_1ac015-bd mark.kt-highlight, .wp-block-kadence-advancedheading.kt-adv-heading248_1ac015-bd[data-kb-block=\"kb-adv-heading248_1ac015-bd\"] mark.kt-highlight{font-style:normal;color:#f76a0c;-webkit-box-decoration-break:clone;box-decoration-break:clone;padding-top:0px;padding-right:0px;padding-bottom:0px;padding-left:0px;}.wp-block-kadence-advancedheading.kt-adv-heading248_1ac015-bd img.kb-inline-image, .wp-block-kadence-advancedheading.kt-adv-heading248_1ac015-bd[data-kb-block=\"kb-adv-heading248_1ac015-bd\"] img.kb-inline-image{width:150px;vertical-align:baseline;}<\/style>\n<h2 class=\"kt-adv-heading248_1ac015-bd wp-block-kadence-advancedheading\" data-kb-block=\"kb-adv-heading248_1ac015-bd\">Ki\u015fisel kariyer tavsiyeleri<\/h2>\n\n\n\n<p>Yeni bir \u015feye haz\u0131r m\u0131s\u0131n\u0131z veya mevcut i\u015finizden \u015f\u00fcphe mi duyuyorsunuz? Kariyer dan\u0131\u015fmanlar\u0131m\u0131z yeteneklerinizin ve ilgi alanlar\u0131n\u0131z\u0131n nerede yatt\u0131\u011f\u0131n\u0131 birlikte ke\u015ffetmeye haz\u0131r. Durumunuzu tam olarak anlamak i\u00e7in zaman ay\u0131r\u0131yor ve size ger\u00e7ekten uygun olan i\u015fe do\u011fru ad\u0131m atmak i\u00e7in ne gibi olanaklar oldu\u011funu tart\u0131\u015f\u0131yoruz.  <\/p>\n\n\n<style>.wp-block-kadence-advancedheading.kt-adv-heading248_5be22e-65, .wp-block-kadence-advancedheading.kt-adv-heading248_5be22e-65[data-kb-block=\"kb-adv-heading248_5be22e-65\"]{font-style:normal;}.wp-block-kadence-advancedheading.kt-adv-heading248_5be22e-65 mark.kt-highlight, .wp-block-kadence-advancedheading.kt-adv-heading248_5be22e-65[data-kb-block=\"kb-adv-heading248_5be22e-65\"] mark.kt-highlight{font-style:normal;color:#f76a0c;-webkit-box-decoration-break:clone;box-decoration-break:clone;padding-top:0px;padding-right:0px;padding-bottom:0px;padding-left:0px;}.wp-block-kadence-advancedheading.kt-adv-heading248_5be22e-65 img.kb-inline-image, .wp-block-kadence-advancedheading.kt-adv-heading248_5be22e-65[data-kb-block=\"kb-adv-heading248_5be22e-65\"] img.kb-inline-image{width:150px;vertical-align:baseline;}<\/style>\n<h3 class=\"kt-adv-heading248_5be22e-65 wp-block-kadence-advancedheading\" data-kb-block=\"kb-adv-heading248_5be22e-65\">Ne bekleyebilirsiniz ki?<\/h3>\n\n\n<style>.wp-block-kadence-iconlist.kt-svg-icon-list-items248_c26dbf-86:not(.this-stops-third-party-issues){margin-top:0px;margin-bottom:0px;}.wp-block-kadence-iconlist.kt-svg-icon-list-items248_c26dbf-86 ul.kt-svg-icon-list:not(.this-prevents-issues):not(.this-stops-third-party-issues):not(.tijsloc){margin-top:0px;margin-right:0px;margin-bottom:var(--global-kb-spacing-sm, 1.5rem);margin-left:0px;}.wp-block-kadence-iconlist.kt-svg-icon-list-items248_c26dbf-86 ul.kt-svg-icon-list{grid-row-gap:5px;}.wp-block-kadence-iconlist.kt-svg-icon-list-items248_c26dbf-86 ul.kt-svg-icon-list .kt-svg-icon-list-item-wrap .kt-svg-icon-list-single{margin-right:10px;}.kt-svg-icon-list-items248_c26dbf-86 ul.kt-svg-icon-list .kt-svg-icon-list-level-0 .kt-svg-icon-list-single svg{font-size:20px;}<\/style>\n<div class=\"wp-block-kadence-iconlist kt-svg-icon-list-items kt-svg-icon-list-items248_c26dbf-86 kt-svg-icon-list-columns-1 alignnone kt-list-icon-aligntop\"><ul class=\"kt-svg-icon-list\"><style>.kt-svg-icon-list-item-248_75c42e-35 .kt-svg-icon-list-text mark.kt-highlight{background-color:unset;font-style:normal;color:#f76a0c;-webkit-box-decoration-break:clone;box-decoration-break:clone;padding-top:0px;padding-right:0px;padding-bottom:0px;padding-left:0px;}<\/style>\n<li class=\"wp-block-kadence-listitem kt-svg-icon-list-item-wrap kt-svg-icon-list-item-248_75c42e-35\"><span class=\"kb-svg-icon-wrap kb-svg-icon-fas_check kt-svg-icon-list-single\"><svg viewBox=\"0 0 512 512\"  fill=\"currentColor\" xmlns=\"http:\/\/www.w3.org\/2000\/svg\"  aria-hidden=\"true\"><path d=\"M173.898 439.404l-166.4-166.4c-9.997-9.997-9.997-26.206 0-36.204l36.203-36.204c9.997-9.998 26.207-9.998 36.204 0L192 312.69 432.095 72.596c9.997-9.997 26.207-9.997 36.204 0l36.203 36.204c9.997 9.997 9.997 26.206 0 36.204l-294.4 294.401c-9.998 9.997-26.207 9.997-36.204-.001z\"\/><\/svg><\/span><span class=\"kt-svg-icon-list-text\"><strong>Ki\u015fisel g\u00f6r\u00fc\u015fme:<\/strong> ihtiya\u00e7lar\u0131n\u0131z\u0131 ve hedeflerinizi netle\u015ftirmek.<\/span><\/li>\n\n\n<style>.kt-svg-icon-list-item-248_3de066-f6 .kt-svg-icon-list-text mark.kt-highlight{background-color:unset;font-style:normal;color:#f76a0c;-webkit-box-decoration-break:clone;box-decoration-break:clone;padding-top:0px;padding-right:0px;padding-bottom:0px;padding-left:0px;}<\/style>\n<li class=\"wp-block-kadence-listitem kt-svg-icon-list-item-wrap kt-svg-icon-list-item-248_3de066-f6\"><span class=\"kb-svg-icon-wrap kb-svg-icon-fas_check kt-svg-icon-list-single\"><svg viewBox=\"0 0 512 512\"  fill=\"currentColor\" xmlns=\"http:\/\/www.w3.org\/2000\/svg\"  aria-hidden=\"true\"><path d=\"M173.898 439.404l-166.4-166.4c-9.997-9.997-9.997-26.206 0-36.204l36.203-36.204c9.997-9.998 26.207-9.998 36.204 0L192 312.69 432.095 72.596c9.997-9.997 26.207-9.997 36.204 0l36.203 36.204c9.997 9.997 9.997 26.206 0 36.204l-294.4 294.401c-9.998 9.997-26.207 9.997-36.204-.001z\"\/><\/svg><\/span><span class=\"kt-svg-icon-list-text\">Ki\u015fiye <strong>\u00f6zel dan\u0131\u015fmanl\u0131k:<\/strong> olas\u0131 i\u015fler ve meslekler.<\/span><\/li>\n\n\n<style>.kt-svg-icon-list-item-248_11926d-ba .kt-svg-icon-list-text mark.kt-highlight{background-color:unset;font-style:normal;color:#f76a0c;-webkit-box-decoration-break:clone;box-decoration-break:clone;padding-top:0px;padding-right:0px;padding-bottom:0px;padding-left:0px;}<\/style>\n<li class=\"wp-block-kadence-listitem kt-svg-icon-list-item-wrap kt-svg-icon-list-item-248_11926d-ba\"><span class=\"kb-svg-icon-wrap kb-svg-icon-fas_check kt-svg-icon-list-single\"><svg viewBox=\"0 0 512 512\"  fill=\"currentColor\" xmlns=\"http:\/\/www.w3.org\/2000\/svg\"  aria-hidden=\"true\"><path d=\"M173.898 439.404l-166.4-166.4c-9.997-9.997-9.997-26.206 0-36.204l36.203-36.204c9.997-9.998 26.207-9.998 36.204 0L192 312.69 432.095 72.596c9.997-9.997 26.207-9.997 36.204 0l36.203 36.204c9.997 9.997 9.997 26.206 0 36.204l-294.4 294.401c-9.998 9.997-26.207 9.997-36.204-.001z\"\/><\/svg><\/span><span class=\"kt-svg-icon-list-text\"><strong>Kariyer plan\u0131n\u0131zla ilgili destek:<\/strong> gelecek plan\u0131n\u0131zla ilgili pratik yard\u0131m.<\/span><\/li>\n\n\n<style>.kt-svg-icon-list-item-248_f78a3a-cf .kt-svg-icon-list-text mark.kt-highlight{background-color:unset;font-style:normal;color:#f76a0c;-webkit-box-decoration-break:clone;box-decoration-break:clone;padding-top:0px;padding-right:0px;padding-bottom:0px;padding-left:0px;}<\/style>\n<li class=\"wp-block-kadence-listitem kt-svg-icon-list-item-wrap kt-svg-icon-list-item-248_f78a3a-cf\"><span class=\"kb-svg-icon-wrap kb-svg-icon-fas_check kt-svg-icon-list-single\"><svg viewBox=\"0 0 512 512\"  fill=\"currentColor\" xmlns=\"http:\/\/www.w3.org\/2000\/svg\"  aria-hidden=\"true\"><path d=\"M173.898 439.404l-166.4-166.4c-9.997-9.997-9.997-26.206 0-36.204l36.203-36.204c9.997-9.998 26.207-9.998 36.204 0L192 312.69 432.095 72.596c9.997-9.997 26.207-9.997 36.204 0l36.203 36.204c9.997 9.997 9.997 26.206 0 36.204l-294.4 294.401c-9.998 9.997-26.207 9.997-36.204-.001z\"\/><\/svg><\/span><span class=\"kt-svg-icon-list-text\"><strong>Uygun e\u011fitim ve kurslar:<\/strong> e\u011fitim bulma konusunda yard\u0131m.<\/span><\/li>\n<\/ul><\/div>\n\n\n\n<p>Zaanstreek Waterland b\u00f6lgesinde yeni bir ta\u015f\u0131nmaya hemen ba\u015flamak ister misiniz? O halde dan\u0131\u015fmanlar\u0131m\u0131zdan biriyle randevu alman\u0131z yeterli. Birlikte, g\u00fcvenle ilerleyebilece\u011finizden emin olaca\u011f\u0131z.  <\/p>\n\n\n<style>.wp-block-kadence-advancedbtn.kb-btns248_cd91c9-74{gap:var(--global-kb-gap-sm, 1rem);justify-content:flex-start;align-items:center;}.kt-btns248_cd91c9-74 .kt-button{font-weight:normal;font-style:normal;}.kt-btns248_cd91c9-74 .kt-btn-wrap-0{margin-right:5px;}.wp-block-kadence-advancedbtn.kt-btns248_cd91c9-74 .kt-btn-wrap-0 .kt-button{color:#555555;border-color:#555555;}.wp-block-kadence-advancedbtn.kt-btns248_cd91c9-74 .kt-btn-wrap-0 .kt-button:hover, .wp-block-kadence-advancedbtn.kt-btns248_cd91c9-74 .kt-btn-wrap-0 .kt-button:focus{color:#ffffff;border-color:#444444;}.wp-block-kadence-advancedbtn.kt-btns248_cd91c9-74 .kt-btn-wrap-0 .kt-button::before{display:none;}.wp-block-kadence-advancedbtn.kt-btns248_cd91c9-74 .kt-btn-wrap-0 .kt-button:hover, .wp-block-kadence-advancedbtn.kt-btns248_cd91c9-74 .kt-btn-wrap-0 .kt-button:focus{background:#444444;}<\/style>\n<div class=\"wp-block-kadence-advancedbtn kb-buttons-wrap kb-btns248_cd91c9-74\"><style>ul.menu .wp-block-kadence-advancedbtn .kb-btn248_f8a6fc-42.kb-button{width:initial;}<\/style><a class=\"kb-button kt-button button kb-btn248_f8a6fc-42 kt-btn-size-standard kt-btn-width-type-auto kb-btn-global-inherit  kt-btn-has-text-true kt-btn-has-svg-false  wp-block-button__link wp-block-kadence-singlebtn\" href=\"https:\/\/werkcentrumzaanstreekwaterland.nl\/tr\/cagri-talep-edin\/\"><span class=\"kt-btn-inner-text\">Randevunuzu \u015fimdi planlay\u0131n<\/span><\/a>\n\n<style>ul.menu .wp-block-kadence-advancedbtn .kb-btn248_00e7e4-32.kb-button{width:initial;}.wp-block-kadence-advancedbtn .kb-btn248_00e7e4-32.kb-button{background:var(--global-palette1, #3182CE);}.wp-block-kadence-advancedbtn .kb-btn248_00e7e4-32.kb-button:hover, .wp-block-kadence-advancedbtn .kb-btn248_00e7e4-32.kb-button:focus{background:var(--global-palette2, #2B6CB0);}<\/style><a class=\"kb-button kt-button button kb-btn248_00e7e4-32 kt-btn-size-standard kt-btn-width-type-auto kb-btn-global-inherit  kt-btn-has-text-true kt-btn-has-svg-false  wp-block-button__link wp-block-kadence-singlebtn\" href=\"https:\/\/werkcentrumzaanstreekwaterland.nl\/werk\/zelftest\/\"><span class=\"kt-btn-inner-text\">Otomatik testi yap\u0131n<\/span><\/a><\/div>\n\n\n<style>.kadence-column248_afac87-06 > .kt-inside-inner-col{padding-top:var(--global-kb-spacing-lg, 3rem);padding-right:var(--global-kb-spacing-lg, 3rem);padding-bottom:var(--global-kb-spacing-lg, 3rem);padding-left:var(--global-kb-spacing-lg, 3rem);}.kadence-column248_afac87-06 > .kt-inside-inner-col{border-top:1px solid var(--global-palette1, #3182CE);border-right:1px solid var(--global-palette1, #3182CE);border-bottom:1px solid var(--global-palette1, #3182CE);border-left:1px solid var(--global-palette1, #3182CE);}.kadence-column248_afac87-06 > .kt-inside-inner-col,.kadence-column248_afac87-06 > .kt-inside-inner-col:before{border-top-left-radius:50px;border-top-right-radius:50px;border-bottom-right-radius:50px;border-bottom-left-radius:0px;}.kadence-column248_afac87-06 > .kt-inside-inner-col{column-gap:var(--global-kb-gap-sm, 1rem);}.kadence-column248_afac87-06 > .kt-inside-inner-col{flex-direction:column;}.kadence-column248_afac87-06 > .kt-inside-inner-col > .aligncenter{width:100%;}.kadence-column248_afac87-06 > .kt-inside-inner-col{background-color:var(--global-palette9, #ffffff);}.kadence-column248_afac87-06 > .kt-inside-inner-col:before{opacity:0.3;}.kadence-column248_afac87-06, .kadence-column248_afac87-06 h1, .kadence-column248_afac87-06 h2, .kadence-column248_afac87-06 h3, .kadence-column248_afac87-06 h4, .kadence-column248_afac87-06 h5, .kadence-column248_afac87-06 h6{color:var(--global-palette3, #1A202C);}.kadence-column248_afac87-06 a{color:var(--global-palette1, #3182CE);}.kadence-column248_afac87-06 a:hover{color:var(--global-palette2, #2B6CB0);}.kadence-column248_afac87-06{position:relative;}@media all and (max-width: 1024px){.kadence-column248_afac87-06 > .kt-inside-inner-col{border-top:1px solid var(--global-palette1, #3182CE);border-right:1px solid var(--global-palette1, #3182CE);border-bottom:1px solid var(--global-palette1, #3182CE);border-left:1px solid var(--global-palette1, #3182CE);flex-direction:column;justify-content:center;}}@media all and (max-width: 767px){.kadence-column248_afac87-06 > .kt-inside-inner-col{padding-top:var(--global-kb-spacing-lg, 3rem);padding-right:var(--global-kb-spacing-md, 2rem);padding-bottom:var(--global-kb-spacing-md, 2rem);padding-left:var(--global-kb-spacing-md, 2rem);border-top:1px solid var(--global-palette1, #3182CE);border-right:1px solid var(--global-palette1, #3182CE);border-bottom:1px solid var(--global-palette1, #3182CE);border-left:1px solid var(--global-palette1, #3182CE);flex-direction:column;justify-content:center;}}<\/style>\n<div class=\"wp-block-kadence-column kadence-column248_afac87-06 kvs-lg-false kvs-md-false kvs-sm-false\"><div class=\"kt-inside-inner-col\">\n<p>Rehberli\u011fimiz \u00fccretsizdir ve durumunuza g\u00f6re uyarlanm\u0131\u015ft\u0131r. Bizimle ileti\u015fime ge\u00e7in ve kariyer yolculu\u011funuza ba\u015flay\u0131n. <\/p>\n\n\n<\/div><\/div>\n<\/div><\/div>\n\n<\/div><\/div>","protected":false},"excerpt":{"rendered":"<p>Ki\u015fisel kariyer tavsiyeleri Yeni bir \u015feye haz\u0131r m\u0131s\u0131n\u0131z veya mevcut i\u015finizden \u015f\u00fcphe mi duyuyorsunuz? Kariyer dan\u0131\u015fmanlar\u0131m\u0131z yeteneklerinizin ve ilgi alanlar\u0131n\u0131z\u0131n nerede yatt\u0131\u011f\u0131n\u0131 birlikte ke\u015ffetmeye haz\u0131r. Durumunuzu tam olarak anlamak i\u00e7in zaman ay\u0131r\u0131yor ve size ger\u00e7ekten uygun olan i\u015fe do\u011fru ad\u0131m atmak i\u00e7in ne gibi olanaklar oldu\u011funu tart\u0131\u015f\u0131yoruz. Ne bekleyebilirsiniz ki? Zaanstreek Waterland b\u00f6lgesinde yeni bir&#8230;<\/p>\n","protected":false},"author":1,"featured_media":2066,"parent":2261,"menu_order":0,"comment_status":"closed","ping_status":"closed","template":"","meta":{"_acf_changed":false,"_kad_blocks_custom_css":"","_kad_blocks_head_custom_js":"","_kad_blocks_body_custom_js":"","_kad_blocks_footer_custom_js":"","_kad_post_transparent":"","_kad_post_title":"","_kad_post_layout":"","_kad_post_sidebar_id":"","_kad_post_content_style":"","_kad_post_vertical_padding":"","_kad_post_feature":"","_kad_post_feature_position":"","_kad_post_header":false,"_kad_post_footer":false,"_kad_post_classname":"","footnotes":""},"class_list":["post-2349","page","type-page","status-publish","has-post-thumbnail","hentry"],"acf":[],"taxonomy_info":[],"featured_image_src_large":["https:\/\/werkcentrumzaanstreekwaterland.nl\/wp-content\/uploads\/2025\/04\/Van-uitkering-naar-eigen-bedrijf.jpg",1440,960,false],"author_info":{"display_name":"wijzijnmeo","author_link":"https:\/\/werkcentrumzaanstreekwaterland.nl\/tr\/author\/f74aa694a0e3b226\/"},"comment_info":0,"_links":{"self":[{"href":"https:\/\/werkcentrumzaanstreekwaterland.nl\/tr\/wp-json\/wp\/v2\/pages\/2349","targetHints":{"allow":["GET"]}}],"collection":[{"href":"https:\/\/werkcentrumzaanstreekwaterland.nl\/tr\/wp-json\/wp\/v2\/pages"}],"about":[{"href":"https:\/\/werkcentrumzaanstreekwaterland.nl\/tr\/wp-json\/wp\/v2\/types\/page"}],"author":[{"embeddable":true,"href":"https:\/\/werkcentrumzaanstreekwaterland.nl\/tr\/wp-json\/wp\/v2\/users\/1"}],"replies":[{"embeddable":true,"href":"https:\/\/werkcentrumzaanstreekwaterland.nl\/tr\/wp-json\/wp\/v2\/comments?post=2349"}],"version-history":[{"count":1,"href":"https:\/\/werkcentrumzaanstreekwaterland.nl\/tr\/wp-json\/wp\/v2\/pages\/2349\/revisions"}],"predecessor-version":[{"id":2353,"href":"https:\/\/werkcentrumzaanstreekwaterland.nl\/tr\/wp-json\/wp\/v2\/pages\/2349\/revisions\/2353"}],"up":[{"embeddable":true,"href":"https:\/\/werkcentrumzaanstreekwaterland.nl\/tr\/wp-json\/wp\/v2\/pages\/2261"}],"wp:featuredmedia":[{"embeddable":true,"href":"https:\/\/werkcentrumzaanstreekwaterland.nl\/tr\/wp-json\/wp\/v2\/media\/2066"}],"wp:attachment":[{"href":"https:\/\/werkcentrumzaanstreekwaterland.nl\/tr\/wp-json\/wp\/v2\/media?parent=2349"}],"curies":[{"name":"wp","href":"https:\/\/api.w.org\/{rel}","templated":true}]}}