{"id":2337,"date":"2025-04-14T14:49:20","date_gmt":"2025-04-14T12:49:20","guid":{"rendered":"https:\/\/werkcentrumzaanstreekwaterland.nl\/gundem\/"},"modified":"2026-01-28T17:29:21","modified_gmt":"2026-01-28T16:29:21","slug":"gundem","status":"publish","type":"page","link":"https:\/\/werkcentrumzaanstreekwaterland.nl\/tr\/gundem\/","title":{"rendered":"G\u00fcndem"},"content":{"rendered":"<style>.kb-row-layout-id2337_d84937-99 > .kt-row-column-wrap{align-content:start;}:where(.kb-row-layout-id2337_d84937-99 > .kt-row-column-wrap) > .wp-block-kadence-column{justify-content:start;}.kb-row-layout-id2337_d84937-99 > .kt-row-column-wrap{column-gap:var(--global-kb-gap-md, 2rem);row-gap:var(--global-kb-gap-md, 2rem);max-width:100%;margin-left:auto;margin-right:auto;padding-top:var(--global-kb-spacing-sm, 1.5rem);padding-bottom:var(--global-kb-spacing-sm, 1.5rem);grid-template-columns:minmax(0, 1fr);}.kb-row-layout-id2337_d84937-99 > .kt-row-layout-overlay{opacity:0.30;}@media all and (max-width: 1024px){.kb-row-layout-id2337_d84937-99 > .kt-row-column-wrap{grid-template-columns:minmax(0, 1fr);}}@media all and (max-width: 767px){.kb-row-layout-id2337_d84937-99 > .kt-row-column-wrap{grid-template-columns:minmax(0, 1fr);}}<\/style><div class=\"kb-row-layout-wrap kb-row-layout-id2337_d84937-99 alignnone wp-block-kadence-rowlayout\"><div class=\"kt-row-column-wrap kt-has-1-columns kt-row-layout-equal kt-tab-layout-inherit kt-mobile-layout-row kt-row-valign-top\">\n<style>.kadence-column2337_b15c56-7f > .kt-inside-inner-col{padding-bottom:var(--global-kb-spacing-lg, 3rem);}.kadence-column2337_b15c56-7f > .kt-inside-inner-col,.kadence-column2337_b15c56-7f > .kt-inside-inner-col:before{border-top-left-radius:0px;border-top-right-radius:0px;border-bottom-right-radius:0px;border-bottom-left-radius:0px;}.kadence-column2337_b15c56-7f > .kt-inside-inner-col{column-gap:var(--global-kb-gap-sm, 1rem);}.kadence-column2337_b15c56-7f > .kt-inside-inner-col{flex-direction:column;}.kadence-column2337_b15c56-7f > .kt-inside-inner-col > .aligncenter{width:100%;}.kadence-column2337_b15c56-7f > .kt-inside-inner-col:before{opacity:0.3;}.kadence-column2337_b15c56-7f{position:relative;}@media all and (max-width: 1024px){.kadence-column2337_b15c56-7f > .kt-inside-inner-col{flex-direction:column;justify-content:center;}}@media all and (max-width: 767px){.kadence-column2337_b15c56-7f > .kt-inside-inner-col{flex-direction:column;justify-content:center;}}<\/style>\n<div class=\"wp-block-kadence-column kadence-column2337_b15c56-7f\"><div class=\"kt-inside-inner-col\"><style>.wp-block-kadence-advancedheading.kt-adv-heading2337_65295c-28, .wp-block-kadence-advancedheading.kt-adv-heading2337_65295c-28[data-kb-block=\"kb-adv-heading2337_65295c-28\"]{font-style:normal;}.wp-block-kadence-advancedheading.kt-adv-heading2337_65295c-28 mark.kt-highlight, .wp-block-kadence-advancedheading.kt-adv-heading2337_65295c-28[data-kb-block=\"kb-adv-heading2337_65295c-28\"] mark.kt-highlight{font-style:normal;color:#f76a0c;-webkit-box-decoration-break:clone;box-decoration-break:clone;padding-top:0px;padding-right:0px;padding-bottom:0px;padding-left:0px;}.wp-block-kadence-advancedheading.kt-adv-heading2337_65295c-28 img.kb-inline-image, .wp-block-kadence-advancedheading.kt-adv-heading2337_65295c-28[data-kb-block=\"kb-adv-heading2337_65295c-28\"] img.kb-inline-image{width:150px;vertical-align:baseline;}<\/style>\n<h2 class=\"kt-adv-heading2337_65295c-28 wp-block-kadence-advancedheading\" data-kb-block=\"kb-adv-heading2337_65295c-28\"><strong>Zaanstreek Waterland b\u00f6lgesinde yap\u0131lacak \u015feyleri \u00f6\u011frenin<\/strong><\/h2>\n\n\n\n<p>\u0130\u015f Merkezi, i\u015f arayanlar, \u00e7al\u0131\u015fanlar ve i\u015fverenler i\u00e7in d\u00fczenli etkinlikler d\u00fczenlemektedir. U\u011frama anlar\u0131ndan e\u011fitim oturumlar\u0131na ve etkinliklere kadar: kat\u0131labilirsiniz. Her \u015fey tan\u0131\u015fma, geli\u015fme ve i\u015fe ya da personele y\u00f6nelik somut ad\u0131mlar atmaya y\u00f6neliktir.  <\/p>\n\n\n\n<p><strong>Takvimimizde bulabilirsiniz:<\/strong><\/p>\n\n\n<style>.wp-block-kadence-iconlist.kt-svg-icon-list-items2337_4ae226-90:not(.this-stops-third-party-issues){margin-top:0px;margin-bottom:0px;}.wp-block-kadence-iconlist.kt-svg-icon-list-items2337_4ae226-90 ul.kt-svg-icon-list:not(.this-prevents-issues):not(.this-stops-third-party-issues):not(.tijsloc){margin-top:0px;margin-right:0px;margin-bottom:var(--global-kb-spacing-sm, 1.5rem);margin-left:0px;padding-bottom:0px;}.wp-block-kadence-iconlist.kt-svg-icon-list-items2337_4ae226-90 ul.kt-svg-icon-list{grid-row-gap:5px;}.wp-block-kadence-iconlist.kt-svg-icon-list-items2337_4ae226-90 ul.kt-svg-icon-list .kt-svg-icon-list-item-wrap .kt-svg-icon-list-single{margin-right:10px;}.kt-svg-icon-list-items2337_4ae226-90 ul.kt-svg-icon-list .kt-svg-icon-list-level-0 .kt-svg-icon-list-single svg{font-size:20px;}<\/style>\n<div class=\"wp-block-kadence-iconlist kt-svg-icon-list-items kt-svg-icon-list-items2337_4ae226-90 kt-svg-icon-list-columns-1 alignnone\"><ul class=\"kt-svg-icon-list\"><style>.kt-svg-icon-list-item-2337_243b4e-65 .kt-svg-icon-list-text mark.kt-highlight{background-color:unset;font-style:normal;color:#f76a0c;-webkit-box-decoration-break:clone;box-decoration-break:clone;padding-top:0px;padding-right:0px;padding-bottom:0px;padding-left:0px;}<\/style>\n<li class=\"wp-block-kadence-listitem kt-svg-icon-list-item-wrap kt-svg-icon-list-item-2337_243b4e-65\"><span class=\"kb-svg-icon-wrap kb-svg-icon-fas_check kt-svg-icon-list-single\"><svg viewBox=\"0 0 512 512\"  fill=\"currentColor\" xmlns=\"http:\/\/www.w3.org\/2000\/svg\"  aria-hidden=\"true\"><path d=\"M173.898 439.404l-166.4-166.4c-9.997-9.997-9.997-26.206 0-36.204l36.203-36.204c9.997-9.998 26.207-9.998 36.204 0L192 312.69 432.095 72.596c9.997-9.997 26.207-9.997 36.204 0l36.203 36.204c9.997 9.997 9.997 26.206 0 36.204l-294.4 294.401c-9.998 9.997-26.207 9.997-36.204-.001z\"\/><\/svg><\/span><span class=\"kt-svg-icon-list-text\">\u0130\u015f ba\u015fvurusu, kariyer geli\u015fimi veya insan kaynaklar\u0131 konular\u0131nda at\u00f6lye \u00e7al\u0131\u015fmalar\u0131 ve e\u011fitim kurslar\u0131.<\/span><\/li>\n\n\n<style>.kt-svg-icon-list-item-2337_763eff-dc .kt-svg-icon-list-text mark.kt-highlight{background-color:unset;font-style:normal;color:#f76a0c;-webkit-box-decoration-break:clone;box-decoration-break:clone;padding-top:0px;padding-right:0px;padding-bottom:0px;padding-left:0px;}<\/style>\n<li class=\"wp-block-kadence-listitem kt-svg-icon-list-item-wrap kt-svg-icon-list-item-2337_763eff-dc\"><span class=\"kb-svg-icon-wrap kb-svg-icon-fas_check kt-svg-icon-list-single\"><svg viewBox=\"0 0 512 512\"  fill=\"currentColor\" xmlns=\"http:\/\/www.w3.org\/2000\/svg\"  aria-hidden=\"true\"><path d=\"M173.898 439.404l-166.4-166.4c-9.997-9.997-9.997-26.206 0-36.204l36.203-36.204c9.997-9.998 26.207-9.998 36.204 0L192 312.69 432.095 72.596c9.997-9.997 26.207-9.997 36.204 0l36.203 36.204c9.997 9.997 9.997 26.206 0 36.204l-294.4 294.401c-9.998 9.997-26.207 9.997-36.204-.001z\"\/><\/svg><\/span><span class=\"kt-svg-icon-list-text\">\u0130\u015f fuarlar\u0131, a\u011f kurma toplant\u0131lar\u0131 ve tema g\u00fcnleri gibi etkinlikler.<\/span><\/li>\n\n\n<style>.kt-svg-icon-list-item-2337_711ee7-77 .kt-svg-icon-list-text mark.kt-highlight{background-color:unset;font-style:normal;color:#f76a0c;-webkit-box-decoration-break:clone;box-decoration-break:clone;padding-top:0px;padding-right:0px;padding-bottom:0px;padding-left:0px;}<\/style>\n<li class=\"wp-block-kadence-listitem kt-svg-icon-list-item-wrap kt-svg-icon-list-item-2337_711ee7-77\"><span class=\"kb-svg-icon-wrap kb-svg-icon-fas_check kt-svg-icon-list-single\"><svg viewBox=\"0 0 512 512\"  fill=\"currentColor\" xmlns=\"http:\/\/www.w3.org\/2000\/svg\"  aria-hidden=\"true\"><path d=\"M173.898 439.404l-166.4-166.4c-9.997-9.997-9.997-26.206 0-36.204l36.203-36.204c9.997-9.998 26.207-9.998 36.204 0L192 312.69 432.095 72.596c9.997-9.997 26.207-9.997 36.204 0l36.203 36.204c9.997 9.997 9.997 26.206 0 36.204l-294.4 294.401c-9.998 9.997-26.207 9.997-36.204-.001z\"\/><\/svg><\/span><span class=\"kt-svg-icon-list-text\">Randevu almak i\u00e7in an\u0131nda f\u0131rsatlar.<\/span><\/li>\n<\/ul><\/div>\n\n\n\n<p><strong>Takvimi g\u00f6r\u00fcnt\u00fcleyin ve kolayca kaydolun. Bir\u00e7ok etkinlik \u00fccretsiz ve d\u00fc\u015f\u00fck e\u015fiklidir. <\/strong><\/p>\n<\/div><\/div>\n\n<\/div><\/div>\n\n<style>.kb-row-layout-id2337_0fb024-e0 > .kt-row-column-wrap{align-content:start;}:where(.kb-row-layout-id2337_0fb024-e0 > .kt-row-column-wrap) > .wp-block-kadence-column{justify-content:start;}.kb-row-layout-id2337_0fb024-e0 > .kt-row-column-wrap{column-gap:var(--global-kb-gap-md, 2rem);row-gap:var(--global-kb-gap-md, 2rem);padding-top:var(--global-kb-spacing-sm, 1.5rem);padding-bottom:var(--global-kb-spacing-sm, 1.5rem);grid-template-columns:minmax(0, 1fr);}.kb-row-layout-id2337_0fb024-e0 > .kt-row-layout-overlay{opacity:0.30;}@media all and (max-width: 1024px){.kb-row-layout-id2337_0fb024-e0 > .kt-row-column-wrap{grid-template-columns:minmax(0, 1fr);}}@media all and (max-width: 767px){.kb-row-layout-id2337_0fb024-e0 > .kt-row-column-wrap{grid-template-columns:minmax(0, 1fr);}}<\/style><div class=\"kb-row-layout-wrap kb-row-layout-id2337_0fb024-e0 alignnone wp-block-kadence-rowlayout\"><div class=\"kt-row-column-wrap kt-has-1-columns kt-row-layout-equal kt-tab-layout-inherit kt-mobile-layout-row kt-row-valign-top\">\n<style>.kadence-column2337_6b30b2-c3 > .kt-inside-inner-col,.kadence-column2337_6b30b2-c3 > .kt-inside-inner-col:before{border-top-left-radius:0px;border-top-right-radius:0px;border-bottom-right-radius:0px;border-bottom-left-radius:0px;}.kadence-column2337_6b30b2-c3 > .kt-inside-inner-col{column-gap:var(--global-kb-gap-sm, 1rem);}.kadence-column2337_6b30b2-c3 > .kt-inside-inner-col{flex-direction:column;}.kadence-column2337_6b30b2-c3 > .kt-inside-inner-col > .aligncenter{width:100%;}.kadence-column2337_6b30b2-c3 > .kt-inside-inner-col:before{opacity:0.3;}.kadence-column2337_6b30b2-c3{position:relative;}@media all and (max-width: 1024px){.kadence-column2337_6b30b2-c3 > .kt-inside-inner-col{flex-direction:column;justify-content:center;}}@media all and (max-width: 767px){.kadence-column2337_6b30b2-c3 > .kt-inside-inner-col{flex-direction:column;justify-content:center;}}<\/style>\n<div class=\"wp-block-kadence-column kadence-column2337_6b30b2-c3\"><div class=\"kt-inside-inner-col\"><div class=\"em em-view-container\" id=\"em-view-1050023611\" data-view=\"list-grouped\">\r\n\t<div class=\"em-list em-events-list em-events-list-grouped\" id=\"em-events-list-grouped-1050023611\">\r\n\t\u015eu anda planlanm\u0131\u015f etkinlik yoktur.\t<\/div>\r\n<\/div>\n<\/div><\/div>\n\n<\/div><\/div>\n\n","protected":false},"excerpt":{"rendered":"<p>\u0130\u015f veya yeni bir meydan okuma m\u0131 ar\u0131yorsunuz? Werkcentrum Zaanstreek-Waterland size bo\u015f pozisyonlar, rehberlik ve e\u011fitim konular\u0131nda yard\u0131mc\u0131 olur. Birlikte do\u011fru e\u015fle\u015fmeyi bulaca\u011f\u0131z!  <\/p>\n","protected":false},"author":1,"featured_media":2339,"parent":0,"menu_order":0,"comment_status":"closed","ping_status":"closed","template":"","meta":{"_acf_changed":false,"_kad_blocks_custom_css":"div#inner-wrap {\r\n    background: var(--global-palette7);\r\n}\r\n\r\n.event-grid {\r\n    display: grid;\r\n    grid-template-columns: 1fr 1fr;\r\n    gap: 24px;\r\n}\r\n.event-wrapper {\r\n    margin-bottom: 0;\r\n}\r\n@media (max-width: 1024px) {\r\n  .event-grid {\r\n    grid-template-columns: 1fr;\r\n  }\r\n}","_kad_blocks_head_custom_js":"","_kad_blocks_body_custom_js":"","_kad_blocks_footer_custom_js":"","_kad_post_transparent":"","_kad_post_title":"","_kad_post_layout":"","_kad_post_sidebar_id":"","_kad_post_content_style":"","_kad_post_vertical_padding":"","_kad_post_feature":"","_kad_post_feature_position":"","_kad_post_header":false,"_kad_post_footer":false,"_kad_post_classname":"","footnotes":""},"class_list":["post-2337","page","type-page","status-publish","has-post-thumbnail","hentry"],"acf":[],"taxonomy_info":[],"featured_image_src_large":["https:\/\/werkcentrumzaanstreekwaterland.nl\/wp-content\/uploads\/2025\/04\/agenda.jpg",1080,721,false],"author_info":{"display_name":"wijzijnmeo","author_link":"https:\/\/werkcentrumzaanstreekwaterland.nl\/tr\/author\/f74aa694a0e3b226\/"},"comment_info":0,"_links":{"self":[{"href":"https:\/\/werkcentrumzaanstreekwaterland.nl\/tr\/wp-json\/wp\/v2\/pages\/2337","targetHints":{"allow":["GET"]}}],"collection":[{"href":"https:\/\/werkcentrumzaanstreekwaterland.nl\/tr\/wp-json\/wp\/v2\/pages"}],"about":[{"href":"https:\/\/werkcentrumzaanstreekwaterland.nl\/tr\/wp-json\/wp\/v2\/types\/page"}],"author":[{"embeddable":true,"href":"https:\/\/werkcentrumzaanstreekwaterland.nl\/tr\/wp-json\/wp\/v2\/users\/1"}],"replies":[{"embeddable":true,"href":"https:\/\/werkcentrumzaanstreekwaterland.nl\/tr\/wp-json\/wp\/v2\/comments?post=2337"}],"version-history":[{"count":4,"href":"https:\/\/werkcentrumzaanstreekwaterland.nl\/tr\/wp-json\/wp\/v2\/pages\/2337\/revisions"}],"predecessor-version":[{"id":2906,"href":"https:\/\/werkcentrumzaanstreekwaterland.nl\/tr\/wp-json\/wp\/v2\/pages\/2337\/revisions\/2906"}],"wp:featuredmedia":[{"embeddable":true,"href":"https:\/\/werkcentrumzaanstreekwaterland.nl\/tr\/wp-json\/wp\/v2\/media\/2339"}],"wp:attachment":[{"href":"https:\/\/werkcentrumzaanstreekwaterland.nl\/tr\/wp-json\/wp\/v2\/media?parent=2337"}],"curies":[{"name":"wp","href":"https:\/\/api.w.org\/{rel}","templated":true}]}}