{"id":2220,"date":"2024-06-11T09:58:53","date_gmt":"2024-06-11T07:58:53","guid":{"rendered":"https:\/\/werkcentrumzaanstreekwaterland.nl\/gizlilik-beyani\/"},"modified":"2026-01-22T12:01:54","modified_gmt":"2026-01-22T11:01:54","slug":"gizlilik-beyani","status":"publish","type":"page","link":"https:\/\/werkcentrumzaanstreekwaterland.nl\/tr\/gizlilik-beyani\/","title":{"rendered":"Gizlilik beyan\u0131"},"content":{"rendered":"<style>.kb-row-layout-wrap.wp-block-kadence-rowlayout.kb-row-layout-id3_c77415-3b{margin-top:var(--global-kb-spacing-xl, 4rem);margin-bottom:var(--global-kb-spacing-xl, 4rem);}.kb-row-layout-id3_c77415-3b > .kt-row-column-wrap{align-content:start;}:where(.kb-row-layout-id3_c77415-3b > .kt-row-column-wrap) > .wp-block-kadence-column{justify-content:start;}.kb-row-layout-id3_c77415-3b > .kt-row-column-wrap{column-gap:var(--global-kb-gap-md, 2rem);row-gap:var(--global-kb-gap-md, 2rem);max-width:848px;margin-left:auto;margin-right:auto;grid-template-columns:minmax(0, 1fr);}.kb-row-layout-id3_c77415-3b > .kt-row-layout-overlay{opacity:0.30;}@media all and (max-width: 1024px){.kb-row-layout-wrap.wp-block-kadence-rowlayout.kb-row-layout-id3_c77415-3b{margin-top:var(--global-kb-spacing-lg, 3rem);margin-bottom:var(--global-kb-spacing-lg, 3rem);}}@media all and (max-width: 1024px){.kb-row-layout-id3_c77415-3b > .kt-row-column-wrap{grid-template-columns:minmax(0, 1fr);}}@media all and (max-width: 767px){.kb-row-layout-wrap.wp-block-kadence-rowlayout.kb-row-layout-id3_c77415-3b{margin-top:var(--global-kb-spacing-md, 2rem);margin-bottom:var(--global-kb-spacing-md, 2rem);}.kb-row-layout-id3_c77415-3b > .kt-row-column-wrap{grid-template-columns:minmax(0, 1fr);}}<\/style><div class=\"kb-row-layout-wrap kb-row-layout-id3_c77415-3b alignnone wp-block-kadence-rowlayout\"><div class=\"kt-row-column-wrap kt-has-1-columns kt-row-layout-equal kt-tab-layout-inherit kt-mobile-layout-row kt-row-valign-top\">\n<style>.kadence-column3_0b3f1f-16 > .kt-inside-inner-col,.kadence-column3_0b3f1f-16 > .kt-inside-inner-col:before{border-top-left-radius:0px;border-top-right-radius:0px;border-bottom-right-radius:0px;border-bottom-left-radius:0px;}.kadence-column3_0b3f1f-16 > .kt-inside-inner-col{column-gap:var(--global-kb-gap-sm, 1rem);}.kadence-column3_0b3f1f-16 > .kt-inside-inner-col{flex-direction:column;}.kadence-column3_0b3f1f-16 > .kt-inside-inner-col > .aligncenter{width:100%;}.kadence-column3_0b3f1f-16 > .kt-inside-inner-col:before{opacity:0.3;}.kadence-column3_0b3f1f-16{position:relative;}@media all and (max-width: 1024px){.kadence-column3_0b3f1f-16 > .kt-inside-inner-col{flex-direction:column;justify-content:center;}}@media all and (max-width: 767px){.kadence-column3_0b3f1f-16 > .kt-inside-inner-col{flex-direction:column;justify-content:center;}}<\/style>\n<div class=\"wp-block-kadence-column kadence-column3_0b3f1f-16\"><div class=\"kt-inside-inner-col\"><style>.wp-block-kadence-advancedheading.kt-adv-heading3_1049ef-57, .wp-block-kadence-advancedheading.kt-adv-heading3_1049ef-57[data-kb-block=\"kb-adv-heading3_1049ef-57\"]{font-size:var(--global-kb-font-size-md, 1.25rem);font-style:normal;}.wp-block-kadence-advancedheading.kt-adv-heading3_1049ef-57 mark.kt-highlight, .wp-block-kadence-advancedheading.kt-adv-heading3_1049ef-57[data-kb-block=\"kb-adv-heading3_1049ef-57\"] mark.kt-highlight{font-style:normal;color:#f76a0c;-webkit-box-decoration-break:clone;box-decoration-break:clone;padding-top:0px;padding-right:0px;padding-bottom:0px;padding-left:0px;}.wp-block-kadence-advancedheading.kt-adv-heading3_1049ef-57 img.kb-inline-image, .wp-block-kadence-advancedheading.kt-adv-heading3_1049ef-57[data-kb-block=\"kb-adv-heading3_1049ef-57\"] img.kb-inline-image{width:150px;vertical-align:baseline;}<\/style>\n<h2 class=\"kt-adv-heading3_1049ef-57 wp-block-kadence-advancedheading\" data-kb-block=\"kb-adv-heading3_1049ef-57\">1. Ki\u015fisel Veriler<\/h2>\n\n\n\n<p>Werkcentrum Zaanstreek-Waterland, sitesinin t\u00fcm kullan\u0131c\u0131lar\u0131n\u0131n gizlili\u011fine sayg\u0131 duyar ve bize sa\u011flad\u0131\u011f\u0131n\u0131z ki\u015fisel bilgilerin gizli tutulmas\u0131n\u0131 sa\u011flar.<\/p>\n\n\n<style>.wp-block-kadence-advancedheading.kt-adv-heading3_be2097-9a, .wp-block-kadence-advancedheading.kt-adv-heading3_be2097-9a[data-kb-block=\"kb-adv-heading3_be2097-9a\"]{font-size:var(--global-kb-font-size-md, 1.25rem);font-style:normal;}.wp-block-kadence-advancedheading.kt-adv-heading3_be2097-9a mark.kt-highlight, .wp-block-kadence-advancedheading.kt-adv-heading3_be2097-9a[data-kb-block=\"kb-adv-heading3_be2097-9a\"] mark.kt-highlight{font-style:normal;color:#f76a0c;-webkit-box-decoration-break:clone;box-decoration-break:clone;padding-top:0px;padding-right:0px;padding-bottom:0px;padding-left:0px;}.wp-block-kadence-advancedheading.kt-adv-heading3_be2097-9a img.kb-inline-image, .wp-block-kadence-advancedheading.kt-adv-heading3_be2097-9a[data-kb-block=\"kb-adv-heading3_be2097-9a\"] img.kb-inline-image{width:150px;vertical-align:baseline;}<\/style>\n<h2 class=\"kt-adv-heading3_be2097-9a wp-block-kadence-advancedheading\" data-kb-block=\"kb-adv-heading3_be2097-9a\">2. Toplanan Verilerin Kullan\u0131m\u0131<\/h2>\n\n\n\n<p>Kullan\u0131c\u0131lar taraf\u0131ndan sa\u011flanan bilgiler hizmetlerimizi sunmak i\u00e7in kullan\u0131l\u0131r. A\u00e7\u0131k izniniz olmadan bu bilgileri \u00fc\u00e7\u00fcnc\u00fc taraflarla payla\u015fmay\u0131z. <\/p>\n\n\n<style>.wp-block-kadence-advancedheading.kt-adv-heading3_54818c-d8, .wp-block-kadence-advancedheading.kt-adv-heading3_54818c-d8[data-kb-block=\"kb-adv-heading3_54818c-d8\"]{font-size:var(--global-kb-font-size-md, 1.25rem);font-style:normal;}.wp-block-kadence-advancedheading.kt-adv-heading3_54818c-d8 mark.kt-highlight, .wp-block-kadence-advancedheading.kt-adv-heading3_54818c-d8[data-kb-block=\"kb-adv-heading3_54818c-d8\"] mark.kt-highlight{font-style:normal;color:#f76a0c;-webkit-box-decoration-break:clone;box-decoration-break:clone;padding-top:0px;padding-right:0px;padding-bottom:0px;padding-left:0px;}.wp-block-kadence-advancedheading.kt-adv-heading3_54818c-d8 img.kb-inline-image, .wp-block-kadence-advancedheading.kt-adv-heading3_54818c-d8[data-kb-block=\"kb-adv-heading3_54818c-d8\"] img.kb-inline-image{width:150px;vertical-align:baseline;}<\/style>\n<h2 class=\"kt-adv-heading3_54818c-d8 wp-block-kadence-advancedheading\" data-kb-block=\"kb-adv-heading3_54818c-d8\">3. \u00c7erezler<\/h2>\n\n\n\n<p>Web sitemiz, web sitesinin belirli sayfalar\u0131n\u0131n i\u015flevselli\u011fini geli\u015ftirmek i\u00e7in \u00e7erezler kullan\u0131r. Kullan\u0131c\u0131lar \u00e7erezlerin kullan\u0131m\u0131na kendileri karar verebilirler. Taray\u0131c\u0131n\u0131zdaki ayarlar\u0131 de\u011fi\u015ftirerek \u00e7erez kullan\u0131m\u0131n\u0131 reddedebilirsiniz.  <\/p>\n\n\n<style>.wp-block-kadence-advancedheading.kt-adv-heading3_14e933-ec, .wp-block-kadence-advancedheading.kt-adv-heading3_14e933-ec[data-kb-block=\"kb-adv-heading3_14e933-ec\"]{font-size:var(--global-kb-font-size-md, 1.25rem);font-style:normal;}.wp-block-kadence-advancedheading.kt-adv-heading3_14e933-ec mark.kt-highlight, .wp-block-kadence-advancedheading.kt-adv-heading3_14e933-ec[data-kb-block=\"kb-adv-heading3_14e933-ec\"] mark.kt-highlight{font-style:normal;color:#f76a0c;-webkit-box-decoration-break:clone;box-decoration-break:clone;padding-top:0px;padding-right:0px;padding-bottom:0px;padding-left:0px;}.wp-block-kadence-advancedheading.kt-adv-heading3_14e933-ec img.kb-inline-image, .wp-block-kadence-advancedheading.kt-adv-heading3_14e933-ec[data-kb-block=\"kb-adv-heading3_14e933-ec\"] img.kb-inline-image{width:150px;vertical-align:baseline;}<\/style>\n<h2 class=\"kt-adv-heading3_14e933-ec wp-block-kadence-advancedheading\" data-kb-block=\"kb-adv-heading3_14e933-ec\">4. Gizlilik Bildirimindeki De\u011fi\u015fiklikler<\/h2>\n\n\n\n<p>Bu gizlilik bildirimi, sitemizin kullan\u0131m\u0131 ve \u00f6zelliklerine g\u00f6re uyarlanm\u0131\u015ft\u0131r. Bu sitede yap\u0131lacak herhangi bir g\u00fcncelleme ve\/veya de\u011fi\u015fiklik, bu gizlilik bildiriminde de\u011fi\u015fikliklere neden olabilir. <\/p>\n<\/div><\/div>\n\n<\/div><\/div>","protected":false},"excerpt":{"rendered":"<p>1. Ki\u015fisel Veriler Werkcentrum Zaanstreek-Waterland, sitesinin t\u00fcm kullan\u0131c\u0131lar\u0131n\u0131n gizlili\u011fine sayg\u0131 duyar ve bize sa\u011flad\u0131\u011f\u0131n\u0131z ki\u015fisel bilgilerin gizli tutulmas\u0131n\u0131 sa\u011flar. 2. Toplanan Verilerin Kullan\u0131m\u0131 Kullan\u0131c\u0131lar taraf\u0131ndan sa\u011flanan bilgiler hizmetlerimizi sunmak i\u00e7in kullan\u0131l\u0131r. A\u00e7\u0131k izniniz olmadan bu bilgileri \u00fc\u00e7\u00fcnc\u00fc taraflarla payla\u015fmay\u0131z. 3. \u00c7erezler Web sitemiz, web sitesinin belirli sayfalar\u0131n\u0131n i\u015flevselli\u011fini geli\u015ftirmek i\u00e7in \u00e7erezler kullan\u0131r. Kullan\u0131c\u0131lar \u00e7erezlerin kullan\u0131m\u0131na&#8230;<\/p>\n","protected":false},"author":1,"featured_media":0,"parent":0,"menu_order":0,"comment_status":"closed","ping_status":"closed","template":"","meta":{"_acf_changed":false,"_kad_blocks_custom_css":"","_kad_blocks_head_custom_js":"","_kad_blocks_body_custom_js":"","_kad_blocks_footer_custom_js":"","_kad_post_transparent":"","_kad_post_title":"","_kad_post_layout":"","_kad_post_sidebar_id":"","_kad_post_content_style":"","_kad_post_vertical_padding":"","_kad_post_feature":"","_kad_post_feature_position":"","_kad_post_header":false,"_kad_post_footer":false,"_kad_post_classname":"","footnotes":""},"class_list":["post-2220","page","type-page","status-publish","hentry"],"acf":[],"taxonomy_info":[],"featured_image_src_large":false,"author_info":{"display_name":"wijzijnmeo","author_link":"https:\/\/werkcentrumzaanstreekwaterland.nl\/tr\/author\/f74aa694a0e3b226\/"},"comment_info":0,"_links":{"self":[{"href":"https:\/\/werkcentrumzaanstreekwaterland.nl\/tr\/wp-json\/wp\/v2\/pages\/2220","targetHints":{"allow":["GET"]}}],"collection":[{"href":"https:\/\/werkcentrumzaanstreekwaterland.nl\/tr\/wp-json\/wp\/v2\/pages"}],"about":[{"href":"https:\/\/werkcentrumzaanstreekwaterland.nl\/tr\/wp-json\/wp\/v2\/types\/page"}],"author":[{"embeddable":true,"href":"https:\/\/werkcentrumzaanstreekwaterland.nl\/tr\/wp-json\/wp\/v2\/users\/1"}],"replies":[{"embeddable":true,"href":"https:\/\/werkcentrumzaanstreekwaterland.nl\/tr\/wp-json\/wp\/v2\/comments?post=2220"}],"version-history":[{"count":1,"href":"https:\/\/werkcentrumzaanstreekwaterland.nl\/tr\/wp-json\/wp\/v2\/pages\/2220\/revisions"}],"predecessor-version":[{"id":2224,"href":"https:\/\/werkcentrumzaanstreekwaterland.nl\/tr\/wp-json\/wp\/v2\/pages\/2220\/revisions\/2224"}],"wp:attachment":[{"href":"https:\/\/werkcentrumzaanstreekwaterland.nl\/tr\/wp-json\/wp\/v2\/media?parent=2220"}],"curies":[{"name":"wp","href":"https:\/\/api.w.org\/{rel}","templated":true}]}}