{"id":2366,"date":"2025-04-15T11:15:42","date_gmt":"2025-04-15T09:15:42","guid":{"rendered":"https:\/\/werkcentrumzaanstreekwaterland.nl\/osoby-poszukujace-pracy\/mlodszy-niz-27-lat\/"},"modified":"2026-01-22T12:05:12","modified_gmt":"2026-01-22T11:05:12","slug":"mlodszy-niz-27-lat","status":"publish","type":"page","link":"https:\/\/werkcentrumzaanstreekwaterland.nl\/pl\/osoby-poszukujace-pracy\/mlodszy-niz-27-lat\/","title":{"rendered":"M\u0142odszy ni\u017c 27 lat"},"content":{"rendered":"<style>.kb-row-layout-id252_8bf743-46 > .kt-row-column-wrap{align-content:start;}:where(.kb-row-layout-id252_8bf743-46 > .kt-row-column-wrap) > .wp-block-kadence-column{justify-content:start;}.kb-row-layout-id252_8bf743-46 > .kt-row-column-wrap{column-gap:var(--global-kb-gap-md, 2rem);row-gap:var(--global-kb-gap-md, 2rem);padding-top:var(--global-kb-spacing-sm, 1.5rem);padding-bottom:var(--global-kb-spacing-sm, 1.5rem);grid-template-columns:minmax(0, 1fr);}.kb-row-layout-id252_8bf743-46 > .kt-row-layout-overlay{opacity:0.30;}@media all and (max-width: 1024px){.kb-row-layout-id252_8bf743-46 > .kt-row-column-wrap{grid-template-columns:minmax(0, 1fr);}}@media all and (max-width: 767px){.kb-row-layout-id252_8bf743-46 > .kt-row-column-wrap{grid-template-columns:minmax(0, 1fr);}}<\/style><div class=\"kb-row-layout-wrap kb-row-layout-id252_8bf743-46 alignnone wp-block-kadence-rowlayout\"><div class=\"kt-row-column-wrap kt-has-1-columns kt-row-layout-equal kt-tab-layout-inherit kt-mobile-layout-row kt-row-valign-top\">\n<style>.kadence-column252_57f406-ae > .kt-inside-inner-col,.kadence-column252_57f406-ae > .kt-inside-inner-col:before{border-top-left-radius:0px;border-top-right-radius:0px;border-bottom-right-radius:0px;border-bottom-left-radius:0px;}.kadence-column252_57f406-ae > .kt-inside-inner-col{column-gap:var(--global-kb-gap-sm, 1rem);}.kadence-column252_57f406-ae > .kt-inside-inner-col{flex-direction:column;}.kadence-column252_57f406-ae > .kt-inside-inner-col > .aligncenter{width:100%;}.kadence-column252_57f406-ae > .kt-inside-inner-col:before{opacity:0.3;}.kadence-column252_57f406-ae{position:relative;}@media all and (max-width: 1024px){.kadence-column252_57f406-ae > .kt-inside-inner-col{flex-direction:column;justify-content:center;}}@media all and (max-width: 767px){.kadence-column252_57f406-ae > .kt-inside-inner-col{flex-direction:column;justify-content:center;}}<\/style>\n<div class=\"wp-block-kadence-column kadence-column252_57f406-ae\"><div class=\"kt-inside-inner-col\"><style>.wp-block-kadence-advancedheading.kt-adv-heading252_358548-3f, .wp-block-kadence-advancedheading.kt-adv-heading252_358548-3f[data-kb-block=\"kb-adv-heading252_358548-3f\"]{font-style:normal;}.wp-block-kadence-advancedheading.kt-adv-heading252_358548-3f mark.kt-highlight, .wp-block-kadence-advancedheading.kt-adv-heading252_358548-3f[data-kb-block=\"kb-adv-heading252_358548-3f\"] mark.kt-highlight{font-style:normal;color:#f76a0c;-webkit-box-decoration-break:clone;box-decoration-break:clone;padding-top:0px;padding-right:0px;padding-bottom:0px;padding-left:0px;}.wp-block-kadence-advancedheading.kt-adv-heading252_358548-3f img.kb-inline-image, .wp-block-kadence-advancedheading.kt-adv-heading252_358548-3f[data-kb-block=\"kb-adv-heading252_358548-3f\"] img.kb-inline-image{width:150px;vertical-align:baseline;}<\/style>\n<h2 class=\"kt-adv-heading252_358548-3f wp-block-kadence-advancedheading\" data-kb-block=\"kb-adv-heading252_358548-3f\">Zr\u00f3b pierwszy krok w kierunku (innej) pracy<\/h2>\n\n\n\n<p>Chcesz podj\u0105\u0107 prac\u0119, ale nie wiesz od czego zacz\u0105\u0107? Centrum pracy pomo\u017ce ci zacz\u0105\u0107. <\/p>\n\n\n\n<p>Niezale\u017cnie od tego, czy dopiero odkrywasz, co lubisz, czy ju\u017c wiesz dok\u0142adnie, czego chcesz &#8211; wspieramy Ci\u0119 w podj\u0119ciu kolejnego kroku.<\/p>\n<\/div><\/div>\n\n<\/div><\/div><style>.kb-row-layout-id252_df5835-ed > .kt-row-column-wrap{align-content:start;}:where(.kb-row-layout-id252_df5835-ed > .kt-row-column-wrap) > .wp-block-kadence-column{justify-content:start;}.kb-row-layout-id252_df5835-ed > .kt-row-column-wrap{column-gap:var(--global-kb-gap-md, 2rem);row-gap:var(--global-kb-gap-md, 2rem);padding-top:var(--global-kb-spacing-sm, 1.5rem);padding-bottom:var(--global-kb-spacing-sm, 1.5rem);grid-template-columns:minmax(0, 1fr);}.kb-row-layout-id252_df5835-ed > .kt-row-layout-overlay{opacity:0.30;}@media all and (max-width: 1024px){.kb-row-layout-id252_df5835-ed > .kt-row-column-wrap{grid-template-columns:minmax(0, 1fr);}}@media all and (max-width: 767px){.kb-row-layout-id252_df5835-ed > .kt-row-column-wrap{grid-template-columns:minmax(0, 1fr);}}<\/style><div class=\"kb-row-layout-wrap kb-row-layout-id252_df5835-ed alignnone wp-block-kadence-rowlayout\"><div class=\"kt-row-column-wrap kt-has-1-columns kt-row-layout-equal kt-tab-layout-inherit kt-mobile-layout-row kt-row-valign-top\">\n<style>.kadence-column252_a40b8a-3b > .kt-inside-inner-col,.kadence-column252_a40b8a-3b > .kt-inside-inner-col:before{border-top-left-radius:0px;border-top-right-radius:0px;border-bottom-right-radius:0px;border-bottom-left-radius:0px;}.kadence-column252_a40b8a-3b > .kt-inside-inner-col{column-gap:var(--global-kb-gap-sm, 1rem);}.kadence-column252_a40b8a-3b > .kt-inside-inner-col{flex-direction:column;}.kadence-column252_a40b8a-3b > .kt-inside-inner-col > .aligncenter{width:100%;}.kadence-column252_a40b8a-3b > .kt-inside-inner-col:before{opacity:0.3;}.kadence-column252_a40b8a-3b{position:relative;}@media all and (max-width: 1024px){.kadence-column252_a40b8a-3b > .kt-inside-inner-col{flex-direction:column;justify-content:center;}}@media all and (max-width: 767px){.kadence-column252_a40b8a-3b > .kt-inside-inner-col{flex-direction:column;justify-content:center;}}<\/style>\n<div class=\"wp-block-kadence-column kadence-column252_a40b8a-3b\"><div class=\"kt-inside-inner-col\"><style>.wp-block-kadence-advancedheading.kt-adv-heading252_44424f-31, .wp-block-kadence-advancedheading.kt-adv-heading252_44424f-31[data-kb-block=\"kb-adv-heading252_44424f-31\"]{font-style:normal;}.wp-block-kadence-advancedheading.kt-adv-heading252_44424f-31 mark.kt-highlight, .wp-block-kadence-advancedheading.kt-adv-heading252_44424f-31[data-kb-block=\"kb-adv-heading252_44424f-31\"] mark.kt-highlight{font-style:normal;color:#f76a0c;-webkit-box-decoration-break:clone;box-decoration-break:clone;padding-top:0px;padding-right:0px;padding-bottom:0px;padding-left:0px;}.wp-block-kadence-advancedheading.kt-adv-heading252_44424f-31 img.kb-inline-image, .wp-block-kadence-advancedheading.kt-adv-heading252_44424f-31[data-kb-block=\"kb-adv-heading252_44424f-31\"] img.kb-inline-image{width:150px;vertical-align:baseline;}<\/style>\n<h3 class=\"kt-adv-heading252_44424f-31 wp-block-kadence-advancedheading\" data-kb-block=\"kb-adv-heading252_44424f-31\">Co mo\u017cemy dla Ciebie zrobi\u0107?<\/h3>\n\n\n<style>.wp-block-kadence-iconlist.kt-svg-icon-list-items252_aadfd9-8c:not(.this-stops-third-party-issues){margin-top:0px;margin-bottom:0px;}.wp-block-kadence-iconlist.kt-svg-icon-list-items252_aadfd9-8c ul.kt-svg-icon-list:not(.this-prevents-issues):not(.this-stops-third-party-issues):not(.tijsloc){margin-top:0px;margin-right:0px;margin-bottom:var(--global-kb-spacing-sm, 1.5rem);margin-left:0px;}.wp-block-kadence-iconlist.kt-svg-icon-list-items252_aadfd9-8c ul.kt-svg-icon-list{grid-row-gap:5px;}.wp-block-kadence-iconlist.kt-svg-icon-list-items252_aadfd9-8c ul.kt-svg-icon-list .kt-svg-icon-list-item-wrap .kt-svg-icon-list-single{margin-right:10px;}.kt-svg-icon-list-items252_aadfd9-8c ul.kt-svg-icon-list .kt-svg-icon-list-level-0 .kt-svg-icon-list-single svg{font-size:20px;}<\/style>\n<div class=\"wp-block-kadence-iconlist kt-svg-icon-list-items kt-svg-icon-list-items252_aadfd9-8c kt-svg-icon-list-columns-1 alignnone kt-list-icon-aligntop\"><ul class=\"kt-svg-icon-list\"><style>.kt-svg-icon-list-item-252_2cfa73-cb .kt-svg-icon-list-text mark.kt-highlight{background-color:unset;font-style:normal;color:#f76a0c;-webkit-box-decoration-break:clone;box-decoration-break:clone;padding-top:0px;padding-right:0px;padding-bottom:0px;padding-left:0px;}<\/style>\n<li class=\"wp-block-kadence-listitem kt-svg-icon-list-item-wrap kt-svg-icon-list-item-252_2cfa73-cb\"><span class=\"kb-svg-icon-wrap kb-svg-icon-fas_check kt-svg-icon-list-single\"><svg viewBox=\"0 0 512 512\"  fill=\"currentColor\" xmlns=\"http:\/\/www.w3.org\/2000\/svg\"  aria-hidden=\"true\"><path d=\"M173.898 439.404l-166.4-166.4c-9.997-9.997-9.997-26.206 0-36.204l36.203-36.204c9.997-9.998 26.207-9.998 36.204 0L192 312.69 432.095 72.596c9.997-9.997 26.207-9.997 36.204 0l36.203 36.204c9.997 9.997 9.997 26.206 0 36.204l-294.4 294.401c-9.998 9.997-26.207 9.997-36.204-.001z\"\/><\/svg><\/span><span class=\"kt-svg-icon-list-text\"><strong><a href=\"https:\/\/werkverkenner.beroepeninbeeld.nl\/\" target=\"_blank\" rel=\"noopener noreferrer nofollow\">Odkryj swoje talenty.<\/a> <\/strong>Wsp\u00f3lnie przyjrzymy si\u0119 temu, co lubisz i w czym jeste\u015b dobry.<\/span><\/li>\n\n\n<style>.kt-svg-icon-list-item-252_ca84dd-61 .kt-svg-icon-list-text mark.kt-highlight{background-color:unset;font-style:normal;color:#f76a0c;-webkit-box-decoration-break:clone;box-decoration-break:clone;padding-top:0px;padding-right:0px;padding-bottom:0px;padding-left:0px;}<\/style>\n<li class=\"wp-block-kadence-listitem kt-svg-icon-list-item-wrap kt-svg-icon-list-item-252_ca84dd-61\"><span class=\"kb-svg-icon-wrap kb-svg-icon-fas_check kt-svg-icon-list-single\"><svg viewBox=\"0 0 512 512\"  fill=\"currentColor\" xmlns=\"http:\/\/www.w3.org\/2000\/svg\"  aria-hidden=\"true\"><path d=\"M173.898 439.404l-166.4-166.4c-9.997-9.997-9.997-26.206 0-36.204l36.203-36.204c9.997-9.998 26.207-9.998 36.204 0L192 312.69 432.095 72.596c9.997-9.997 26.207-9.997 36.204 0l36.203 36.204c9.997 9.997 9.997 26.206 0 36.204l-294.4 294.401c-9.998 9.997-26.207 9.997-36.204-.001z\"\/><\/svg><\/span><span class=\"kt-svg-icon-list-text\"><strong><a href=\"https:\/\/www.kiesmbo.nl\/\" target=\"_blank\" rel=\"noopener noreferrer nofollow\">Ubieganie si\u0119 o prac\u0119 i tworzenie dobrego CV.<\/a><\/strong>  Udzielamy praktycznych wskaz\u00f3wek i pomagamy stworzy\u0107 solidne CV i list motywacyjny.<\/span><\/li>\n\n\n<style>.kt-svg-icon-list-item-252_5404de-c2 .kt-svg-icon-list-text mark.kt-highlight{background-color:unset;font-style:normal;color:#f76a0c;-webkit-box-decoration-break:clone;box-decoration-break:clone;padding-top:0px;padding-right:0px;padding-bottom:0px;padding-left:0px;}<\/style>\n<li class=\"wp-block-kadence-listitem kt-svg-icon-list-item-wrap kt-svg-icon-list-item-252_5404de-c2\"><span class=\"kb-svg-icon-wrap kb-svg-icon-fas_check kt-svg-icon-list-single\"><svg viewBox=\"0 0 512 512\"  fill=\"currentColor\" xmlns=\"http:\/\/www.w3.org\/2000\/svg\"  aria-hidden=\"true\"><path d=\"M173.898 439.404l-166.4-166.4c-9.997-9.997-9.997-26.206 0-36.204l36.203-36.204c9.997-9.998 26.207-9.998 36.204 0L192 312.69 432.095 72.596c9.997-9.997 26.207-9.997 36.204 0l36.203 36.204c9.997 9.997 9.997 26.206 0 36.204l-294.4 294.401c-9.998 9.997-26.207 9.997-36.204-.001z\"\/><\/svg><\/span><span class=\"kt-svg-icon-list-text\"><strong><a href=\"https:\/\/www.studiekeuze123.nl\/\" target=\"_blank\" rel=\"noopener noreferrer nofollow\">Warsztaty i szkolenia dla m\u0142odych ludzi.<\/a> <\/strong>Mo\u017cesz do\u0142\u0105czy\u0107 do kurs\u00f3w szkoleniowych, kt\u00f3re przygotuj\u0105 Ci\u0119 do pracy.<\/span><\/li>\n\n\n<style>.kt-svg-icon-list-item-252_1e8add-70 .kt-svg-icon-list-text mark.kt-highlight{background-color:unset;font-style:normal;color:#f76a0c;-webkit-box-decoration-break:clone;box-decoration-break:clone;padding-top:0px;padding-right:0px;padding-bottom:0px;padding-left:0px;}<\/style>\n<li class=\"wp-block-kadence-listitem kt-svg-icon-list-item-wrap kt-svg-icon-list-item-252_1e8add-70\"><span class=\"kb-svg-icon-wrap kb-svg-icon-fas_check kt-svg-icon-list-single\"><svg viewBox=\"0 0 512 512\"  fill=\"currentColor\" xmlns=\"http:\/\/www.w3.org\/2000\/svg\"  aria-hidden=\"true\"><path d=\"M173.898 439.404l-166.4-166.4c-9.997-9.997-9.997-26.206 0-36.204l36.203-36.204c9.997-9.998 26.207-9.998 36.204 0L192 312.69 432.095 72.596c9.997-9.997 26.207-9.997 36.204 0l36.203 36.204c9.997 9.997 9.997 26.206 0 36.204l-294.4 294.401c-9.998 9.997-26.207 9.997-36.204-.001z\"\/><\/svg><\/span><span class=\"kt-svg-icon-list-text\"><strong><a href=\"https:\/\/www.leeroverzicht.nl\/\" target=\"_blank\" rel=\"noopener noreferrer nofollow\">Oferty pracy i kursy szkoleniowe, kt\u00f3re Ci odpowiadaj\u0105.<\/a> <\/strong>Pomagamy w poszukiwaniu pracy lub szkole\u0144, kt\u00f3re odpowiadaj\u0105 Twoim zainteresowaniom.<\/span><\/li>\n<\/ul><\/div>\n<\/div><\/div>\n\n<\/div><\/div><style>.kb-row-layout-id252_df2f42-ca > .kt-row-column-wrap{align-content:start;}:where(.kb-row-layout-id252_df2f42-ca > .kt-row-column-wrap) > .wp-block-kadence-column{justify-content:start;}.kb-row-layout-id252_df2f42-ca > .kt-row-column-wrap{column-gap:var(--global-kb-gap-md, 2rem);row-gap:var(--global-kb-gap-md, 2rem);padding-top:var(--global-kb-spacing-sm, 1.5rem);padding-bottom:0px;grid-template-columns:minmax(0, calc(60% - ((var(--global-kb-gap-md, 2rem) * 1 )\/2)))minmax(0, calc(40% - ((var(--global-kb-gap-md, 2rem) * 1 )\/2)));}.kb-row-layout-id252_df2f42-ca > .kt-row-layout-overlay{opacity:0.30;}@media all and (max-width: 1024px){.kb-row-layout-id252_df2f42-ca > .kt-row-column-wrap{grid-template-columns:minmax(0, 2fr) minmax(0, 1fr);}}@media all and (max-width: 767px){.kb-row-layout-id252_df2f42-ca > .kt-row-column-wrap{grid-template-columns:minmax(0, 1fr);}}<\/style><div class=\"kb-row-layout-wrap kb-row-layout-id252_df2f42-ca alignnone wp-block-kadence-rowlayout\"><div class=\"kt-row-column-wrap kt-has-2-columns kt-row-layout-left-golden kt-tab-layout-inherit kt-mobile-layout-row kt-row-valign-top\">\n<style>.kadence-column252_12d5c7-39 > .kt-inside-inner-col{padding-top:var(--global-kb-spacing-md, 2rem);padding-right:var(--global-kb-spacing-md, 2rem);padding-bottom:var(--global-kb-spacing-md, 2rem);padding-left:var(--global-kb-spacing-md, 2rem);}.kadence-column252_12d5c7-39 > .kt-inside-inner-col,.kadence-column252_12d5c7-39 > .kt-inside-inner-col:before{border-top-left-radius:50px;border-top-right-radius:50px;border-bottom-right-radius:50px;border-bottom-left-radius:0px;}.kadence-column252_12d5c7-39 > .kt-inside-inner-col{column-gap:var(--global-kb-gap-sm, 1rem);}.kadence-column252_12d5c7-39 > .kt-inside-inner-col{flex-direction:column;}.kadence-column252_12d5c7-39 > .kt-inside-inner-col > .aligncenter{width:100%;}.kadence-column252_12d5c7-39 > .kt-inside-inner-col{background-color:var(--global-palette3, #1A202C);}.kadence-column252_12d5c7-39 > .kt-inside-inner-col:before{opacity:0.3;}.kadence-column252_12d5c7-39, .kadence-column252_12d5c7-39 h1, .kadence-column252_12d5c7-39 h2, .kadence-column252_12d5c7-39 h3, .kadence-column252_12d5c7-39 h4, .kadence-column252_12d5c7-39 h5, .kadence-column252_12d5c7-39 h6{color:var(--global-palette9, #ffffff);}.kadence-column252_12d5c7-39{position:relative;}@media all and (max-width: 1024px){.kadence-column252_12d5c7-39 > .kt-inside-inner-col{flex-direction:column;justify-content:center;}}@media all and (max-width: 767px){.kadence-column252_12d5c7-39 > .kt-inside-inner-col{flex-direction:column;justify-content:center;}}<\/style>\n<div class=\"wp-block-kadence-column kadence-column252_12d5c7-39\"><div class=\"kt-inside-inner-col\"><style>.wp-block-kadence-advancedheading.kt-adv-heading252_b5d75c-ce, .wp-block-kadence-advancedheading.kt-adv-heading252_b5d75c-ce[data-kb-block=\"kb-adv-heading252_b5d75c-ce\"]{font-style:normal;}.wp-block-kadence-advancedheading.kt-adv-heading252_b5d75c-ce mark.kt-highlight, .wp-block-kadence-advancedheading.kt-adv-heading252_b5d75c-ce[data-kb-block=\"kb-adv-heading252_b5d75c-ce\"] mark.kt-highlight{font-style:normal;color:#f76a0c;-webkit-box-decoration-break:clone;box-decoration-break:clone;padding-top:0px;padding-right:0px;padding-bottom:0px;padding-left:0px;}.wp-block-kadence-advancedheading.kt-adv-heading252_b5d75c-ce img.kb-inline-image, .wp-block-kadence-advancedheading.kt-adv-heading252_b5d75c-ce[data-kb-block=\"kb-adv-heading252_b5d75c-ce\"] img.kb-inline-image{width:150px;vertical-align:baseline;}<\/style>\n<h2 class=\"kt-adv-heading252_b5d75c-ce wp-block-kadence-advancedheading\" data-kb-block=\"kb-adv-heading252_b5d75c-ce\"><strong>Potrzebujesz pomocy lub masz pytania?<\/strong> <\/h2>\n\n\n\n<p>Wystarczy um\u00f3wi\u0107 si\u0119 na spotkanie. Z przyjemno\u015bci\u0105 Ci pomo\u017cemy.   <\/p>\n\n\n<style>.wp-block-kadence-advancedbtn.kb-btns252_5ada22-7a{gap:var(--global-kb-gap-sm, 1rem);justify-content:flex-start;align-items:center;}.kt-btns252_5ada22-7a .kt-button{font-weight:normal;font-style:normal;}.kt-btns252_5ada22-7a .kt-btn-wrap-0{margin-right:5px;}.wp-block-kadence-advancedbtn.kt-btns252_5ada22-7a .kt-btn-wrap-0 .kt-button{color:#555555;border-color:#555555;}.wp-block-kadence-advancedbtn.kt-btns252_5ada22-7a .kt-btn-wrap-0 .kt-button:hover, .wp-block-kadence-advancedbtn.kt-btns252_5ada22-7a .kt-btn-wrap-0 .kt-button:focus{color:#ffffff;border-color:#444444;}.wp-block-kadence-advancedbtn.kt-btns252_5ada22-7a .kt-btn-wrap-0 .kt-button::before{display:none;}.wp-block-kadence-advancedbtn.kt-btns252_5ada22-7a .kt-btn-wrap-0 .kt-button:hover, .wp-block-kadence-advancedbtn.kt-btns252_5ada22-7a .kt-btn-wrap-0 .kt-button:focus{background:#444444;}<\/style>\n<div class=\"wp-block-kadence-advancedbtn kb-buttons-wrap kb-btns252_5ada22-7a\"><style>ul.menu .wp-block-kadence-advancedbtn .kb-btn252_0e5e2a-52.kb-button{width:initial;}.wp-block-kadence-advancedbtn .kb-btn252_0e5e2a-52.kb-button:hover, .wp-block-kadence-advancedbtn .kb-btn252_0e5e2a-52.kb-button:focus{color:var(--global-palette2, #2B6CB0);background:var(--global-palette9, #ffffff);}<\/style><a class=\"kb-button kt-button button kb-btn252_0e5e2a-52 kt-btn-size-standard kt-btn-width-type-auto kb-btn-global-inherit  kt-btn-has-text-true kt-btn-has-svg-false  wp-block-button__link wp-block-kadence-singlebtn\" href=\"\/maak-een-afspraak\/\"><span class=\"kt-btn-inner-text\">Um\u00f3w si\u0119 na spotkanie<\/span><\/a>\n\n<style>ul.menu .wp-block-kadence-advancedbtn .kb-btn252_0d1752-e3.kb-button{width:initial;}.wp-block-kadence-advancedbtn .kb-btn252_0d1752-e3.kb-button{background:var(--global-palette3, #1A202C);border-top:1px solid var(--global-palette9, #ffffff);border-right:1px solid var(--global-palette9, #ffffff);border-bottom:1px solid var(--global-palette9, #ffffff);border-left:1px solid var(--global-palette9, #ffffff);}.wp-block-kadence-advancedbtn .kb-btn252_0d1752-e3.kb-button:hover, .wp-block-kadence-advancedbtn .kb-btn252_0d1752-e3.kb-button:focus{color:var(--global-palette2, #2B6CB0);background:var(--global-palette9, #ffffff);}@media all and (max-width: 1024px){.wp-block-kadence-advancedbtn .kb-btn252_0d1752-e3.kb-button{border-top:1px solid var(--global-palette9, #ffffff);border-right:1px solid var(--global-palette9, #ffffff);border-bottom:1px solid var(--global-palette9, #ffffff);border-left:1px solid var(--global-palette9, #ffffff);}}@media all and (max-width: 767px){.wp-block-kadence-advancedbtn .kb-btn252_0d1752-e3.kb-button{border-top:1px solid var(--global-palette9, #ffffff);border-right:1px solid var(--global-palette9, #ffffff);border-bottom:1px solid var(--global-palette9, #ffffff);border-left:1px solid var(--global-palette9, #ffffff);}}<\/style><a class=\"kb-button kt-button button kb-btn252_0d1752-e3 kt-btn-size-standard kt-btn-width-type-auto kb-btn-global-inherit  kt-btn-has-text-true kt-btn-has-svg-false  wp-block-button__link wp-block-kadence-singlebtn\" href=\"https:\/\/werkcentrumzaanstreekwaterland.nl\/werk\/zelftest\/\"><span class=\"kt-btn-inner-text\">Wykonaj autotest<\/span><\/a><\/div>\n<\/div><\/div>\n\n\n<style>.kadence-column252_33201f-b0 > .kt-inside-inner-col,.kadence-column252_33201f-b0 > .kt-inside-inner-col:before{border-top-left-radius:0px;border-top-right-radius:0px;border-bottom-right-radius:0px;border-bottom-left-radius:0px;}.kadence-column252_33201f-b0 > .kt-inside-inner-col{column-gap:var(--global-kb-gap-sm, 1rem);}.kadence-column252_33201f-b0 > .kt-inside-inner-col{flex-direction:column;}.kadence-column252_33201f-b0 > .kt-inside-inner-col > .aligncenter{width:100%;}.kadence-column252_33201f-b0 > .kt-inside-inner-col:before{opacity:0.3;}.kadence-column252_33201f-b0{position:relative;}@media all and (max-width: 1024px){.kadence-column252_33201f-b0 > .kt-inside-inner-col{flex-direction:column;justify-content:center;}}@media all and (max-width: 767px){.kadence-column252_33201f-b0 > .kt-inside-inner-col{flex-direction:column;justify-content:center;}}<\/style>\n<div class=\"wp-block-kadence-column kadence-column252_33201f-b0\"><div class=\"kt-inside-inner-col\"><\/div><\/div>\n\n<\/div><\/div>","protected":false},"excerpt":{"rendered":"<p>Zr\u00f3b pierwszy krok w kierunku (innej) pracy Chcesz podj\u0105\u0107 prac\u0119, ale nie wiesz od czego zacz\u0105\u0107? Centrum pracy pomo\u017ce ci zacz\u0105\u0107. Niezale\u017cnie od tego, czy dopiero odkrywasz, co lubisz, czy ju\u017c wiesz dok\u0142adnie, czego chcesz &#8211; wspieramy Ci\u0119 w podj\u0119ciu kolejnego kroku. Co mo\u017cemy dla Ciebie zrobi\u0107? Potrzebujesz pomocy lub masz pytania? Wystarczy um\u00f3wi\u0107 si\u0119&#8230;<\/p>\n","protected":false},"author":1,"featured_media":2071,"parent":2272,"menu_order":0,"comment_status":"closed","ping_status":"closed","template":"","meta":{"_acf_changed":false,"_kad_blocks_custom_css":"","_kad_blocks_head_custom_js":"","_kad_blocks_body_custom_js":"","_kad_blocks_footer_custom_js":"","_kad_post_transparent":"","_kad_post_title":"","_kad_post_layout":"","_kad_post_sidebar_id":"","_kad_post_content_style":"","_kad_post_vertical_padding":"","_kad_post_feature":"","_kad_post_feature_position":"","_kad_post_header":false,"_kad_post_footer":false,"_kad_post_classname":"","footnotes":""},"class_list":["post-2366","page","type-page","status-publish","has-post-thumbnail","hentry"],"acf":[],"taxonomy_info":[],"featured_image_src_large":["https:\/\/werkcentrumzaanstreekwaterland.nl\/wp-content\/uploads\/2025\/04\/Van-uitkering-naar-eigen-bedrijf.jpg",1440,960,false],"author_info":{"display_name":"wijzijnmeo","author_link":"https:\/\/werkcentrumzaanstreekwaterland.nl\/pl\/author\/f74aa694a0e3b226\/"},"comment_info":0,"_links":{"self":[{"href":"https:\/\/werkcentrumzaanstreekwaterland.nl\/pl\/wp-json\/wp\/v2\/pages\/2366","targetHints":{"allow":["GET"]}}],"collection":[{"href":"https:\/\/werkcentrumzaanstreekwaterland.nl\/pl\/wp-json\/wp\/v2\/pages"}],"about":[{"href":"https:\/\/werkcentrumzaanstreekwaterland.nl\/pl\/wp-json\/wp\/v2\/types\/page"}],"author":[{"embeddable":true,"href":"https:\/\/werkcentrumzaanstreekwaterland.nl\/pl\/wp-json\/wp\/v2\/users\/1"}],"replies":[{"embeddable":true,"href":"https:\/\/werkcentrumzaanstreekwaterland.nl\/pl\/wp-json\/wp\/v2\/comments?post=2366"}],"version-history":[{"count":1,"href":"https:\/\/werkcentrumzaanstreekwaterland.nl\/pl\/wp-json\/wp\/v2\/pages\/2366\/revisions"}],"predecessor-version":[{"id":2369,"href":"https:\/\/werkcentrumzaanstreekwaterland.nl\/pl\/wp-json\/wp\/v2\/pages\/2366\/revisions\/2369"}],"up":[{"embeddable":true,"href":"https:\/\/werkcentrumzaanstreekwaterland.nl\/pl\/wp-json\/wp\/v2\/pages\/2272"}],"wp:featuredmedia":[{"embeddable":true,"href":"https:\/\/werkcentrumzaanstreekwaterland.nl\/pl\/wp-json\/wp\/v2\/media\/2071"}],"wp:attachment":[{"href":"https:\/\/werkcentrumzaanstreekwaterland.nl\/pl\/wp-json\/wp\/v2\/media?parent=2366"}],"curies":[{"name":"wp","href":"https:\/\/api.w.org\/{rel}","templated":true}]}}