{"id":2355,"date":"2025-04-15T11:09:34","date_gmt":"2025-04-15T09:09:34","guid":{"rendered":"https:\/\/werkcentrumzaanstreekwaterland.nl\/osoby-poszukujace-pracy\/coaching-kariery\/"},"modified":"2026-01-22T12:05:13","modified_gmt":"2026-01-22T11:05:13","slug":"coaching-kariery","status":"publish","type":"page","link":"https:\/\/werkcentrumzaanstreekwaterland.nl\/pl\/osoby-poszukujace-pracy\/coaching-kariery\/","title":{"rendered":"Coaching kariery"},"content":{"rendered":"<style>.kb-row-layout-id248_49842a-fc > .kt-row-column-wrap{align-content:start;}:where(.kb-row-layout-id248_49842a-fc > .kt-row-column-wrap) > .wp-block-kadence-column{justify-content:start;}.kb-row-layout-id248_49842a-fc > .kt-row-column-wrap{column-gap:var(--global-kb-gap-lg, 4rem);row-gap:var(--global-kb-gap-lg, 4rem);padding-top:var(--global-kb-spacing-sm, 1.5rem);padding-bottom:var(--global-kb-spacing-sm, 1.5rem);grid-template-columns:minmax(0, 1fr);}.kb-row-layout-id248_49842a-fc > .kt-row-layout-overlay{opacity:0.30;}@media all and (max-width: 1024px){.kb-row-layout-id248_49842a-fc > .kt-row-column-wrap{column-gap:var(--global-kb-gap-md, 2rem);row-gap:var(--global-kb-gap-md, 2rem);grid-template-columns:minmax(0, 1fr);}}@media all and (max-width: 767px){.kb-row-layout-id248_49842a-fc > .kt-row-column-wrap{column-gap:var(--global-kb-gap-md, 2rem);row-gap:var(--global-kb-gap-md, 2rem);grid-template-columns:minmax(0, 1fr);}}<\/style><div class=\"kb-row-layout-wrap kb-row-layout-id248_49842a-fc alignnone wp-block-kadence-rowlayout\"><div class=\"kt-row-column-wrap kt-has-1-columns kt-row-layout-equal kt-tab-layout-inherit kt-mobile-layout-row kt-row-valign-top\">\n<style>.kadence-column248_8f9e3f-cf > .kt-inside-inner-col,.kadence-column248_8f9e3f-cf > .kt-inside-inner-col:before{border-top-left-radius:0px;border-top-right-radius:0px;border-bottom-right-radius:0px;border-bottom-left-radius:0px;}.kadence-column248_8f9e3f-cf > .kt-inside-inner-col{column-gap:var(--global-kb-gap-sm, 1rem);}.kadence-column248_8f9e3f-cf > .kt-inside-inner-col{flex-direction:column;}.kadence-column248_8f9e3f-cf > .kt-inside-inner-col > .aligncenter{width:100%;}.kadence-column248_8f9e3f-cf > .kt-inside-inner-col:before{opacity:0.3;}.kadence-column248_8f9e3f-cf{position:relative;}@media all and (max-width: 1024px){.kadence-column248_8f9e3f-cf > .kt-inside-inner-col{flex-direction:column;justify-content:center;}}@media all and (max-width: 767px){.kadence-column248_8f9e3f-cf > .kt-inside-inner-col{flex-direction:column;justify-content:center;}}<\/style>\n<div class=\"wp-block-kadence-column kadence-column248_8f9e3f-cf\"><div class=\"kt-inside-inner-col\"><style>.wp-block-kadence-advancedheading.kt-adv-heading248_1ac015-bd, .wp-block-kadence-advancedheading.kt-adv-heading248_1ac015-bd[data-kb-block=\"kb-adv-heading248_1ac015-bd\"]{font-style:normal;}.wp-block-kadence-advancedheading.kt-adv-heading248_1ac015-bd mark.kt-highlight, .wp-block-kadence-advancedheading.kt-adv-heading248_1ac015-bd[data-kb-block=\"kb-adv-heading248_1ac015-bd\"] mark.kt-highlight{font-style:normal;color:#f76a0c;-webkit-box-decoration-break:clone;box-decoration-break:clone;padding-top:0px;padding-right:0px;padding-bottom:0px;padding-left:0px;}.wp-block-kadence-advancedheading.kt-adv-heading248_1ac015-bd img.kb-inline-image, .wp-block-kadence-advancedheading.kt-adv-heading248_1ac015-bd[data-kb-block=\"kb-adv-heading248_1ac015-bd\"] img.kb-inline-image{width:150px;vertical-align:baseline;}<\/style>\n<h2 class=\"kt-adv-heading248_1ac015-bd wp-block-kadence-advancedheading\" data-kb-block=\"kb-adv-heading248_1ac015-bd\">Osobiste porady dotycz\u0105ce kariery<\/h2>\n\n\n\n<p>Jeste\u015b gotowy na co\u015b nowego lub masz w\u0105tpliwo\u015bci co do swojej obecnej pracy? Nasi doradcy zawodowi s\u0105 gotowi wsp\u00f3lnie odkry\u0107 Twoje talenty i zainteresowania. Po\u015bwi\u0119cimy czas, aby w pe\u0142ni zrozumie\u0107 Twoj\u0105 sytuacj\u0119 i om\u00f3wi\u0107 mo\u017cliwo\u015bci podj\u0119cia krok\u00f3w w kierunku pracy, kt\u00f3ra naprawd\u0119 Ci odpowiada.  <\/p>\n\n\n<style>.wp-block-kadence-advancedheading.kt-adv-heading248_5be22e-65, .wp-block-kadence-advancedheading.kt-adv-heading248_5be22e-65[data-kb-block=\"kb-adv-heading248_5be22e-65\"]{font-style:normal;}.wp-block-kadence-advancedheading.kt-adv-heading248_5be22e-65 mark.kt-highlight, .wp-block-kadence-advancedheading.kt-adv-heading248_5be22e-65[data-kb-block=\"kb-adv-heading248_5be22e-65\"] mark.kt-highlight{font-style:normal;color:#f76a0c;-webkit-box-decoration-break:clone;box-decoration-break:clone;padding-top:0px;padding-right:0px;padding-bottom:0px;padding-left:0px;}.wp-block-kadence-advancedheading.kt-adv-heading248_5be22e-65 img.kb-inline-image, .wp-block-kadence-advancedheading.kt-adv-heading248_5be22e-65[data-kb-block=\"kb-adv-heading248_5be22e-65\"] img.kb-inline-image{width:150px;vertical-align:baseline;}<\/style>\n<h3 class=\"kt-adv-heading248_5be22e-65 wp-block-kadence-advancedheading\" data-kb-block=\"kb-adv-heading248_5be22e-65\">Czego mo\u017cna si\u0119 spodziewa\u0107?<\/h3>\n\n\n<style>.wp-block-kadence-iconlist.kt-svg-icon-list-items248_c26dbf-86:not(.this-stops-third-party-issues){margin-top:0px;margin-bottom:0px;}.wp-block-kadence-iconlist.kt-svg-icon-list-items248_c26dbf-86 ul.kt-svg-icon-list:not(.this-prevents-issues):not(.this-stops-third-party-issues):not(.tijsloc){margin-top:0px;margin-right:0px;margin-bottom:var(--global-kb-spacing-sm, 1.5rem);margin-left:0px;}.wp-block-kadence-iconlist.kt-svg-icon-list-items248_c26dbf-86 ul.kt-svg-icon-list{grid-row-gap:5px;}.wp-block-kadence-iconlist.kt-svg-icon-list-items248_c26dbf-86 ul.kt-svg-icon-list .kt-svg-icon-list-item-wrap .kt-svg-icon-list-single{margin-right:10px;}.kt-svg-icon-list-items248_c26dbf-86 ul.kt-svg-icon-list .kt-svg-icon-list-level-0 .kt-svg-icon-list-single svg{font-size:20px;}<\/style>\n<div class=\"wp-block-kadence-iconlist kt-svg-icon-list-items kt-svg-icon-list-items248_c26dbf-86 kt-svg-icon-list-columns-1 alignnone kt-list-icon-aligntop\"><ul class=\"kt-svg-icon-list\"><style>.kt-svg-icon-list-item-248_75c42e-35 .kt-svg-icon-list-text mark.kt-highlight{background-color:unset;font-style:normal;color:#f76a0c;-webkit-box-decoration-break:clone;box-decoration-break:clone;padding-top:0px;padding-right:0px;padding-bottom:0px;padding-left:0px;}<\/style>\n<li class=\"wp-block-kadence-listitem kt-svg-icon-list-item-wrap kt-svg-icon-list-item-248_75c42e-35\"><span class=\"kb-svg-icon-wrap kb-svg-icon-fas_check kt-svg-icon-list-single\"><svg viewBox=\"0 0 512 512\"  fill=\"currentColor\" xmlns=\"http:\/\/www.w3.org\/2000\/svg\"  aria-hidden=\"true\"><path d=\"M173.898 439.404l-166.4-166.4c-9.997-9.997-9.997-26.206 0-36.204l36.203-36.204c9.997-9.998 26.207-9.998 36.204 0L192 312.69 432.095 72.596c9.997-9.997 26.207-9.997 36.204 0l36.203 36.204c9.997 9.997 9.997 26.206 0 36.204l-294.4 294.401c-9.998 9.997-26.207 9.997-36.204-.001z\"\/><\/svg><\/span><span class=\"kt-svg-icon-list-text\"><strong>Indywidualna rozmowa:<\/strong> jasne okre\u015blenie potrzeb i cel\u00f3w.<\/span><\/li>\n\n\n<style>.kt-svg-icon-list-item-248_3de066-f6 .kt-svg-icon-list-text mark.kt-highlight{background-color:unset;font-style:normal;color:#f76a0c;-webkit-box-decoration-break:clone;box-decoration-break:clone;padding-top:0px;padding-right:0px;padding-bottom:0px;padding-left:0px;}<\/style>\n<li class=\"wp-block-kadence-listitem kt-svg-icon-list-item-wrap kt-svg-icon-list-item-248_3de066-f6\"><span class=\"kb-svg-icon-wrap kb-svg-icon-fas_check kt-svg-icon-list-single\"><svg viewBox=\"0 0 512 512\"  fill=\"currentColor\" xmlns=\"http:\/\/www.w3.org\/2000\/svg\"  aria-hidden=\"true\"><path d=\"M173.898 439.404l-166.4-166.4c-9.997-9.997-9.997-26.206 0-36.204l36.203-36.204c9.997-9.998 26.207-9.998 36.204 0L192 312.69 432.095 72.596c9.997-9.997 26.207-9.997 36.204 0l36.203 36.204c9.997 9.997 9.997 26.206 0 36.204l-294.4 294.401c-9.998 9.997-26.207 9.997-36.204-.001z\"\/><\/svg><\/span><span class=\"kt-svg-icon-list-text\"><strong>Indywidualne porady:<\/strong> mo\u017cliwe miejsca pracy i zawody.<\/span><\/li>\n\n\n<style>.kt-svg-icon-list-item-248_11926d-ba .kt-svg-icon-list-text mark.kt-highlight{background-color:unset;font-style:normal;color:#f76a0c;-webkit-box-decoration-break:clone;box-decoration-break:clone;padding-top:0px;padding-right:0px;padding-bottom:0px;padding-left:0px;}<\/style>\n<li class=\"wp-block-kadence-listitem kt-svg-icon-list-item-wrap kt-svg-icon-list-item-248_11926d-ba\"><span class=\"kb-svg-icon-wrap kb-svg-icon-fas_check kt-svg-icon-list-single\"><svg viewBox=\"0 0 512 512\"  fill=\"currentColor\" xmlns=\"http:\/\/www.w3.org\/2000\/svg\"  aria-hidden=\"true\"><path d=\"M173.898 439.404l-166.4-166.4c-9.997-9.997-9.997-26.206 0-36.204l36.203-36.204c9.997-9.998 26.207-9.998 36.204 0L192 312.69 432.095 72.596c9.997-9.997 26.207-9.997 36.204 0l36.203 36.204c9.997 9.997 9.997 26.206 0 36.204l-294.4 294.401c-9.998 9.997-26.207 9.997-36.204-.001z\"\/><\/svg><\/span><span class=\"kt-svg-icon-list-text\"><strong>Wsparcie w planowaniu kariery:<\/strong> praktyczna pomoc w planowaniu przysz\u0142o\u015bci.<\/span><\/li>\n\n\n<style>.kt-svg-icon-list-item-248_f78a3a-cf .kt-svg-icon-list-text mark.kt-highlight{background-color:unset;font-style:normal;color:#f76a0c;-webkit-box-decoration-break:clone;box-decoration-break:clone;padding-top:0px;padding-right:0px;padding-bottom:0px;padding-left:0px;}<\/style>\n<li class=\"wp-block-kadence-listitem kt-svg-icon-list-item-wrap kt-svg-icon-list-item-248_f78a3a-cf\"><span class=\"kb-svg-icon-wrap kb-svg-icon-fas_check kt-svg-icon-list-single\"><svg viewBox=\"0 0 512 512\"  fill=\"currentColor\" xmlns=\"http:\/\/www.w3.org\/2000\/svg\"  aria-hidden=\"true\"><path d=\"M173.898 439.404l-166.4-166.4c-9.997-9.997-9.997-26.206 0-36.204l36.203-36.204c9.997-9.998 26.207-9.998 36.204 0L192 312.69 432.095 72.596c9.997-9.997 26.207-9.997 36.204 0l36.203 36.204c9.997 9.997 9.997 26.206 0 36.204l-294.4 294.401c-9.998 9.997-26.207 9.997-36.204-.001z\"\/><\/svg><\/span><span class=\"kt-svg-icon-list-text\"><strong>Odpowiednie szkolenia i kursy:<\/strong> pomoc w znalezieniu szkole\u0144.<\/span><\/li>\n<\/ul><\/div>\n\n\n\n<p>Chcesz od razu rozpocz\u0105\u0107 now\u0105 przeprowadzk\u0119 w regionie Zaanstreek Waterland? Um\u00f3w si\u0119 na spotkanie z jednym z naszych doradc\u00f3w. Wsp\u00f3lnie upewnimy si\u0119, \u017ce mo\u017cesz i\u015b\u0107 naprz\u00f3d z pewno\u015bci\u0105 siebie.  <\/p>\n\n\n<style>.wp-block-kadence-advancedbtn.kb-btns248_cd91c9-74{gap:var(--global-kb-gap-sm, 1rem);justify-content:flex-start;align-items:center;}.kt-btns248_cd91c9-74 .kt-button{font-weight:normal;font-style:normal;}.kt-btns248_cd91c9-74 .kt-btn-wrap-0{margin-right:5px;}.wp-block-kadence-advancedbtn.kt-btns248_cd91c9-74 .kt-btn-wrap-0 .kt-button{color:#555555;border-color:#555555;}.wp-block-kadence-advancedbtn.kt-btns248_cd91c9-74 .kt-btn-wrap-0 .kt-button:hover, .wp-block-kadence-advancedbtn.kt-btns248_cd91c9-74 .kt-btn-wrap-0 .kt-button:focus{color:#ffffff;border-color:#444444;}.wp-block-kadence-advancedbtn.kt-btns248_cd91c9-74 .kt-btn-wrap-0 .kt-button::before{display:none;}.wp-block-kadence-advancedbtn.kt-btns248_cd91c9-74 .kt-btn-wrap-0 .kt-button:hover, .wp-block-kadence-advancedbtn.kt-btns248_cd91c9-74 .kt-btn-wrap-0 .kt-button:focus{background:#444444;}<\/style>\n<div class=\"wp-block-kadence-advancedbtn kb-buttons-wrap kb-btns248_cd91c9-74\"><style>ul.menu .wp-block-kadence-advancedbtn .kb-btn248_f8a6fc-42.kb-button{width:initial;}<\/style><a class=\"kb-button kt-button button kb-btn248_f8a6fc-42 kt-btn-size-standard kt-btn-width-type-auto kb-btn-global-inherit  kt-btn-has-text-true kt-btn-has-svg-false  wp-block-button__link wp-block-kadence-singlebtn\" href=\"https:\/\/werkcentrumzaanstreekwaterland.nl\/pl\/zadanie-polaczenia\/\"><span class=\"kt-btn-inner-text\">Zaplanuj spotkanie ju\u017c teraz<\/span><\/a>\n\n<style>ul.menu .wp-block-kadence-advancedbtn .kb-btn248_00e7e4-32.kb-button{width:initial;}.wp-block-kadence-advancedbtn .kb-btn248_00e7e4-32.kb-button{background:var(--global-palette1, #3182CE);}.wp-block-kadence-advancedbtn .kb-btn248_00e7e4-32.kb-button:hover, .wp-block-kadence-advancedbtn .kb-btn248_00e7e4-32.kb-button:focus{background:var(--global-palette2, #2B6CB0);}<\/style><a class=\"kb-button kt-button button kb-btn248_00e7e4-32 kt-btn-size-standard kt-btn-width-type-auto kb-btn-global-inherit  kt-btn-has-text-true kt-btn-has-svg-false  wp-block-button__link wp-block-kadence-singlebtn\" href=\"https:\/\/werkcentrumzaanstreekwaterland.nl\/werk\/zelftest\/\"><span class=\"kt-btn-inner-text\">Wykonaj autotest<\/span><\/a><\/div>\n\n\n<style>.kadence-column248_afac87-06 > .kt-inside-inner-col{padding-top:var(--global-kb-spacing-lg, 3rem);padding-right:var(--global-kb-spacing-lg, 3rem);padding-bottom:var(--global-kb-spacing-lg, 3rem);padding-left:var(--global-kb-spacing-lg, 3rem);}.kadence-column248_afac87-06 > .kt-inside-inner-col{border-top:1px solid var(--global-palette1, #3182CE);border-right:1px solid var(--global-palette1, #3182CE);border-bottom:1px solid var(--global-palette1, #3182CE);border-left:1px solid var(--global-palette1, #3182CE);}.kadence-column248_afac87-06 > .kt-inside-inner-col,.kadence-column248_afac87-06 > .kt-inside-inner-col:before{border-top-left-radius:50px;border-top-right-radius:50px;border-bottom-right-radius:50px;border-bottom-left-radius:0px;}.kadence-column248_afac87-06 > .kt-inside-inner-col{column-gap:var(--global-kb-gap-sm, 1rem);}.kadence-column248_afac87-06 > .kt-inside-inner-col{flex-direction:column;}.kadence-column248_afac87-06 > .kt-inside-inner-col > .aligncenter{width:100%;}.kadence-column248_afac87-06 > .kt-inside-inner-col{background-color:var(--global-palette9, #ffffff);}.kadence-column248_afac87-06 > .kt-inside-inner-col:before{opacity:0.3;}.kadence-column248_afac87-06, .kadence-column248_afac87-06 h1, .kadence-column248_afac87-06 h2, .kadence-column248_afac87-06 h3, .kadence-column248_afac87-06 h4, .kadence-column248_afac87-06 h5, .kadence-column248_afac87-06 h6{color:var(--global-palette3, #1A202C);}.kadence-column248_afac87-06 a{color:var(--global-palette1, #3182CE);}.kadence-column248_afac87-06 a:hover{color:var(--global-palette2, #2B6CB0);}.kadence-column248_afac87-06{position:relative;}@media all and (max-width: 1024px){.kadence-column248_afac87-06 > .kt-inside-inner-col{border-top:1px solid var(--global-palette1, #3182CE);border-right:1px solid var(--global-palette1, #3182CE);border-bottom:1px solid var(--global-palette1, #3182CE);border-left:1px solid var(--global-palette1, #3182CE);flex-direction:column;justify-content:center;}}@media all and (max-width: 767px){.kadence-column248_afac87-06 > .kt-inside-inner-col{padding-top:var(--global-kb-spacing-lg, 3rem);padding-right:var(--global-kb-spacing-md, 2rem);padding-bottom:var(--global-kb-spacing-md, 2rem);padding-left:var(--global-kb-spacing-md, 2rem);border-top:1px solid var(--global-palette1, #3182CE);border-right:1px solid var(--global-palette1, #3182CE);border-bottom:1px solid var(--global-palette1, #3182CE);border-left:1px solid var(--global-palette1, #3182CE);flex-direction:column;justify-content:center;}}<\/style>\n<div class=\"wp-block-kadence-column kadence-column248_afac87-06 kvs-lg-false kvs-md-false kvs-sm-false\"><div class=\"kt-inside-inner-col\">\n<p>Nasze porady s\u0105 bezp\u0142atne i dostosowane do Twojej sytuacji. Skontaktuj si\u0119 z nami i rozpocznij swoj\u0105 podr\u00f3\u017c zawodow\u0105. <\/p>\n\n\n<\/div><\/div>\n<\/div><\/div>\n\n<\/div><\/div>","protected":false},"excerpt":{"rendered":"<p>Osobiste porady dotycz\u0105ce kariery Jeste\u015b gotowy na co\u015b nowego lub masz w\u0105tpliwo\u015bci co do swojej obecnej pracy? Nasi doradcy zawodowi s\u0105 gotowi wsp\u00f3lnie odkry\u0107 Twoje talenty i zainteresowania. Po\u015bwi\u0119cimy czas, aby w pe\u0142ni zrozumie\u0107 Twoj\u0105 sytuacj\u0119 i om\u00f3wi\u0107 mo\u017cliwo\u015bci podj\u0119cia krok\u00f3w w kierunku pracy, kt\u00f3ra naprawd\u0119 Ci odpowiada. Czego mo\u017cna si\u0119 spodziewa\u0107? Chcesz od razu&#8230;<\/p>\n","protected":false},"author":1,"featured_media":2071,"parent":2272,"menu_order":0,"comment_status":"closed","ping_status":"closed","template":"","meta":{"_acf_changed":false,"_kad_blocks_custom_css":"","_kad_blocks_head_custom_js":"","_kad_blocks_body_custom_js":"","_kad_blocks_footer_custom_js":"","_kad_post_transparent":"","_kad_post_title":"","_kad_post_layout":"","_kad_post_sidebar_id":"","_kad_post_content_style":"","_kad_post_vertical_padding":"","_kad_post_feature":"","_kad_post_feature_position":"","_kad_post_header":false,"_kad_post_footer":false,"_kad_post_classname":"","footnotes":""},"class_list":["post-2355","page","type-page","status-publish","has-post-thumbnail","hentry"],"acf":[],"taxonomy_info":[],"featured_image_src_large":["https:\/\/werkcentrumzaanstreekwaterland.nl\/wp-content\/uploads\/2025\/04\/Van-uitkering-naar-eigen-bedrijf.jpg",1440,960,false],"author_info":{"display_name":"wijzijnmeo","author_link":"https:\/\/werkcentrumzaanstreekwaterland.nl\/pl\/author\/f74aa694a0e3b226\/"},"comment_info":0,"_links":{"self":[{"href":"https:\/\/werkcentrumzaanstreekwaterland.nl\/pl\/wp-json\/wp\/v2\/pages\/2355","targetHints":{"allow":["GET"]}}],"collection":[{"href":"https:\/\/werkcentrumzaanstreekwaterland.nl\/pl\/wp-json\/wp\/v2\/pages"}],"about":[{"href":"https:\/\/werkcentrumzaanstreekwaterland.nl\/pl\/wp-json\/wp\/v2\/types\/page"}],"author":[{"embeddable":true,"href":"https:\/\/werkcentrumzaanstreekwaterland.nl\/pl\/wp-json\/wp\/v2\/users\/1"}],"replies":[{"embeddable":true,"href":"https:\/\/werkcentrumzaanstreekwaterland.nl\/pl\/wp-json\/wp\/v2\/comments?post=2355"}],"version-history":[{"count":1,"href":"https:\/\/werkcentrumzaanstreekwaterland.nl\/pl\/wp-json\/wp\/v2\/pages\/2355\/revisions"}],"predecessor-version":[{"id":2358,"href":"https:\/\/werkcentrumzaanstreekwaterland.nl\/pl\/wp-json\/wp\/v2\/pages\/2355\/revisions\/2358"}],"up":[{"embeddable":true,"href":"https:\/\/werkcentrumzaanstreekwaterland.nl\/pl\/wp-json\/wp\/v2\/pages\/2272"}],"wp:featuredmedia":[{"embeddable":true,"href":"https:\/\/werkcentrumzaanstreekwaterland.nl\/pl\/wp-json\/wp\/v2\/media\/2071"}],"wp:attachment":[{"href":"https:\/\/werkcentrumzaanstreekwaterland.nl\/pl\/wp-json\/wp\/v2\/media?parent=2355"}],"curies":[{"name":"wp","href":"https:\/\/api.w.org\/{rel}","templated":true}]}}