{"id":2342,"date":"2025-04-14T14:49:20","date_gmt":"2025-04-14T12:49:20","guid":{"rendered":"https:\/\/werkcentrumzaanstreekwaterland.nl\/agenda\/"},"modified":"2026-01-28T17:29:04","modified_gmt":"2026-01-28T16:29:04","slug":"kalendarz","status":"publish","type":"page","link":"https:\/\/werkcentrumzaanstreekwaterland.nl\/pl\/kalendarz\/","title":{"rendered":"Kalendarz"},"content":{"rendered":"<style>.kb-row-layout-id2342_6b3e92-74 > .kt-row-column-wrap{align-content:start;}:where(.kb-row-layout-id2342_6b3e92-74 > .kt-row-column-wrap) > .wp-block-kadence-column{justify-content:start;}.kb-row-layout-id2342_6b3e92-74 > .kt-row-column-wrap{column-gap:var(--global-kb-gap-md, 2rem);row-gap:var(--global-kb-gap-md, 2rem);max-width:100%;margin-left:auto;margin-right:auto;padding-top:var(--global-kb-spacing-sm, 1.5rem);padding-bottom:var(--global-kb-spacing-sm, 1.5rem);grid-template-columns:minmax(0, 1fr);}.kb-row-layout-id2342_6b3e92-74 > .kt-row-layout-overlay{opacity:0.30;}@media all and (max-width: 1024px){.kb-row-layout-id2342_6b3e92-74 > .kt-row-column-wrap{grid-template-columns:minmax(0, 1fr);}}@media all and (max-width: 767px){.kb-row-layout-id2342_6b3e92-74 > .kt-row-column-wrap{grid-template-columns:minmax(0, 1fr);}}<\/style><div class=\"kb-row-layout-wrap kb-row-layout-id2342_6b3e92-74 alignnone wp-block-kadence-rowlayout\"><div class=\"kt-row-column-wrap kt-has-1-columns kt-row-layout-equal kt-tab-layout-inherit kt-mobile-layout-row kt-row-valign-top\">\n<style>.kadence-column2342_913a97-b7 > .kt-inside-inner-col{padding-bottom:var(--global-kb-spacing-lg, 3rem);}.kadence-column2342_913a97-b7 > .kt-inside-inner-col,.kadence-column2342_913a97-b7 > .kt-inside-inner-col:before{border-top-left-radius:0px;border-top-right-radius:0px;border-bottom-right-radius:0px;border-bottom-left-radius:0px;}.kadence-column2342_913a97-b7 > .kt-inside-inner-col{column-gap:var(--global-kb-gap-sm, 1rem);}.kadence-column2342_913a97-b7 > .kt-inside-inner-col{flex-direction:column;}.kadence-column2342_913a97-b7 > .kt-inside-inner-col > .aligncenter{width:100%;}.kadence-column2342_913a97-b7 > .kt-inside-inner-col:before{opacity:0.3;}.kadence-column2342_913a97-b7{position:relative;}@media all and (max-width: 1024px){.kadence-column2342_913a97-b7 > .kt-inside-inner-col{flex-direction:column;justify-content:center;}}@media all and (max-width: 767px){.kadence-column2342_913a97-b7 > .kt-inside-inner-col{flex-direction:column;justify-content:center;}}<\/style>\n<div class=\"wp-block-kadence-column kadence-column2342_913a97-b7\"><div class=\"kt-inside-inner-col\"><style>.wp-block-kadence-advancedheading.kt-adv-heading2342_e4c4c6-89, .wp-block-kadence-advancedheading.kt-adv-heading2342_e4c4c6-89[data-kb-block=\"kb-adv-heading2342_e4c4c6-89\"]{font-style:normal;}.wp-block-kadence-advancedheading.kt-adv-heading2342_e4c4c6-89 mark.kt-highlight, .wp-block-kadence-advancedheading.kt-adv-heading2342_e4c4c6-89[data-kb-block=\"kb-adv-heading2342_e4c4c6-89\"] mark.kt-highlight{font-style:normal;color:#f76a0c;-webkit-box-decoration-break:clone;box-decoration-break:clone;padding-top:0px;padding-right:0px;padding-bottom:0px;padding-left:0px;}.wp-block-kadence-advancedheading.kt-adv-heading2342_e4c4c6-89 img.kb-inline-image, .wp-block-kadence-advancedheading.kt-adv-heading2342_e4c4c6-89[data-kb-block=\"kb-adv-heading2342_e4c4c6-89\"] img.kb-inline-image{width:150px;vertical-align:baseline;}<\/style>\n<h2 class=\"kt-adv-heading2342_e4c4c6-89 wp-block-kadence-advancedheading\" data-kb-block=\"kb-adv-heading2342_e4c4c6-89\"><strong>Dowiedz si\u0119, co robi\u0107 w Zaanstreek Waterland<\/strong><\/h2>\n\n\n\n<p>Centrum Pracy organizuje regularne zaj\u0119cia dla os\u00f3b poszukuj\u0105cych pracy, pracownik\u00f3w i pracodawc\u00f3w. Pocz\u0105wszy od spotka\u0144 typu drop-in po sesje szkoleniowe i wydarzenia: zapraszamy do przy\u0142\u0105czenia si\u0119. Wszystko ma na celu spotkanie, rozw\u00f3j i podj\u0119cie konkretnych krok\u00f3w w kierunku pracy lub personelu.  <\/p>\n\n\n\n<p><strong>W naszym kalendarzu znajdziesz:<\/strong><\/p>\n\n\n<style>.wp-block-kadence-iconlist.kt-svg-icon-list-items2342_4aeb41-6f:not(.this-stops-third-party-issues){margin-top:0px;margin-bottom:0px;}.wp-block-kadence-iconlist.kt-svg-icon-list-items2342_4aeb41-6f ul.kt-svg-icon-list:not(.this-prevents-issues):not(.this-stops-third-party-issues):not(.tijsloc){margin-top:0px;margin-right:0px;margin-bottom:var(--global-kb-spacing-sm, 1.5rem);margin-left:0px;padding-bottom:0px;}.wp-block-kadence-iconlist.kt-svg-icon-list-items2342_4aeb41-6f ul.kt-svg-icon-list{grid-row-gap:5px;}.wp-block-kadence-iconlist.kt-svg-icon-list-items2342_4aeb41-6f ul.kt-svg-icon-list .kt-svg-icon-list-item-wrap .kt-svg-icon-list-single{margin-right:10px;}.kt-svg-icon-list-items2342_4aeb41-6f ul.kt-svg-icon-list .kt-svg-icon-list-level-0 .kt-svg-icon-list-single svg{font-size:20px;}<\/style>\n<div class=\"wp-block-kadence-iconlist kt-svg-icon-list-items kt-svg-icon-list-items2342_4aeb41-6f kt-svg-icon-list-columns-1 alignnone\"><ul class=\"kt-svg-icon-list\"><style>.kt-svg-icon-list-item-2342_e36fc8-aa .kt-svg-icon-list-text mark.kt-highlight{background-color:unset;font-style:normal;color:#f76a0c;-webkit-box-decoration-break:clone;box-decoration-break:clone;padding-top:0px;padding-right:0px;padding-bottom:0px;padding-left:0px;}<\/style>\n<li class=\"wp-block-kadence-listitem kt-svg-icon-list-item-wrap kt-svg-icon-list-item-2342_e36fc8-aa\"><span class=\"kb-svg-icon-wrap kb-svg-icon-fas_check kt-svg-icon-list-single\"><svg viewBox=\"0 0 512 512\"  fill=\"currentColor\" xmlns=\"http:\/\/www.w3.org\/2000\/svg\"  aria-hidden=\"true\"><path d=\"M173.898 439.404l-166.4-166.4c-9.997-9.997-9.997-26.206 0-36.204l36.203-36.204c9.997-9.998 26.207-9.998 36.204 0L192 312.69 432.095 72.596c9.997-9.997 26.207-9.997 36.204 0l36.203 36.204c9.997 9.997 9.997 26.206 0 36.204l-294.4 294.401c-9.998 9.997-26.207 9.997-36.204-.001z\"\/><\/svg><\/span><span class=\"kt-svg-icon-list-text\">Warsztaty i szkolenia dotycz\u0105ce ubiegania si\u0119 o prac\u0119, rozwoju kariery lub zasob\u00f3w ludzkich.<\/span><\/li>\n\n\n<style>.kt-svg-icon-list-item-2342_bfe70d-14 .kt-svg-icon-list-text mark.kt-highlight{background-color:unset;font-style:normal;color:#f76a0c;-webkit-box-decoration-break:clone;box-decoration-break:clone;padding-top:0px;padding-right:0px;padding-bottom:0px;padding-left:0px;}<\/style>\n<li class=\"wp-block-kadence-listitem kt-svg-icon-list-item-wrap kt-svg-icon-list-item-2342_bfe70d-14\"><span class=\"kb-svg-icon-wrap kb-svg-icon-fas_check kt-svg-icon-list-single\"><svg viewBox=\"0 0 512 512\"  fill=\"currentColor\" xmlns=\"http:\/\/www.w3.org\/2000\/svg\"  aria-hidden=\"true\"><path d=\"M173.898 439.404l-166.4-166.4c-9.997-9.997-9.997-26.206 0-36.204l36.203-36.204c9.997-9.998 26.207-9.998 36.204 0L192 312.69 432.095 72.596c9.997-9.997 26.207-9.997 36.204 0l36.203 36.204c9.997 9.997 9.997 26.206 0 36.204l-294.4 294.401c-9.998 9.997-26.207 9.997-36.204-.001z\"\/><\/svg><\/span><span class=\"kt-svg-icon-list-text\">Wydarzenia takie jak targi pracy, spotkania networkingowe i dni tematyczne.<\/span><\/li>\n\n\n<style>.kt-svg-icon-list-item-2342_62f5b3-62 .kt-svg-icon-list-text mark.kt-highlight{background-color:unset;font-style:normal;color:#f76a0c;-webkit-box-decoration-break:clone;box-decoration-break:clone;padding-top:0px;padding-right:0px;padding-bottom:0px;padding-left:0px;}<\/style>\n<li class=\"wp-block-kadence-listitem kt-svg-icon-list-item-wrap kt-svg-icon-list-item-2342_62f5b3-62\"><span class=\"kb-svg-icon-wrap kb-svg-icon-fas_check kt-svg-icon-list-single\"><svg viewBox=\"0 0 512 512\"  fill=\"currentColor\" xmlns=\"http:\/\/www.w3.org\/2000\/svg\"  aria-hidden=\"true\"><path d=\"M173.898 439.404l-166.4-166.4c-9.997-9.997-9.997-26.206 0-36.204l36.203-36.204c9.997-9.998 26.207-9.998 36.204 0L192 312.69 432.095 72.596c9.997-9.997 26.207-9.997 36.204 0l36.203 36.204c9.997 9.997 9.997 26.206 0 36.204l-294.4 294.401c-9.998 9.997-26.207 9.997-36.204-.001z\"\/><\/svg><\/span><span class=\"kt-svg-icon-list-text\">Natychmiastowe mo\u017cliwo\u015bci um\u00f3wienia si\u0119 na spotkanie.<\/span><\/li>\n<\/ul><\/div>\n\n\n\n<p><strong>Zobacz kalendarz i zarejestruj si\u0119 z \u0142atwo\u015bci\u0105. Wiele zaj\u0119\u0107 jest bezp\u0142atnych i niskoprogowych. <\/strong><\/p>\n<\/div><\/div>\n\n<\/div><\/div>\n\n<style>.kb-row-layout-id2342_9ccca8-fe > .kt-row-column-wrap{align-content:start;}:where(.kb-row-layout-id2342_9ccca8-fe > .kt-row-column-wrap) > .wp-block-kadence-column{justify-content:start;}.kb-row-layout-id2342_9ccca8-fe > .kt-row-column-wrap{column-gap:var(--global-kb-gap-md, 2rem);row-gap:var(--global-kb-gap-md, 2rem);padding-top:var(--global-kb-spacing-sm, 1.5rem);padding-bottom:var(--global-kb-spacing-sm, 1.5rem);grid-template-columns:minmax(0, 1fr);}.kb-row-layout-id2342_9ccca8-fe > .kt-row-layout-overlay{opacity:0.30;}@media all and (max-width: 1024px){.kb-row-layout-id2342_9ccca8-fe > .kt-row-column-wrap{grid-template-columns:minmax(0, 1fr);}}@media all and (max-width: 767px){.kb-row-layout-id2342_9ccca8-fe > .kt-row-column-wrap{grid-template-columns:minmax(0, 1fr);}}<\/style><div class=\"kb-row-layout-wrap kb-row-layout-id2342_9ccca8-fe alignnone wp-block-kadence-rowlayout\"><div class=\"kt-row-column-wrap kt-has-1-columns kt-row-layout-equal kt-tab-layout-inherit kt-mobile-layout-row kt-row-valign-top\">\n<style>.kadence-column2342_f0b507-90 > .kt-inside-inner-col,.kadence-column2342_f0b507-90 > .kt-inside-inner-col:before{border-top-left-radius:0px;border-top-right-radius:0px;border-bottom-right-radius:0px;border-bottom-left-radius:0px;}.kadence-column2342_f0b507-90 > .kt-inside-inner-col{column-gap:var(--global-kb-gap-sm, 1rem);}.kadence-column2342_f0b507-90 > .kt-inside-inner-col{flex-direction:column;}.kadence-column2342_f0b507-90 > .kt-inside-inner-col > .aligncenter{width:100%;}.kadence-column2342_f0b507-90 > .kt-inside-inner-col:before{opacity:0.3;}.kadence-column2342_f0b507-90{position:relative;}@media all and (max-width: 1024px){.kadence-column2342_f0b507-90 > .kt-inside-inner-col{flex-direction:column;justify-content:center;}}@media all and (max-width: 767px){.kadence-column2342_f0b507-90 > .kt-inside-inner-col{flex-direction:column;justify-content:center;}}<\/style>\n<div class=\"wp-block-kadence-column kadence-column2342_f0b507-90\"><div class=\"kt-inside-inner-col\"><div class=\"em em-view-container\" id=\"em-view-1183263066\" data-view=\"list-grouped\">\r\n\t<div class=\"em-list em-events-list em-events-list-grouped\" id=\"em-events-list-grouped-1183263066\">\r\n\tObecnie nie ma zaplanowanych \u017cadnych wydarze\u0144.\t<\/div>\r\n<\/div>\n<\/div><\/div>\n\n<\/div><\/div>\n\n","protected":false},"excerpt":{"rendered":"<p>Szukasz pracy lub nowego wyzwania? Werkcentrum Zaanstreek-Waterland pomo\u017ce Ci z ofertami pracy, doradztwem i szkoleniami. Wsp\u00f3lnie znajdziemy odpowiednie rozwi\u0105zanie!  <\/p>\n","protected":false},"author":1,"featured_media":2343,"parent":0,"menu_order":0,"comment_status":"closed","ping_status":"closed","template":"","meta":{"_acf_changed":false,"_kad_blocks_custom_css":"div#inner-wrap {\r\n    background: var(--global-palette7);\r\n}\r\n\r\n.event-grid {\r\n    display: grid;\r\n    grid-template-columns: 1fr 1fr;\r\n    gap: 24px;\r\n}\r\n.event-wrapper {\r\n    margin-bottom: 0;\r\n}\r\n@media (max-width: 1024px) {\r\n  .event-grid {\r\n    grid-template-columns: 1fr;\r\n  }\r\n}","_kad_blocks_head_custom_js":"","_kad_blocks_body_custom_js":"","_kad_blocks_footer_custom_js":"","_kad_post_transparent":"","_kad_post_title":"","_kad_post_layout":"","_kad_post_sidebar_id":"","_kad_post_content_style":"","_kad_post_vertical_padding":"","_kad_post_feature":"","_kad_post_feature_position":"","_kad_post_header":false,"_kad_post_footer":false,"_kad_post_classname":"","footnotes":""},"class_list":["post-2342","page","type-page","status-publish","has-post-thumbnail","hentry"],"acf":[],"taxonomy_info":[],"featured_image_src_large":["https:\/\/werkcentrumzaanstreekwaterland.nl\/wp-content\/uploads\/2025\/04\/agenda.jpg",1080,721,false],"author_info":{"display_name":"wijzijnmeo","author_link":"https:\/\/werkcentrumzaanstreekwaterland.nl\/pl\/author\/f74aa694a0e3b226\/"},"comment_info":0,"_links":{"self":[{"href":"https:\/\/werkcentrumzaanstreekwaterland.nl\/pl\/wp-json\/wp\/v2\/pages\/2342","targetHints":{"allow":["GET"]}}],"collection":[{"href":"https:\/\/werkcentrumzaanstreekwaterland.nl\/pl\/wp-json\/wp\/v2\/pages"}],"about":[{"href":"https:\/\/werkcentrumzaanstreekwaterland.nl\/pl\/wp-json\/wp\/v2\/types\/page"}],"author":[{"embeddable":true,"href":"https:\/\/werkcentrumzaanstreekwaterland.nl\/pl\/wp-json\/wp\/v2\/users\/1"}],"replies":[{"embeddable":true,"href":"https:\/\/werkcentrumzaanstreekwaterland.nl\/pl\/wp-json\/wp\/v2\/comments?post=2342"}],"version-history":[{"count":5,"href":"https:\/\/werkcentrumzaanstreekwaterland.nl\/pl\/wp-json\/wp\/v2\/pages\/2342\/revisions"}],"predecessor-version":[{"id":2905,"href":"https:\/\/werkcentrumzaanstreekwaterland.nl\/pl\/wp-json\/wp\/v2\/pages\/2342\/revisions\/2905"}],"wp:featuredmedia":[{"embeddable":true,"href":"https:\/\/werkcentrumzaanstreekwaterland.nl\/pl\/wp-json\/wp\/v2\/media\/2343"}],"wp:attachment":[{"href":"https:\/\/werkcentrumzaanstreekwaterland.nl\/pl\/wp-json\/wp\/v2\/media?parent=2342"}],"curies":[{"name":"wp","href":"https:\/\/api.w.org\/{rel}","templated":true}]}}