{"id":2051,"date":"2026-01-21T16:09:23","date_gmt":"2026-01-21T15:09:23","guid":{"rendered":"https:\/\/werkcentrumzaanstreekwaterland.nl\/edukacja\/"},"modified":"2026-01-22T11:55:07","modified_gmt":"2026-01-22T10:55:07","slug":"edukacja","status":"publish","type":"page","link":"https:\/\/werkcentrumzaanstreekwaterland.nl\/pl\/edukacja\/","title":{"rendered":"Edukacja"},"content":{"rendered":"<style>.kb-row-layout-id1969_106eac-d6 > .kt-row-column-wrap{align-content:start;}:where(.kb-row-layout-id1969_106eac-d6 > .kt-row-column-wrap) > .wp-block-kadence-column{justify-content:start;}.kb-row-layout-id1969_106eac-d6 > .kt-row-column-wrap{column-gap:var(--global-kb-gap-md, 2rem);row-gap:var(--global-kb-gap-md, 2rem);padding-top:var(--global-kb-spacing-sm, 1.5rem);padding-bottom:var(--global-kb-spacing-sm, 1.5rem);grid-template-columns:minmax(0, 1fr);}.kb-row-layout-id1969_106eac-d6 > .kt-row-layout-overlay{opacity:0.30;}@media all and (max-width: 1024px){.kb-row-layout-id1969_106eac-d6 > .kt-row-column-wrap{grid-template-columns:minmax(0, 1fr);}}@media all and (max-width: 767px){.kb-row-layout-id1969_106eac-d6 > .kt-row-column-wrap{grid-template-columns:minmax(0, 1fr);}}<\/style><div class=\"kb-row-layout-wrap kb-row-layout-id1969_106eac-d6 alignnone wp-block-kadence-rowlayout\"><div class=\"kt-row-column-wrap kt-has-1-columns kt-row-layout-equal kt-tab-layout-inherit kt-mobile-layout-row kt-row-valign-top\">\n<style>.kadence-column1969_ea469f-b7 > .kt-inside-inner-col,.kadence-column1969_ea469f-b7 > .kt-inside-inner-col:before{border-top-left-radius:0px;border-top-right-radius:0px;border-bottom-right-radius:0px;border-bottom-left-radius:0px;}.kadence-column1969_ea469f-b7 > .kt-inside-inner-col{column-gap:var(--global-kb-gap-sm, 1rem);}.kadence-column1969_ea469f-b7 > .kt-inside-inner-col{flex-direction:column;}.kadence-column1969_ea469f-b7 > .kt-inside-inner-col > .aligncenter{width:100%;}.kadence-column1969_ea469f-b7 > .kt-inside-inner-col:before{opacity:0.3;}.kadence-column1969_ea469f-b7{position:relative;}@media all and (max-width: 1024px){.kadence-column1969_ea469f-b7 > .kt-inside-inner-col{flex-direction:column;justify-content:center;}}@media all and (max-width: 767px){.kadence-column1969_ea469f-b7 > .kt-inside-inner-col{flex-direction:column;justify-content:center;}}<\/style>\n<div class=\"wp-block-kadence-column kadence-column1969_ea469f-b7\"><div class=\"kt-inside-inner-col\"><style>.wp-block-kadence-advancedheading.kt-adv-heading1969_78d875-df, .wp-block-kadence-advancedheading.kt-adv-heading1969_78d875-df[data-kb-block=\"kb-adv-heading1969_78d875-df\"]{font-style:normal;}.wp-block-kadence-advancedheading.kt-adv-heading1969_78d875-df mark.kt-highlight, .wp-block-kadence-advancedheading.kt-adv-heading1969_78d875-df[data-kb-block=\"kb-adv-heading1969_78d875-df\"] mark.kt-highlight{font-style:normal;color:#f76a0c;-webkit-box-decoration-break:clone;box-decoration-break:clone;padding-top:0px;padding-right:0px;padding-bottom:0px;padding-left:0px;}.wp-block-kadence-advancedheading.kt-adv-heading1969_78d875-df img.kb-inline-image, .wp-block-kadence-advancedheading.kt-adv-heading1969_78d875-df[data-kb-block=\"kb-adv-heading1969_78d875-df\"] img.kb-inline-image{width:150px;vertical-align:baseline;}<\/style>\n<h2 class=\"kt-adv-heading1969_78d875-df wp-block-kadence-advancedheading\" data-kb-block=\"kb-adv-heading1969_78d875-df\">Rekrutacja i dopasowanie<\/h2>\n\n\n\n<p>Znajdujemy zmotywowanych kandydat\u00f3w (na stanowiska sta\u0142e, tymczasowe, boczne i personel pomocniczy), kt\u00f3rzy pasuj\u0105 do Twojej szko\u0142y i\/lub zarz\u0105du.<\/p>\n\n\n<style>.wp-block-kadence-advancedheading.kt-adv-heading1969_36ba51-f4, .wp-block-kadence-advancedheading.kt-adv-heading1969_36ba51-f4[data-kb-block=\"kb-adv-heading1969_36ba51-f4\"]{font-style:normal;}.wp-block-kadence-advancedheading.kt-adv-heading1969_36ba51-f4 mark.kt-highlight, .wp-block-kadence-advancedheading.kt-adv-heading1969_36ba51-f4[data-kb-block=\"kb-adv-heading1969_36ba51-f4\"] mark.kt-highlight{font-style:normal;color:#f76a0c;-webkit-box-decoration-break:clone;box-decoration-break:clone;padding-top:0px;padding-right:0px;padding-bottom:0px;padding-left:0px;}.wp-block-kadence-advancedheading.kt-adv-heading1969_36ba51-f4 img.kb-inline-image, .wp-block-kadence-advancedheading.kt-adv-heading1969_36ba51-f4[data-kb-block=\"kb-adv-heading1969_36ba51-f4\"] img.kb-inline-image{width:150px;vertical-align:baseline;}<\/style>\n<h2 class=\"kt-adv-heading1969_36ba51-f4 wp-block-kadence-advancedheading\" data-kb-block=\"kb-adv-heading1969_36ba51-f4\">\u0141\u0105cznik regionalny<\/h2>\n\n\n\n<p>Centrum Pracy \u0142\u0105czy szko\u0142y, gminy, UWV i trener\u00f3w, aby wsp\u00f3lnie pracowa\u0107 nad niedoborem personelu w edukacji. Wsp\u00f3\u0142praca z Regionem Edukacji Hollands Noorden zapewnia regionalny zasi\u0119g rekrutacji, sta\u017cu i nadzoru kadry nauczycielskiej.<\/p>\n\n\n<style>.wp-block-kadence-advancedheading.kt-adv-heading1969_d6575d-1d, .wp-block-kadence-advancedheading.kt-adv-heading1969_d6575d-1d[data-kb-block=\"kb-adv-heading1969_d6575d-1d\"]{font-style:normal;}.wp-block-kadence-advancedheading.kt-adv-heading1969_d6575d-1d mark.kt-highlight, .wp-block-kadence-advancedheading.kt-adv-heading1969_d6575d-1d[data-kb-block=\"kb-adv-heading1969_d6575d-1d\"] mark.kt-highlight{font-style:normal;color:#f76a0c;-webkit-box-decoration-break:clone;box-decoration-break:clone;padding-top:0px;padding-right:0px;padding-bottom:0px;padding-left:0px;}.wp-block-kadence-advancedheading.kt-adv-heading1969_d6575d-1d img.kb-inline-image, .wp-block-kadence-advancedheading.kt-adv-heading1969_d6575d-1d[data-kb-block=\"kb-adv-heading1969_d6575d-1d\"] img.kb-inline-image{width:150px;vertical-align:baseline;}<\/style>\n<h2 class=\"kt-adv-heading1969_d6575d-1d wp-block-kadence-advancedheading\" data-kb-block=\"kb-adv-heading1969_d6575d-1d\">Szkolenie wst\u0119pne, zaopatrzenie i przygotowanie os\u00f3b wchodz\u0105cych z boku<\/h2>\n\n\n\n<p>Docieramy do kandydat\u00f3w spoza sieci edukacyjnej, zapewniamy wst\u0119pn\u0105 weryfikacj\u0119 i zapewniamy ciep\u0142y transfer do szk\u00f3\u0142 z w\u0142asnymi bocznymi \u015bcie\u017ckami dost\u0119pu  <\/p>\n<\/div><\/div>\n\n<\/div><\/div>","protected":false},"excerpt":{"rendered":"<p>Rekrutacja i dopasowanie Znajdujemy zmotywowanych kandydat\u00f3w (na stanowiska sta\u0142e, tymczasowe, boczne i personel pomocniczy), kt\u00f3rzy pasuj\u0105 do Twojej szko\u0142y i\/lub zarz\u0105du. \u0141\u0105cznik regionalny Centrum Pracy \u0142\u0105czy szko\u0142y, gminy, UWV i trener\u00f3w, aby wsp\u00f3lnie pracowa\u0107 nad niedoborem personelu w edukacji. Wsp\u00f3\u0142praca z Regionem Edukacji Hollands Noorden zapewnia regionalny zasi\u0119g rekrutacji, sta\u017cu i nadzoru kadry nauczycielskiej. Szkolenie&#8230;<\/p>\n","protected":false},"author":1,"featured_media":0,"parent":0,"menu_order":0,"comment_status":"closed","ping_status":"closed","template":"","meta":{"_acf_changed":false,"_kad_blocks_custom_css":"","_kad_blocks_head_custom_js":"","_kad_blocks_body_custom_js":"","_kad_blocks_footer_custom_js":"","_kad_post_transparent":"","_kad_post_title":"","_kad_post_layout":"","_kad_post_sidebar_id":"","_kad_post_content_style":"","_kad_post_vertical_padding":"","_kad_post_feature":"","_kad_post_feature_position":"","_kad_post_header":false,"_kad_post_footer":false,"_kad_post_classname":"","footnotes":""},"class_list":["post-2051","page","type-page","status-publish","hentry"],"acf":[],"taxonomy_info":[],"featured_image_src_large":false,"author_info":{"display_name":"wijzijnmeo","author_link":"https:\/\/werkcentrumzaanstreekwaterland.nl\/pl\/author\/f74aa694a0e3b226\/"},"comment_info":0,"_links":{"self":[{"href":"https:\/\/werkcentrumzaanstreekwaterland.nl\/pl\/wp-json\/wp\/v2\/pages\/2051","targetHints":{"allow":["GET"]}}],"collection":[{"href":"https:\/\/werkcentrumzaanstreekwaterland.nl\/pl\/wp-json\/wp\/v2\/pages"}],"about":[{"href":"https:\/\/werkcentrumzaanstreekwaterland.nl\/pl\/wp-json\/wp\/v2\/types\/page"}],"author":[{"embeddable":true,"href":"https:\/\/werkcentrumzaanstreekwaterland.nl\/pl\/wp-json\/wp\/v2\/users\/1"}],"replies":[{"embeddable":true,"href":"https:\/\/werkcentrumzaanstreekwaterland.nl\/pl\/wp-json\/wp\/v2\/comments?post=2051"}],"version-history":[{"count":1,"href":"https:\/\/werkcentrumzaanstreekwaterland.nl\/pl\/wp-json\/wp\/v2\/pages\/2051\/revisions"}],"predecessor-version":[{"id":2056,"href":"https:\/\/werkcentrumzaanstreekwaterland.nl\/pl\/wp-json\/wp\/v2\/pages\/2051\/revisions\/2056"}],"wp:attachment":[{"href":"https:\/\/werkcentrumzaanstreekwaterland.nl\/pl\/wp-json\/wp\/v2\/media?parent=2051"}],"curies":[{"name":"wp","href":"https:\/\/api.w.org\/{rel}","templated":true}]}}